{"id":244269,"date":"2023-03-21T21:21:37","date_gmt":"2023-03-21T20:21:37","guid":{"rendered":"https:\/\/www.moskito.cz\/produkt\/zatvaraci-noz-crkt-delilahs-p-e-c-k-5520\/"},"modified":"2025-05-07T10:48:24","modified_gmt":"2025-05-07T09:48:24","slug":"zatvaraci-noz-crkt-delilahs-p-e-c-k-5520","status":"publish","type":"product","link":"https:\/\/www.moskito.cz\/sk\/produkt\/zatvaraci-noz-crkt-delilahs-p-e-c-k-5520\/","title":{"rendered":"Zatv\u00e1rac\u00ed N\u00f4\u017e CRKT DELILAH&#8217;S PECK 5520"},"content":{"rendered":"<p>Zatv\u00e1rac\u00ed N\u00f4\u017e <strong>CRKT<\/strong> DELILAH&#8217;S PECK 5520<\/p>\n<p>Delilah&#8217;s PECK\u2122 (\u010di\u017ee Precision Engineered Compact Knife) je Edovo die\u0165a, v\u00e1\u017ei menej ako 1 oz. a iba 2,625 palca v zatvorenom stave. Len si to predstavte ako mal\u00fd KISS\u00ae Ke\u010f je otvoren\u00e1, elegantn\u00e1 1,75&#8243; \u010depe\u013e Razor-Sharp Wharncliffe je vysoko v\u00fdkonn\u00fd rezn\u00fd n\u00e1stroj vhodn\u00fd pre stovky ka\u017edodenn\u00fdch \u00faloh.<br \/>\nPECK\u2122 \u2013 presnos\u0165. Upraven\u00fd. Kompaktn\u00fd. N\u00f4\u017e.<br \/>\nMenej je viac: Inovat\u00edvny dvojdielny dizajn: \u010cepe\u013e a r\u00e1m<br \/>\nMinimalizuje odrazivos\u0165: Povrchov\u00e1 \u00faprava perli\u010dkov\u00fdm tryskan\u00edm zni\u017euje odraz<\/p>\n<p>\u0160PECIFIK\u00c1CIA<br \/>\nD\u013a\u017eka \u010depele 4.3 cm<br \/>\nBlade Edge Plain<br \/>\n\u010cepe\u013e z ocele 3Cr13<br \/>\nBlade Finish Bead Blast<br \/>\nHr\u00fabka \u010depele 0.22 cm<br \/>\nCelkov\u00e1 d\u013a\u017eka 10.95 cm<br \/>\nD\u013a\u017eka v zatvorenom stave 6.74 cm<br \/>\nHmotnos\u0165 0,90 oz. (25,51 g)<br \/>\nRukov\u00e4\u0165 z nerezovej ocele<br \/>\n\u0160t\u00fdlov\u00fd skladac\u00ed n\u00f4\u017e so z\u00e1mkom r\u00e1mu<\/p>\n","protected":false},"excerpt":{"rendered":"<p><strong>Navrhol Ed Halligan v Ocean Springs, Mississippi<\/strong><\/p>\n","protected":false},"featured_media":244243,"comment_status":"open","ping_status":"closed","template":"","meta":[],"pwb-brand":[3249],"product_brand":[],"product_cat":[3233,3186],"product_tag":[3668],"class_list":{"0":"post-244269","1":"product","2":"type-product","3":"status-publish","4":"has-post-thumbnail","6":"pwb-brand-zatvaraci-noz-crkt-delilahs-p-e-c-k-5520","7":"product_cat-zatvaracie-noze","8":"product_cat-noze-sk","9":"product_tag-b2b-sk","11":"first","12":"outofstock","13":"sale","14":"taxable","15":"shipping-taxable","16":"purchasable","17":"product-type-simple"},"brands":[{"id":3249,"name":"Zatv\u00e1rac\u00ed N\u00f4\u017e CRKT DELILAH'S P.E.C.K. 5520","slug":"zatvaraci-noz-crkt-delilahs-p-e-c-k-5520"}],"_links":{"self":[{"href":"https:\/\/www.moskito.cz\/sk\/wp-json\/wp\/v2\/product\/244269","targetHints":{"allow":["GET"]}}],"collection":[{"href":"https:\/\/www.moskito.cz\/sk\/wp-json\/wp\/v2\/product"}],"about":[{"href":"https:\/\/www.moskito.cz\/sk\/wp-json\/wp\/v2\/types\/product"}],"replies":[{"embeddable":true,"href":"https:\/\/www.moskito.cz\/sk\/wp-json\/wp\/v2\/comments?post=244269"}],"wp:featuredmedia":[{"embeddable":true,"href":"https:\/\/www.moskito.cz\/sk\/wp-json\/wp\/v2\/media\/244243"}],"wp:attachment":[{"href":"https:\/\/www.moskito.cz\/sk\/wp-json\/wp\/v2\/media?parent=244269"}],"wp:term":[{"taxonomy":"pwb-brand","embeddable":true,"href":"https:\/\/www.moskito.cz\/sk\/wp-json\/wp\/v2\/pwb-brand?post=244269"},{"taxonomy":"product_brand","embeddable":true,"href":"https:\/\/www.moskito.cz\/sk\/wp-json\/wp\/v2\/product_brand?post=244269"},{"taxonomy":"product_cat","embeddable":true,"href":"https:\/\/www.moskito.cz\/sk\/wp-json\/wp\/v2\/product_cat?post=244269"},{"taxonomy":"product_tag","embeddable":true,"href":"https:\/\/www.moskito.cz\/sk\/wp-json\/wp\/v2\/product_tag?post=244269"}],"curies":[{"name":"wp","href":"https:\/\/api.w.org\/{rel}","templated":true}]}}