{"id":244334,"date":"2023-03-21T22:21:27","date_gmt":"2023-03-21T21:21:27","guid":{"rendered":"https:\/\/www.moskito.cz\/produkt\/zatvaraci-noz-crkt-m21-14g\/"},"modified":"2025-05-07T10:48:24","modified_gmt":"2025-05-07T09:48:24","slug":"zatvaraci-noz-crkt-m21-14g","status":"publish","type":"product","link":"https:\/\/www.moskito.cz\/sk\/produkt\/zatvaraci-noz-crkt-m21-14g\/","title":{"rendered":"Zatv\u00e1rac\u00ed N\u00f4\u017e CRKT M21-14G"},"content":{"rendered":"<p>Zatv\u00e1rac\u00ed N\u00f4\u017e <strong>CRKT<\/strong> M21-14G<\/p>\n<p><strong>Pr\u00e1ca vpredu. V\u0161etok komfort vzadu.<\/strong><\/p>\n<p>S\u00e9ria M21\u2122 G10 pon\u00faka neprekonate\u013en\u00fd rezn\u00fd v\u00fdkon s \u010depe\u013eami s hlbok\u00fdm bruchom vpredu a \u013eahk\u00fdmi, izola\u010dn\u00fdmi, odoln\u00fdmi rukov\u00e4\u0165ami G10 vzadu. Uprostred ste vy, \u0161\u0165astn\u00ed a pripraven\u00ed prevzia\u0165 \u00falohy.<\/p>\n<p>Legend\u00e1rny z\u00e1kazkov\u00fd v\u00fdrobca no\u017eov Kit Carson navrhol rad M21\u2122. Jeho no\u017ee s\u00fa dlhoro\u010dn\u00fdm z\u00e1kladom vojensk\u00fdch s\u00edl po celom svete a Kit chcel vytvori\u0165 pr\u00e9miov\u00fd n\u00f4\u017e, ktor\u00fd by bol v\u0161etk\u00fdm, \u010do by ste mohli po\u017eadova\u0165 od vysoko kvalitnej pracovnej \u010depele, ale za skvel\u00fa cenu. Podarilo sa mu to s radom odoln\u00fdch no\u017eov, ktor\u00e9 s\u00fa dostato\u010dne odoln\u00e9 na to, \u010do v\u00e1m \u017eivot postav\u00ed do cesty.<br \/>\nBezpe\u010dn\u00e9 a bezpe\u010dn\u00e9: Automatick\u00e1 bezpe\u010dnos\u0165 vlo\u017eky poskytuje \u010fal\u0161iu vrstvu zabezpe\u010denia z\u00e1mku<br \/>\nR\u00fdchle otv\u00e1ranie: Plutva r\u00fdchlo vysunie \u010depe\u013e<br \/>\nExtr\u00e9mne ostr\u00e9: Veff Serrations\u2122 poskytuj\u00fa vynikaj\u00faci rezn\u00fd v\u00fdkon lana a popruhov<\/p>\n<p>\u0160PECIFIK\u00c1CIA<br \/>\nD\u013a\u017eka \u010depele 10.10 cm<br \/>\nBlade Edge Veff Serrations\u2122<br \/>\n\u010cepe\u013e oce\u013e 1.4116<br \/>\nPovrchov\u00e1 \u00faprava \u010depele Antikor\u00f3zny n\u00e1ter<br \/>\nHr\u00fabka \u010depele 0.35 cm<br \/>\nCelkov\u00e1 d\u013a\u017eka 23.65 cm<br \/>\nD\u013a\u017eka v zatvorenom stave 13.55 cm<br \/>\nHmotnos\u0165 181,44 g<br \/>\nRukov\u00e4\u0165 G10<br \/>\n\u0160t\u00fdlov\u00fd skladac\u00ed n\u00f4\u017e so z\u00e1mkom Liner<\/p>\n<p>&nbsp;<\/p>\n","protected":false},"excerpt":{"rendered":"<p><strong>Navrhol Kit Carson vo Vine Grove, Kentucky<\/strong><\/p>\n","protected":false},"featured_media":244308,"comment_status":"open","ping_status":"closed","template":"","meta":[],"pwb-brand":[3249],"product_brand":[],"product_cat":[3233,3186],"product_tag":[3668],"class_list":{"0":"post-244334","1":"product","2":"type-product","3":"status-publish","4":"has-post-thumbnail","6":"pwb-brand-zatvaraci-noz-crkt-delilahs-p-e-c-k-5520","7":"product_cat-zatvaracie-noze","8":"product_cat-noze-sk","9":"product_tag-b2b-sk","11":"first","12":"instock","13":"taxable","14":"shipping-taxable","15":"purchasable","16":"product-type-simple"},"brands":[{"id":3249,"name":"Zatv\u00e1rac\u00ed N\u00f4\u017e CRKT DELILAH'S P.E.C.K. 5520","slug":"zatvaraci-noz-crkt-delilahs-p-e-c-k-5520"}],"_links":{"self":[{"href":"https:\/\/www.moskito.cz\/sk\/wp-json\/wp\/v2\/product\/244334","targetHints":{"allow":["GET"]}}],"collection":[{"href":"https:\/\/www.moskito.cz\/sk\/wp-json\/wp\/v2\/product"}],"about":[{"href":"https:\/\/www.moskito.cz\/sk\/wp-json\/wp\/v2\/types\/product"}],"replies":[{"embeddable":true,"href":"https:\/\/www.moskito.cz\/sk\/wp-json\/wp\/v2\/comments?post=244334"}],"wp:featuredmedia":[{"embeddable":true,"href":"https:\/\/www.moskito.cz\/sk\/wp-json\/wp\/v2\/media\/244308"}],"wp:attachment":[{"href":"https:\/\/www.moskito.cz\/sk\/wp-json\/wp\/v2\/media?parent=244334"}],"wp:term":[{"taxonomy":"pwb-brand","embeddable":true,"href":"https:\/\/www.moskito.cz\/sk\/wp-json\/wp\/v2\/pwb-brand?post=244334"},{"taxonomy":"product_brand","embeddable":true,"href":"https:\/\/www.moskito.cz\/sk\/wp-json\/wp\/v2\/product_brand?post=244334"},{"taxonomy":"product_cat","embeddable":true,"href":"https:\/\/www.moskito.cz\/sk\/wp-json\/wp\/v2\/product_cat?post=244334"},{"taxonomy":"product_tag","embeddable":true,"href":"https:\/\/www.moskito.cz\/sk\/wp-json\/wp\/v2\/product_tag?post=244334"}],"curies":[{"name":"wp","href":"https:\/\/api.w.org\/{rel}","templated":true}]}}