{"id":244400,"date":"2023-03-21T22:48:46","date_gmt":"2023-03-21T21:48:46","guid":{"rendered":"https:\/\/www.moskito.cz\/produkt\/zatvaraci-noz-crkt-m16-04ks\/"},"modified":"2025-05-07T10:48:25","modified_gmt":"2025-05-07T09:48:25","slug":"zatvaraci-noz-crkt-m16-04ks","status":"publish","type":"product","link":"https:\/\/www.moskito.cz\/sk\/produkt\/zatvaraci-noz-crkt-m16-04ks\/","title":{"rendered":"Zatv\u00e1rac\u00ed N\u00f4\u017e CRKT M16-04KS"},"content":{"rendered":"<div class=\"flex-1 overflow-hidden @container\/thread\">\n<div class=\"h-full\">\n<div class=\"react-scroll-to-bottom--css-vxybp-79elbk h-full\">\n<div class=\"react-scroll-to-bottom--css-vxybp-1n7m0yu\">\n<div class=\"flex flex-col text-sm md:pb-9\">\n<article class=\"w-full scroll-mb-[var(--thread-trailing-height,150px)] text-token-text-primary focus-visible:outline-2 focus-visible:outline-offset-[-4px]\" dir=\"auto\" data-testid=\"conversation-turn-63\" data-scroll-anchor=\"true\">\n<div class=\"m-auto text-base py-[18px] px-3 md:px-4 w-full md:px-5 lg:px-4 xl:px-5\">\n<div class=\"mx-auto flex flex-1 gap-4 text-base md:gap-5 lg:gap-6 md:max-w-3xl\">\n<div class=\"group\/conversation-turn relative flex w-full min-w-0 flex-col agent-turn\">\n<div class=\"flex-col gap-1 md:gap-3\">\n<div class=\"flex max-w-full flex-col flex-grow\">\n<div class=\"min-h-8 text-message flex w-full flex-col items-end gap-2 whitespace-normal break-words text-start [.text-message+&amp;]:mt-5\" dir=\"auto\" data-message-author-role=\"assistant\" data-message-id=\"e5f97c11-8b64-4c68-9f5e-c7f3a88d149f\" data-message-model-slug=\"gpt-4o-mini\">\n<div class=\"flex w-full flex-col gap-1 empty:hidden first:pt-[3px]\">\n<div class=\"markdown prose w-full break-words dark:prose-invert light\">\n<p><strong>Zatv\u00e1rac\u00ed N\u00f4\u017e CRKT M16-04KS<\/strong><\/p>\n<p><strong>M16\u00ae<\/strong> je bezpochyby jedn\u00fdm z najpopul\u00e1rnej\u0161\u00edch a najzn\u00e1mej\u0161\u00edch radov no\u017eov zna\u010dky <strong>CRKT<\/strong> . Tento model, <strong>M16-04KS<\/strong> , je poctou sl\u00e1vnemu n\u00e1vrh\u00e1rovi <strong>Kit Carsonovi<\/strong> , ktor\u00fd vytvoril dizajn in\u0161pirovan\u00fd <strong>taktick\u00fdmi<\/strong> no\u017emi pre ka\u017edodenn\u00e9 nosenie (EDC). Tento n\u00f4\u017e prin\u00e1\u0161a modern\u00e9 po\u0148atie jeho legend\u00e1rneho dizajnu, ktor\u00fd je rovnako funk\u010dn\u00fd ako vizu\u00e1lne pr\u00ed\u0165a\u017eliv\u00fd.  <\/p>\n<h3><strong>\u0160pecifik\u00e1cia:<\/strong><\/h3>\n<ul>\n<li><strong>D\u013a\u017eka \u010depele<\/strong> : 9.83 cm<\/li>\n<li><strong>Blade Edge<\/strong> : <strong>Plain<\/strong> (klasick\u00e9, rovn\u00e9 ostrie)<\/li>\n<li><strong>Materi\u00e1l \u010depele<\/strong> : <strong>Sandvik Steel 12C27<\/strong> (zn\u00e1my pre svoju odolnos\u0165 a schopnos\u0165 udr\u017ea\u0165 ostrie)<\/li>\n<li><strong>Povrchov\u00e1 \u00faprava \u010depele<\/strong> : <strong>Oxid<\/strong> (pre ochranu proti kor\u00f3zii a zlep\u0161enie vzh\u013eadu)<\/li>\n<li><strong>Hr\u00fabka \u010depele<\/strong> : 0.34 cm<\/li>\n<li><strong>Celkov\u00e1 d\u013a\u017eka<\/strong> : 23.65 cm<\/li>\n<li><strong>D\u013a\u017eka v zatvorenom stave<\/strong> : 13.55 cm<\/li>\n<li><strong>Hmotnos\u0165<\/strong> : 175,77 g<\/li>\n<li><strong>Rukov\u00e4\u0165<\/strong> : <strong>Nerezov\u00e1 oce\u013e<\/strong> (pre vynikaj\u00facu pevnos\u0165 a odolnos\u0165)<\/li>\n<li><strong>Z\u00e1mok<\/strong> : <strong>R\u00e1mov\u00fd z\u00e1mok<\/strong> (zaru\u010duje pevn\u00e9 uzamknutie \u010depele)<\/li>\n<\/ul>\n<h3><strong>Hlavn\u00e9 vlastnosti:<\/strong><\/h3>\n<ol>\n<li><strong>R\u00fdchle otv\u00e1ranie:<\/strong>\n<ul>\n<li>Tento model vyu\u017e\u00edva <strong>flipper<\/strong> (plutva), ktor\u00e1 umo\u017e\u0148uje r\u00fdchle a plynul\u00e9 vysunutie \u010depele jedin\u00fdm pohybom. Otv\u00e1ranie je ve\u013emi efekt\u00edvne a jednoduch\u00e9, \u010do rob\u00ed n\u00f4\u017e ide\u00e1lnym pre <strong>ka\u017edodenn\u00e9 pou\u017eitie<\/strong> a r\u00fdchly pr\u00edstup. <\/li>\n<\/ul>\n<\/li>\n<li><strong>Siln\u00e1 r\u00e1mov\u00e1 kon\u0161trukcia:<\/strong>\n<ul>\n<li><strong>R\u00e1mov\u00fd z\u00e1mok<\/strong> je zn\u00e1my svojou spo\u013eahlivos\u0165ou a pevnos\u0165ou. <strong>Siln\u00e1 z\u00e1vora<\/strong> zais\u0165uje bezpe\u010dn\u00e9 a stabiln\u00e9 uzamknutie \u010depele po\u010das pou\u017e\u00edvania. Tento z\u00e1mok poskytuje <strong>maxim\u00e1lnu bezpe\u010dnos\u0165<\/strong> a <strong>odolnos\u0165<\/strong> pri intenz\u00edvnom pou\u017eit\u00ed. <\/li>\n<\/ul>\n<\/li>\n<li><strong>Vysoko odoln\u00e1 rukov\u00e4\u0165 z nerezovej ocele:<\/strong>\n<ul>\n<li><strong>Nerezov\u00e1 oce\u013e<\/strong> je ve\u013emi odoln\u00e1 a pevn\u00e1, \u010do zais\u0165uje dlh\u00fa \u017eivotnos\u0165 no\u017ea a <strong>odolnos\u0165 proti n\u00e1razom<\/strong> a opotrebovaniu. T\u00e1to rukov\u00e4\u0165 vydr\u017e\u00ed aj n\u00e1ro\u010dn\u00e9 podmienky, \u010do z nej rob\u00ed ide\u00e1lnu vo\u013ebu pre n\u00e1ro\u010dn\u00e9 aplik\u00e1cie. <\/li>\n<\/ul>\n<\/li>\n<li><strong>Povrchov\u00e1 \u00faprava \u010depele Oxid:<\/strong>\n<ul>\n<li>Povrchov\u00e1 \u00faprava <strong>oxid<\/strong> na \u010depele zvy\u0161uje jej <strong>odolnos\u0165 proti kor\u00f3zii<\/strong> a z\u00e1rove\u0148 prid\u00e1va matn\u00fd vzh\u013ead. To rob\u00ed n\u00f4\u017e vhodn\u00fdm pre <strong>extern\u00e9 podmienky<\/strong> , ako je vlhk\u00e9 alebo zne\u010disten\u00e9 prostredie. <\/li>\n<\/ul>\n<\/li>\n<li><strong>Kompaktn\u00fd a efekt\u00edvny dizajn:<\/strong>\n<ul>\n<li>Aj napriek svojej robustnosti je n\u00f4\u017e <strong>kompaktn\u00fd<\/strong> a dobre <strong>vyv\u00e1\u017een\u00fd<\/strong> , \u010do umo\u017e\u0148uje pohodln\u00e9 ka\u017edodenn\u00e9 nosenie. Je dostato\u010dne ve\u013ek\u00fd pre \u0165a\u017e\u0161ie \u00falohy, ale st\u00e1le dos\u0165 mal\u00fd na to, aby bol praktick\u00fd na nosenie vo vrecku alebo batohu. <\/li>\n<\/ul>\n<\/li>\n<\/ol>\n<h3><strong>V\u00fdhody:<\/strong><\/h3>\n<ul>\n<li><strong>R\u00fdchle a plynul\u00e9 otv\u00e1ranie<\/strong> pomocou plutvy.<\/li>\n<li><strong>R\u00e1mov\u00fd z\u00e1mok<\/strong> poskytuje siln\u00fa a bezpe\u010dn\u00fa poistku \u010depele.<\/li>\n<li><strong>Nerezov\u00e1 oce\u013eov\u00e1 rukov\u00e4\u0165<\/strong> zais\u0165uje pevnos\u0165 a dlh\u00fa \u017eivotnos\u0165.<\/li>\n<li><strong>Oxidov\u00e1 povrchov\u00e1 \u00faprava<\/strong> \u010depele zlep\u0161uje odolnos\u0165 proti kor\u00f3zii.<\/li>\n<li>Ide\u00e1lne pre <strong>ka\u017edodenn\u00e9 nosenie (EDC)<\/strong> , kempovanie, outdoorov\u00e9 aktivity a taktick\u00fa pr\u00e1cu.<\/li>\n<\/ul>\n<h3><strong>Z\u00e1ver:<\/strong><\/h3>\n<p><strong>CRKT M16-04KS<\/strong> je vynikaj\u00facou vo\u013ebou pre ka\u017edodenn\u00e9 nosenie (EDC) aj n\u00e1ro\u010dnej\u0161ie \u00falohy, ktor\u00e9 vy\u017eaduj\u00fa <strong>r\u00fdchly pr\u00edstup<\/strong> a <strong>vysok\u00fa odolnos\u0165<\/strong> . S jeho <strong>siln\u00fdm r\u00e1mov\u00fdm z\u00e1mkom<\/strong> , <strong>odolnou nerezovou oce\u013eovou rukov\u00e4\u0165ou<\/strong> , a kvalitn\u00e9 <strong>Sandvik oce\u013eovou \u010depe\u013eou<\/strong> je to spo\u013eahliv\u00fd n\u00e1stroj pre \u0161irok\u00fa \u0161k\u00e1lu pou\u017eitia. Tento n\u00f4\u017e je nielen ve\u013emi funk\u010dn\u00fd, ale aj vizu\u00e1lne atrakt\u00edvny, \u010do ho rob\u00ed skvelou vo\u013ebou pre ka\u017ed\u00e9ho, kto h\u013ead\u00e1 kvalitn\u00fd a \u0161t\u00fdlov\u00fd EDC n\u00f4\u017e.  <\/p>\n<\/div>\n<\/div>\n<\/div>\n<\/div>\n<div class=\"mb-2 flex gap-3 empty:hidden -ml-2\">\n<div class=\"items-center justify-start rounded-xl p-1 flex\">\n<div class=\"flex items-center\"><\/div>\n<\/div>\n<\/div>\n<div class=\"pr-2 lg:pr-0\"><\/div>\n<div class=\"mt-3 w-full empty:hidden\">\n<div class=\"text-center\"><\/div>\n<\/div>\n<\/div>\n<div class=\"absolute\">\n<div class=\"flex items-center justify-center\"><\/div>\n<\/div>\n<\/div>\n<\/div>\n<\/div>\n<\/article>\n<\/div>\n<\/div>\n<\/div>\n<\/div>\n<\/div>\n<div class=\"md:pt-0 dark:border-white\/20 md:border-transparent md:dark:border-transparent w-full\">\n<div>\n<div class=\"m-auto text-base px-3 md:px-4 w-full md:px-5 lg:px-4 xl:px-5\">\n<div class=\"mx-auto flex flex-1 gap-4 text-base md:gap-5 lg:gap-6 md:max-w-3xl\">\n<div class=\"flex justify-center\"><\/div>\n<\/div>\n<\/div>\n<\/div>\n<\/div>\n","protected":false},"excerpt":{"rendered":"<p><strong>CRKT M16-04KS je vynikaj\u00facou vo\u013ebou pre ka\u017edodenn\u00e9 nosenie (EDC) i n\u00e1ro\u010dnej\u0161ie \u00falohy, ktor\u00e9 vy\u017eaduj\u00fa r\u00fdchly pr\u00edstup a vysok\u00fa odolnos\u0165. ka\u017ed\u00e9ho, kto h\u013ead\u00e1 kvalitn\u00e9 a \u0161t\u00fdlov\u00fd EDC n\u00f4\u017e.  <\/strong><\/p>\n","protected":false},"featured_media":244339,"comment_status":"open","ping_status":"closed","template":"","meta":[],"pwb-brand":[3249],"product_brand":[],"product_cat":[3233,3186],"product_tag":[3668],"class_list":{"0":"post-244400","1":"product","2":"type-product","3":"status-publish","4":"has-post-thumbnail","6":"pwb-brand-zatvaraci-noz-crkt-delilahs-p-e-c-k-5520","7":"product_cat-zatvaracie-noze","8":"product_cat-noze-sk","9":"product_tag-b2b-sk","11":"first","12":"instock","13":"taxable","14":"shipping-taxable","15":"purchasable","16":"product-type-simple"},"brands":[{"id":3249,"name":"Zatv\u00e1rac\u00ed N\u00f4\u017e CRKT DELILAH'S P.E.C.K. 5520","slug":"zatvaraci-noz-crkt-delilahs-p-e-c-k-5520"}],"_links":{"self":[{"href":"https:\/\/www.moskito.cz\/sk\/wp-json\/wp\/v2\/product\/244400","targetHints":{"allow":["GET"]}}],"collection":[{"href":"https:\/\/www.moskito.cz\/sk\/wp-json\/wp\/v2\/product"}],"about":[{"href":"https:\/\/www.moskito.cz\/sk\/wp-json\/wp\/v2\/types\/product"}],"replies":[{"embeddable":true,"href":"https:\/\/www.moskito.cz\/sk\/wp-json\/wp\/v2\/comments?post=244400"}],"wp:featuredmedia":[{"embeddable":true,"href":"https:\/\/www.moskito.cz\/sk\/wp-json\/wp\/v2\/media\/244339"}],"wp:attachment":[{"href":"https:\/\/www.moskito.cz\/sk\/wp-json\/wp\/v2\/media?parent=244400"}],"wp:term":[{"taxonomy":"pwb-brand","embeddable":true,"href":"https:\/\/www.moskito.cz\/sk\/wp-json\/wp\/v2\/pwb-brand?post=244400"},{"taxonomy":"product_brand","embeddable":true,"href":"https:\/\/www.moskito.cz\/sk\/wp-json\/wp\/v2\/product_brand?post=244400"},{"taxonomy":"product_cat","embeddable":true,"href":"https:\/\/www.moskito.cz\/sk\/wp-json\/wp\/v2\/product_cat?post=244400"},{"taxonomy":"product_tag","embeddable":true,"href":"https:\/\/www.moskito.cz\/sk\/wp-json\/wp\/v2\/product_tag?post=244400"}],"curies":[{"name":"wp","href":"https:\/\/api.w.org\/{rel}","templated":true}]}}