{"id":244490,"date":"2023-03-22T19:15:32","date_gmt":"2023-03-22T18:15:32","guid":{"rendered":"https:\/\/www.moskito.cz\/produkt\/zatvaraci-noz-crkt-compano-sheepsfoot-9083\/"},"modified":"2025-05-07T10:48:27","modified_gmt":"2025-05-07T09:48:27","slug":"zatvaraci-noz-crkt-compano-sheepsfoot-9083","status":"publish","type":"product","link":"https:\/\/www.moskito.cz\/sk\/produkt\/zatvaraci-noz-crkt-compano-sheepsfoot-9083\/","title":{"rendered":"Zatv\u00e1rac\u00ed N\u00f4\u017e CRKT COMPANO SHEEPSFOOT 9083"},"content":{"rendered":"<p>Zatv\u00e1rac\u00ed N\u00f4\u017e CRKT COMPANO SHEEPSFOOT 9083<\/p>\n<p>T\u00e1to verzia Compano\u2122 vyu\u017e\u00edva karab\u00ednu ve\u013ekosti pr\u00edvesku na k\u013e\u00fa\u010de a sp\u00e1ruje ju s \u010depe\u013eou ov\u010dej nohy, \u010d\u00edm prin\u00e1\u0161a presnos\u0165 a kontrolu ultrakompaktn\u00e9mu zatv\u00e1raciemu no\u017eu.<br \/>\nJednoduch\u00e9 ostrenie: \u010cepe\u013e z vysoko uhl\u00edkovej nerezovej ocele dobre zaber\u00e1 ostrie<br \/>\nU\u017eito\u010dn\u00e1 u\u017eito\u010dnos\u0165: Tvar \u010depele Sheepfoot poskytuje u\u017eito\u010dnos\u0165 pri rezan\u00ed<br \/>\nClassic Lock: Klzn\u00fd k\u013ab zais\u0165uje n\u00f4\u017e v otvorenej a zatvorenej polohe<br \/>\nPohodln\u00e9 pou\u017eitie: Karab\u00edna pre r\u00fdchle upevnenie<br \/>\nVizu\u00e1lna pr\u00ed\u0165a\u017elivos\u0165: \u010cierna kamenn\u00e1 rukov\u00e4\u0165 s modr\u00fdmi akcentmi<\/p>\n<p>\u0160PECIFIK\u00c1CIA<br \/>\nD\u013a\u017eka \u010depele 3.64 cm<br \/>\nBlade Edge Plain<br \/>\n\u010cepe\u013e z ocele 8Cr13MoV<br \/>\nPovrchov\u00e1 \u00faprava \u010depele sat\u00e9n<br \/>\nHr\u00fabka \u010depele 0.3,6 cm<br \/>\nCelkov\u00e1 d\u013a\u017eka 11.90 cm<br \/>\nZatvoren\u00e1 d\u013a\u017eka 8.26 cm<br \/>\nHmotnos\u0165 62,37 g<br \/>\nRukov\u00e4\u0165 z nerezovej ocele<br \/>\n\u0160t\u00fdlov\u00fd skladac\u00ed n\u00f4\u017e s proti\u0161mykov\u00fdm k\u013abom<\/p>\n","protected":false},"excerpt":{"rendered":"<p>Navrhol Mike Bond v Honolule na Havaji<\/p>\n","protected":false},"featured_media":244469,"comment_status":"open","ping_status":"closed","template":"","meta":[],"pwb-brand":[3249],"product_brand":[],"product_cat":[3233,3186],"product_tag":[3668],"class_list":{"0":"post-244490","1":"product","2":"type-product","3":"status-publish","4":"has-post-thumbnail","6":"pwb-brand-zatvaraci-noz-crkt-delilahs-p-e-c-k-5520","7":"product_cat-zatvaracie-noze","8":"product_cat-noze-sk","9":"product_tag-b2b-sk","11":"first","12":"outofstock","13":"sale","14":"taxable","15":"shipping-taxable","16":"purchasable","17":"product-type-simple"},"brands":[{"id":3249,"name":"Zatv\u00e1rac\u00ed N\u00f4\u017e CRKT DELILAH'S P.E.C.K. 5520","slug":"zatvaraci-noz-crkt-delilahs-p-e-c-k-5520"}],"_links":{"self":[{"href":"https:\/\/www.moskito.cz\/sk\/wp-json\/wp\/v2\/product\/244490","targetHints":{"allow":["GET"]}}],"collection":[{"href":"https:\/\/www.moskito.cz\/sk\/wp-json\/wp\/v2\/product"}],"about":[{"href":"https:\/\/www.moskito.cz\/sk\/wp-json\/wp\/v2\/types\/product"}],"replies":[{"embeddable":true,"href":"https:\/\/www.moskito.cz\/sk\/wp-json\/wp\/v2\/comments?post=244490"}],"wp:featuredmedia":[{"embeddable":true,"href":"https:\/\/www.moskito.cz\/sk\/wp-json\/wp\/v2\/media\/244469"}],"wp:attachment":[{"href":"https:\/\/www.moskito.cz\/sk\/wp-json\/wp\/v2\/media?parent=244490"}],"wp:term":[{"taxonomy":"pwb-brand","embeddable":true,"href":"https:\/\/www.moskito.cz\/sk\/wp-json\/wp\/v2\/pwb-brand?post=244490"},{"taxonomy":"product_brand","embeddable":true,"href":"https:\/\/www.moskito.cz\/sk\/wp-json\/wp\/v2\/product_brand?post=244490"},{"taxonomy":"product_cat","embeddable":true,"href":"https:\/\/www.moskito.cz\/sk\/wp-json\/wp\/v2\/product_cat?post=244490"},{"taxonomy":"product_tag","embeddable":true,"href":"https:\/\/www.moskito.cz\/sk\/wp-json\/wp\/v2\/product_tag?post=244490"}],"curies":[{"name":"wp","href":"https:\/\/api.w.org\/{rel}","templated":true}]}}