{"id":244557,"date":"2023-03-22T21:04:40","date_gmt":"2023-03-22T20:04:40","guid":{"rendered":"https:\/\/www.moskito.cz\/produkt\/zatvaraci-noz-crkt-stickler-6710\/"},"modified":"2025-05-22T13:41:53","modified_gmt":"2025-05-22T12:41:53","slug":"zatvaraci-noz-crkt-stickler-6710","status":"publish","type":"product","link":"https:\/\/www.moskito.cz\/sk\/produkt\/zatvaraci-noz-crkt-stickler-6710\/","title":{"rendered":"Zatv\u00e1rac\u00ed N\u00f4\u017e CRKT STICKLER 6710"},"content":{"rendered":"<div class=\"flex-1 overflow-hidden @container\/thread\">\n<div class=\"h-full\">\n<div class=\"react-scroll-to-bottom--css-vxybp-79elbk h-full\">\n<div class=\"react-scroll-to-bottom--css-vxybp-1n7m0yu\">\n<div class=\"flex flex-col text-sm md:pb-9\">\n<article class=\"w-full scroll-mb-[var(--thread-trailing-height,150px)] text-token-text-primary focus-visible:outline-2 focus-visible:outline-offset-[-4px]\" dir=\"auto\" data-testid=\"conversation-turn-49\" data-scroll-anchor=\"true\">\n<div class=\"m-auto text-base py-[18px] px-3 md:px-4 w-full md:px-5 lg:px-4 xl:px-5\">\n<div class=\"mx-auto flex flex-1 gap-4 text-base md:gap-5 lg:gap-6 md:max-w-3xl\">\n<div class=\"group\/conversation-turn relative flex w-full min-w-0 flex-col agent-turn\">\n<div class=\"flex-col gap-1 md:gap-3\">\n<div class=\"flex max-w-full flex-col flex-grow\">\n<div class=\"min-h-8 text-message flex w-full flex-col items-end gap-2 whitespace-normal break-words text-start [.text-message+&amp;]:mt-5\" dir=\"auto\" data-message-author-role=\"assistant\" data-message-id=\"41decfb6-7ba5-4cf7-ada3-303599f06b9f\" data-message-model-slug=\"gpt-4o-mini\">\n<div class=\"flex w-full flex-col gap-1 empty:hidden first:pt-[3px]\">\n<div class=\"markdown prose w-full break-words dark:prose-invert light\">\n<p><strong>Zatv\u00e1rac\u00ed N\u00f4\u017e CRKT STICKLER 6710<\/strong><\/p>\n<p><strong>\u0160pecifik\u00e1cie a Vlastnosti:<\/strong><\/p>\n<ul>\n<li><strong>D\u013a\u017eka \u010depele<\/strong> : 8,5 cm<\/li>\n<li><strong>Materi\u00e1l \u010depele<\/strong> : Oce\u013e <strong>Sandvik 12C27\u2122<\/strong><\/li>\n<li><strong>Povrchov\u00e1 \u00faprava \u010depele<\/strong> : <strong>Sat\u00e9n<\/strong><\/li>\n<li><strong>Hr\u00fabka \u010depele<\/strong> : 0,26 cm<\/li>\n<li><strong>Celkov\u00e1 d\u013a\u017eka<\/strong> : 20,3 cm<\/li>\n<li><strong>D\u013a\u017eka v zatvorenom stave<\/strong> : 11,6 cm<\/li>\n<li><strong>Hmotnos\u0165<\/strong> : 68,04 g<\/li>\n<li><strong>Rukov\u00e4\u0165<\/strong> : <strong>Hlin\u00edk<\/strong><\/li>\n<li><strong>Z\u00e1mok<\/strong> : <strong>Liner Lock<\/strong><\/li>\n<\/ul>\n<h3>Hlavn\u00e9 Vlastnosti:<\/h3>\n<ul>\n<li><strong>Klasick\u00fd, elegantn\u00fd dizajn<\/strong> : <strong>Stickler\u2122<\/strong> je n\u00f4\u017e s gentlemansk\u00fdm vzh\u013eadom, ktor\u00fd vzd\u00e1va hold star\u0161\u00edm vreckov\u00fdm no\u017eom, najm\u00e4 t\u00fdm, ktor\u00e9 boli pou\u017e\u00edvan\u00e9 na testovanie mel\u00f3nov alebo in\u00e9 jemn\u00e9 pr\u00e1ce. Tento design kombinuje nostalgiu s modern\u00fdmi technol\u00f3giami pre dokonal\u00fd z\u00e1\u017eitok z nosenia a pou\u017e\u00edvania. <\/li>\n<li><strong>Oce\u013e Sandvik 12C27\u2122<\/strong> : Tento materi\u00e1l je zn\u00e1my svojou <strong>vysokou odolnos\u0165ou proti kor\u00f3zii<\/strong> a <strong>vynikaj\u00facim dr\u017ean\u00edm ostria<\/strong> , \u010do znamen\u00e1, \u017ee \u010depe\u013e zostane dlho ostr\u00e1 a pripraven\u00e1 na pou\u017eitie, \u010do z neho rob\u00ed ide\u00e1lnu vo\u013ebu pre ka\u017edodenn\u00e9 nosenie.<\/li>\n<li><strong>IKBS\u2122 guli\u010dkov\u00e9 lo\u017eisko<\/strong> : Tento syst\u00e9m lo\u017e\u00edsk zais\u0165uje plynul\u00e9 a jednoduch\u00e9 otvorenie \u010depele, \u010do prispieva k r\u00fdchlej a hladkej manipul\u00e1cii.<\/li>\n<li><strong>Asistovan\u00e9 otv\u00e1ranie<\/strong> : Flipper umo\u017e\u0148uje r\u00fdchle a jednoduch\u00e9 otvorenie no\u017ea jednou rukou. Otv\u00e1ranie je r\u00fdchle, hladk\u00e9 a efekt\u00edvne, \u010do znamen\u00e1, \u017ee Stickler\u2122 bude pripraven\u00fd na pou\u017eitie okam\u017eite, kedyko\u013evek ho potrebujete. <\/li>\n<li><strong>Liner Lock<\/strong> : Tento uzamykac\u00ed mechanizmus poskytuje bezpe\u010dn\u00e9 a stabiln\u00e9 zaistenie \u010depele po\u010das pou\u017e\u00edvania a umo\u017e\u0148uje jej \u013eahk\u00e9 zatvorenie jednou rukou.<\/li>\n<li><strong>\u013dahk\u00fd a pevn\u00fd hlin\u00edk<\/strong> : Rukov\u00e4\u0165 je vyroben\u00e1 z <strong>hlin\u00edka<\/strong> , \u010do poskytuje <strong>vysok\u00fa pevnos\u0165<\/strong> pri n\u00edzkej hmotnosti. Tento materi\u00e1l zais\u0165uje trvanlivos\u0165 a odolnos\u0165 bez toho, aby pridal zbyto\u010dn\u00fa v\u00e1hu. <\/li>\n<li><strong>N\u00edzky profil<\/strong> : Hlbok\u00fd vreckov\u00fd klip zais\u0165uje <strong>bezpe\u010dn\u00e9 nosenie<\/strong> no\u017ea vo vrecku, pri\u010dom ho uchov\u00e1va nen\u00e1padn\u00fd a pohodln\u00fd na ka\u017edodenn\u00e9 nosenie.<\/li>\n<\/ul>\n<h3>V\u00fdhody:<\/h3>\n<ul>\n<li><strong>Elegantn\u00fd a praktick\u00fd dizajn<\/strong> Stickler \u2122 m\u00e1 kr\u00e1sne vyv\u00e1\u017een\u00fd dizajn, ktor\u00fd je ako funk\u010dn\u00fd, tak estetick\u00fd. Ide\u00e1lne pre t\u00fdch, ktor\u00ed h\u013eadaj\u00fa nie\u010do s n\u00e1dychom nostalgie a \u0161t\u00fdlu, ale z\u00e1rove\u0148 nekompromisn\u00fd vo v\u00fdkone. <\/li>\n<li><strong>R\u00fdchle a hladk\u00e9 otv\u00e1ranie<\/strong> : Otv\u00e1ranie pomocou flippera a guli\u010dkov\u00e9ho lo\u017eiska IKBS\u2122 je \u013eahk\u00e9 a plynul\u00e9, \u010do znamen\u00e1, \u017ee tento n\u00f4\u017e bude pripraven\u00fd na pr\u00e1cu v okamihu.<\/li>\n<li><strong>Odoln\u00e1 \u010depe\u013e<\/strong> : Oce\u013e <strong>Sandvik 12C27\u2122<\/strong> je vynikaj\u00facou vo\u013ebou pre ka\u017edodenn\u00e9 nosenie, preto\u017ee m\u00e1 skvel\u00e9 vlastnosti pre dr\u017eanie ostrie a odolnos\u0165 proti kor\u00f3zii.<\/li>\n<li><strong>\u013dahkos\u0165 a pevnos\u0165<\/strong> : V\u010faka hlin\u00edkovej rukov\u00e4ti je tento n\u00f4\u017e ide\u00e1lny na ka\u017edodenn\u00e9 nosenie \u2013 je dostato\u010dne pevn\u00fd, ale pritom ve\u013emi \u013eahk\u00fd.<\/li>\n<li><strong>N\u00edzky profil a pohodln\u00e9 nosenie<\/strong> : Vreckov\u00fd klip umo\u017e\u0148uje pohodln\u00e9 nosenie no\u017ea bez toho, aby bol pr\u00edli\u0161 n\u00e1padn\u00fd alebo ru\u0161iv\u00fd.<\/li>\n<\/ul>\n<h3>Z\u00e1ver:<\/h3>\n<p><strong>CRKT Stickler 6710<\/strong> je n\u00f4\u017e, ktor\u00fd kombinuje <strong>klasick\u00fd vzh\u013ead<\/strong> s <strong>modern\u00fdmi funkciami<\/strong> a materi\u00e1lmi. Pon\u00faka <strong>skvel\u00e9 vlastnosti<\/strong> pre ka\u017edodenn\u00e9 nosenie, \u010di u\u017e ide o v\u00fdkon \u010depele, hladkos\u0165 otv\u00e1rania alebo pohodln\u00e9 nosenie. Je ide\u00e1lny pre t\u00fdch, ktor\u00ed h\u013eadaj\u00fa <strong>gentlemansk\u00fd n\u00f4\u017e<\/strong> , ktor\u00fd je z\u00e1rove\u0148 vysoko funk\u010dn\u00fd a \u0161t\u00fdlov\u00fd. S dizajnom, ktor\u00fd vzd\u00e1va hold star\u00fdm vreckov\u00fdm no\u017eom, ale s modern\u00fdmi technol\u00f3giami, je Stickler \u2122 vynikaj\u00facou vo\u013ebou pre t\u00fdch, ktor\u00ed chc\u00fa spoji\u0165 minulos\u0165 s pr\u00edtomnos\u0165ou v jednom praktickom a atrakt\u00edvnom n\u00e1stroji.   <\/p>\n<\/div>\n<\/div>\n<\/div>\n<\/div>\n<div class=\"mb-2 flex gap-3 empty:hidden -ml-2\">\n<div class=\"items-center justify-start rounded-xl p-1 flex\">\n<div class=\"flex items-center\"><\/div>\n<\/div>\n<\/div>\n<div class=\"pr-2 lg:pr-0\"><\/div>\n<div class=\"mt-3 w-full empty:hidden\">\n<div class=\"text-center\"><\/div>\n<\/div>\n<\/div>\n<div class=\"absolute\">\n<div class=\"flex items-center justify-center\"><\/div>\n<\/div>\n<\/div>\n<\/div>\n<\/div>\n<\/article>\n<\/div>\n<\/div>\n<\/div>\n<\/div>\n<\/div>\n<div class=\"md:pt-0 dark:border-white\/20 md:border-transparent md:dark:border-transparent w-full\">\n<div>\n<div class=\"m-auto text-base px-3 md:px-4 w-full md:px-5 lg:px-4 xl:px-5\">\n<div class=\"mx-auto flex flex-1 gap-4 text-base md:gap-5 lg:gap-6 md:max-w-3xl\">\n<div class=\"flex justify-center\"><\/div>\n<\/div>\n<\/div>\n<\/div>\n<\/div>\n<p><iframe title=\"CRKT STICKLER\u2122 | Jeff Park Design\" width=\"800\" height=\"450\" src=\"https:\/\/www.youtube.com\/embed\/EjIBYs69muc?feature=oembed\" frameborder=\"0\" allow=\"accelerometer; autoplay; clipboard-write; encrypted-media; gyroscope; picture-in-picture; web-share\" referrerpolicy=\"strict-origin-when-cross-origin\" allowfullscreen><\/iframe><\/p>\n<p>&nbsp;<\/p>\n<p>&nbsp;<\/p>\n","protected":false},"excerpt":{"rendered":"<p><strong>CRKT Stickler 6710 je n\u00f4\u017e, ktor\u00fd kombinuje klasick\u00fd vzh\u013ead s modern\u00fdmi funkciami a materi\u00e1lmi. Pon\u00faka skvel\u00e9 vlastnosti pre ka\u017edodenn\u00e9 nosenie, \u010di u\u017e ide o v\u00fdkon \u010depele, hladkos\u0165 otv\u00e1rania alebo pohodln\u00e9 nosenie. Je ide\u00e1lny pre t\u00fdch, ktor\u00ed h\u013eadaj\u00fa d\u017eentlmensk\u00fd n\u00f4\u017e, ktor\u00fd je z\u00e1rove\u0148 vysoko funk\u010dn\u00fd a \u0161t\u00fdlov\u00fd. S dizajnom, ktor\u00fd vzd\u00e1va hold star\u00fdm vreckov\u00fdm no\u017eom, ale s modern\u00fdmi technol\u00f3giami, je Stickler \u2122 vynikaj\u00facou vo\u013ebou pre t\u00fdch, ktor\u00ed chc\u00fa spoji\u0165 minulos\u0165 s pr\u00edtomnos\u0165ou v jednom praktickom a atrakt\u00edvnom n\u00e1stroji.   <\/strong><\/p>\n","protected":false},"featured_media":244529,"comment_status":"open","ping_status":"closed","template":"","meta":[],"pwb-brand":[3249],"product_brand":[],"product_cat":[3233,3186],"product_tag":[3668],"class_list":{"0":"post-244557","1":"product","2":"type-product","3":"status-publish","4":"has-post-thumbnail","6":"pwb-brand-zatvaraci-noz-crkt-delilahs-p-e-c-k-5520","7":"product_cat-zatvaracie-noze","8":"product_cat-noze-sk","9":"product_tag-b2b-sk","11":"first","12":"instock","13":"sale","14":"taxable","15":"shipping-taxable","16":"purchasable","17":"product-type-simple"},"brands":[{"id":3249,"name":"Zatv\u00e1rac\u00ed N\u00f4\u017e CRKT DELILAH'S P.E.C.K. 5520","slug":"zatvaraci-noz-crkt-delilahs-p-e-c-k-5520"}],"_links":{"self":[{"href":"https:\/\/www.moskito.cz\/sk\/wp-json\/wp\/v2\/product\/244557","targetHints":{"allow":["GET"]}}],"collection":[{"href":"https:\/\/www.moskito.cz\/sk\/wp-json\/wp\/v2\/product"}],"about":[{"href":"https:\/\/www.moskito.cz\/sk\/wp-json\/wp\/v2\/types\/product"}],"replies":[{"embeddable":true,"href":"https:\/\/www.moskito.cz\/sk\/wp-json\/wp\/v2\/comments?post=244557"}],"wp:featuredmedia":[{"embeddable":true,"href":"https:\/\/www.moskito.cz\/sk\/wp-json\/wp\/v2\/media\/244529"}],"wp:attachment":[{"href":"https:\/\/www.moskito.cz\/sk\/wp-json\/wp\/v2\/media?parent=244557"}],"wp:term":[{"taxonomy":"pwb-brand","embeddable":true,"href":"https:\/\/www.moskito.cz\/sk\/wp-json\/wp\/v2\/pwb-brand?post=244557"},{"taxonomy":"product_brand","embeddable":true,"href":"https:\/\/www.moskito.cz\/sk\/wp-json\/wp\/v2\/product_brand?post=244557"},{"taxonomy":"product_cat","embeddable":true,"href":"https:\/\/www.moskito.cz\/sk\/wp-json\/wp\/v2\/product_cat?post=244557"},{"taxonomy":"product_tag","embeddable":true,"href":"https:\/\/www.moskito.cz\/sk\/wp-json\/wp\/v2\/product_tag?post=244557"}],"curies":[{"name":"wp","href":"https:\/\/api.w.org\/{rel}","templated":true}]}}