{"id":244624,"date":"2023-03-23T19:56:29","date_gmt":"2023-03-23T18:56:29","guid":{"rendered":"https:\/\/www.moskito.cz\/produkt\/zatvaraci-noz-crkt-taco-viper-2267\/"},"modified":"2025-05-07T10:48:29","modified_gmt":"2025-05-07T09:48:29","slug":"zatvaraci-noz-crkt-taco-viper-2267","status":"publish","type":"product","link":"https:\/\/www.moskito.cz\/sk\/produkt\/zatvaraci-noz-crkt-taco-viper-2267\/","title":{"rendered":"Zatv\u00e1rac\u00ed N\u00f4\u017e CRKT TACO VIPER 2267"},"content":{"rendered":"<p>Zatv\u00e1rac\u00ed N\u00f4\u017e <strong>CRKT<\/strong> TACO VIPER 2267<\/p>\n<p>Pripraven\u00ed na okam\u017eit\u00fd z\u00e1sah.<\/p>\n<p>Ke\u010f para\u0161utista uviazne na statickej linke, ka\u017ed\u00e1 milisekunda sa po\u010d\u00edta. To je situ\u00e1cia s vysok\u00fdmi st\u00e1vkami, ktor\u00e1 in\u0161pirovala Taco Viper\u00ae, n\u00f4\u017e s asistovan\u00fdm otv\u00e1ran\u00edm, ktor\u00fd vysko\u010d\u00ed do akcie po\u010das \u017emurknutia oka.<br \/>\nAsistovan\u00e9 otv\u00e1ranie: Flipper r\u00fdchlo rozvinie \u010depe\u013e<br \/>\nExtr\u00e9mne ostr\u00e9: Veff Serrations\u2122 poskytuj\u00fa vynikaj\u00faci rezn\u00fd v\u00fdkon lana a popruhov<br \/>\nJednoduch\u00e9 ostrenie: \u010cepe\u013e z vysoko uhl\u00edkovej nerezovej ocele dobre zaber\u00e1 ostrie<br \/>\nPevn\u00e1 a \u013eahk\u00e1: Nylonov\u00e1 rukov\u00e4\u0165 vystu\u017een\u00e1 sklom je odoln\u00e1 a \u013eahk\u00e1<br \/>\nJednoduch\u00e9 zatv\u00e1ranie: Z\u00e1mok vlo\u017eky je mo\u017en\u00e9 \u013eahko zavrie\u0165 jednou rukou<br \/>\nN\u00edzky profil: Vreckov\u00fd klip zais\u0165uje bezpe\u010dn\u00e9 nosenie<\/p>\n<p>\u0160PECIFIK\u00c1CIA<br \/>\nD\u013a\u017eka \u010depele 10.71 cm<br \/>\nBlade Edge Veff Serrations\u2122<br \/>\n\u010cepe\u013e oce\u013e 1.4116<br \/>\nPovrchov\u00e1 \u00faprava \u010depele Stonewash<br \/>\nHr\u00fabka \u010depele 0.31 cm<br \/>\nCelkov\u00e1 d\u013a\u017eka 25 cm<br \/>\nZatvoren\u00e1 d\u013a\u017eka 14.27 cm<br \/>\nHmotnos\u0165 147,42 g<br \/>\nRukov\u00e4\u0165 Nylon vystu\u017een\u00fd sklom<br \/>\n\u0160t\u00fdlov\u00fd skladac\u00ed n\u00f4\u017e so z\u00e1mkom Liner<\/p>\n<p><iframe title=\"CRKT Taco Viper\u00ae | Antonio Rodriguez Design\" width=\"800\" height=\"450\" src=\"https:\/\/www.youtube.com\/embed\/QcxM2MaFr1w?feature=oembed\" frameborder=\"0\" allow=\"accelerometer; autoplay; clipboard-write; encrypted-media; gyroscope; picture-in-picture; web-share\" referrerpolicy=\"strict-origin-when-cross-origin\" allowfullscreen><\/iframe><\/p>\n<p>&nbsp;<\/p>\n","protected":false},"excerpt":{"rendered":"<p><strong>Navrhol Antonio Rodriguez vo Fayetteville v Severnej Karol\u00edne<\/strong><\/p>\n","protected":false},"featured_media":244599,"comment_status":"open","ping_status":"closed","template":"","meta":[],"pwb-brand":[3249],"product_brand":[],"product_cat":[3186,3233],"product_tag":[3668],"class_list":{"0":"post-244624","1":"product","2":"type-product","3":"status-publish","4":"has-post-thumbnail","6":"pwb-brand-zatvaraci-noz-crkt-delilahs-p-e-c-k-5520","7":"product_cat-noze-sk","8":"product_cat-zatvaracie-noze","9":"product_tag-b2b-sk","11":"first","12":"outofstock","13":"taxable","14":"shipping-taxable","15":"purchasable","16":"product-type-simple"},"brands":[{"id":3249,"name":"Zatv\u00e1rac\u00ed N\u00f4\u017e CRKT DELILAH'S P.E.C.K. 5520","slug":"zatvaraci-noz-crkt-delilahs-p-e-c-k-5520"}],"_links":{"self":[{"href":"https:\/\/www.moskito.cz\/sk\/wp-json\/wp\/v2\/product\/244624","targetHints":{"allow":["GET"]}}],"collection":[{"href":"https:\/\/www.moskito.cz\/sk\/wp-json\/wp\/v2\/product"}],"about":[{"href":"https:\/\/www.moskito.cz\/sk\/wp-json\/wp\/v2\/types\/product"}],"replies":[{"embeddable":true,"href":"https:\/\/www.moskito.cz\/sk\/wp-json\/wp\/v2\/comments?post=244624"}],"wp:featuredmedia":[{"embeddable":true,"href":"https:\/\/www.moskito.cz\/sk\/wp-json\/wp\/v2\/media\/244599"}],"wp:attachment":[{"href":"https:\/\/www.moskito.cz\/sk\/wp-json\/wp\/v2\/media?parent=244624"}],"wp:term":[{"taxonomy":"pwb-brand","embeddable":true,"href":"https:\/\/www.moskito.cz\/sk\/wp-json\/wp\/v2\/pwb-brand?post=244624"},{"taxonomy":"product_brand","embeddable":true,"href":"https:\/\/www.moskito.cz\/sk\/wp-json\/wp\/v2\/product_brand?post=244624"},{"taxonomy":"product_cat","embeddable":true,"href":"https:\/\/www.moskito.cz\/sk\/wp-json\/wp\/v2\/product_cat?post=244624"},{"taxonomy":"product_tag","embeddable":true,"href":"https:\/\/www.moskito.cz\/sk\/wp-json\/wp\/v2\/product_tag?post=244624"}],"curies":[{"name":"wp","href":"https:\/\/api.w.org\/{rel}","templated":true}]}}