{"id":244697,"date":"2023-03-23T20:51:57","date_gmt":"2023-03-23T19:51:57","guid":{"rendered":"https:\/\/www.moskito.cz\/produkt\/zatvaraci-noz-crkt-oxcart-6135\/"},"modified":"2025-05-07T10:48:30","modified_gmt":"2025-05-07T09:48:30","slug":"zatvaraci-noz-crkt-oxcart-6135","status":"publish","type":"product","link":"https:\/\/www.moskito.cz\/sk\/produkt\/zatvaraci-noz-crkt-oxcart-6135\/","title":{"rendered":"Zatv\u00e1rac\u00ed N\u00f4\u017e CRKT OXCART 6135"},"content":{"rendered":"<p>Zatv\u00e1rac\u00ed N\u00f4\u017e CRKT OXCART 6135<\/p>\n<p>Tento n\u00f4\u017e na ka\u017edodenn\u00e9 nosenie, siln\u00fd ako v\u00f4l, neust\u00fapi.<\/p>\n<p>Nech u\u017e v\u00e1m de\u0148 prinesie \u010doko\u013evek, Oxcart je stvoren\u00fd tak, aby to zvl\u00e1dol. Tento dizajn od Roberta Cartera sa vyzna\u010duje asistovan\u00fdm otv\u00e1ran\u00edm a r\u00e1mov\u00fdm z\u00e1mkom v odolnej rukov\u00e4ti z nerezovej ocele, ktor\u00e1 znesie ranu.<br \/>\nAsistovan\u00e9 otv\u00e1ranie: Flipper r\u00fdchlo rozvinie \u010depe\u013e<br \/>\nHladk\u00e9 otv\u00e1ranie: \u010cap guli\u010dkov\u00e9ho lo\u017eiska IKBS\u2122 plynulo rozmiestni \u010depe\u013e<br \/>\nJednoduch\u00e9 ostrenie: \u010cepe\u013e z vysoko uhl\u00edkovej nerezovej ocele dobre zaber\u00e1 ostrie<br \/>\nMaxim\u00e1lna odolnos\u0165: Rukov\u00e4\u0165 z nerezovej ocele vydr\u017e\u00ed n\u00e1ro\u010dn\u00e9 pou\u017e\u00edvanie<br \/>\nHrub\u00e1 sila: Z\u00e1mok r\u00e1mu vyu\u017e\u00edva siln\u00fa z\u00e1voru na zaistenie \u010depele<br \/>\nObojru\u010dn\u00e9: Sklopn\u00e1 spona na nosenie v pravej a \u013eavej ruke<\/p>\n<p>\u0160PECIFIK\u00c1CIA<br \/>\nD\u013a\u017eka \u010depele 7.75 cm<br \/>\nBlade Edge Plain<br \/>\n\u010cepe\u013e oce\u013e AUS 8<br \/>\nPovrchov\u00e1 \u00faprava \u010depele sat\u00e9n<br \/>\nHr\u00fabka \u010depele 0.39 cm<br \/>\nCelkov\u00e1 d\u013a\u017eka 17.94 cm<br \/>\nD\u013a\u017eka v zatvorenom stave 10.29 cm<br \/>\nHmotnos\u0165 133,24 g<br \/>\nRukov\u00e4\u0165 z nerezovej ocele<br \/>\n\u0160t\u00fdlov\u00fd skladac\u00ed n\u00f4\u017e so z\u00e1mkom r\u00e1mu<\/p>\n","protected":false},"excerpt":{"rendered":"<pre id=\"tw-target-text\" class=\"tw-data-text tw-text-large tw-ta\" dir=\"ltr\" data-placeholder=\"P\u0159eklad\"><span class=\"Y2IQFc\" lang=\"sk\">Navrhol Robert Carter v Hillister, Texas<\/span><\/pre>\n","protected":false},"featured_media":244643,"comment_status":"open","ping_status":"closed","template":"","meta":[],"pwb-brand":[3249],"product_brand":[],"product_cat":[3233,3186],"product_tag":[3668],"class_list":{"0":"post-244697","1":"product","2":"type-product","3":"status-publish","4":"has-post-thumbnail","6":"pwb-brand-zatvaraci-noz-crkt-delilahs-p-e-c-k-5520","7":"product_cat-zatvaracie-noze","8":"product_cat-noze-sk","9":"product_tag-b2b-sk","11":"first","12":"instock","13":"sale","14":"taxable","15":"shipping-taxable","16":"purchasable","17":"product-type-simple"},"brands":[{"id":3249,"name":"Zatv\u00e1rac\u00ed N\u00f4\u017e CRKT DELILAH'S P.E.C.K. 5520","slug":"zatvaraci-noz-crkt-delilahs-p-e-c-k-5520"}],"_links":{"self":[{"href":"https:\/\/www.moskito.cz\/sk\/wp-json\/wp\/v2\/product\/244697","targetHints":{"allow":["GET"]}}],"collection":[{"href":"https:\/\/www.moskito.cz\/sk\/wp-json\/wp\/v2\/product"}],"about":[{"href":"https:\/\/www.moskito.cz\/sk\/wp-json\/wp\/v2\/types\/product"}],"replies":[{"embeddable":true,"href":"https:\/\/www.moskito.cz\/sk\/wp-json\/wp\/v2\/comments?post=244697"}],"wp:featuredmedia":[{"embeddable":true,"href":"https:\/\/www.moskito.cz\/sk\/wp-json\/wp\/v2\/media\/244643"}],"wp:attachment":[{"href":"https:\/\/www.moskito.cz\/sk\/wp-json\/wp\/v2\/media?parent=244697"}],"wp:term":[{"taxonomy":"pwb-brand","embeddable":true,"href":"https:\/\/www.moskito.cz\/sk\/wp-json\/wp\/v2\/pwb-brand?post=244697"},{"taxonomy":"product_brand","embeddable":true,"href":"https:\/\/www.moskito.cz\/sk\/wp-json\/wp\/v2\/product_brand?post=244697"},{"taxonomy":"product_cat","embeddable":true,"href":"https:\/\/www.moskito.cz\/sk\/wp-json\/wp\/v2\/product_cat?post=244697"},{"taxonomy":"product_tag","embeddable":true,"href":"https:\/\/www.moskito.cz\/sk\/wp-json\/wp\/v2\/product_tag?post=244697"}],"curies":[{"name":"wp","href":"https:\/\/api.w.org\/{rel}","templated":true}]}}