{"id":244732,"date":"2023-03-24T18:38:46","date_gmt":"2023-03-24T17:38:46","guid":{"rendered":"https:\/\/www.moskito.cz\/produkt\/zatvaraci-noz-cold-steel-bush-ranger-lite-21a\/"},"modified":"2025-05-07T10:48:31","modified_gmt":"2025-05-07T09:48:31","slug":"zatvaraci-noz-cold-steel-bush-ranger-lite-21a","status":"publish","type":"product","link":"https:\/\/www.moskito.cz\/sk\/produkt\/zatvaraci-noz-cold-steel-bush-ranger-lite-21a\/","title":{"rendered":"Zatv\u00e1rac\u00ed N\u00f4\u017e Cold Steel BUSH RANGER LITE 21A"},"content":{"rendered":"<p>Zatv\u00e1rac\u00ed N\u00f4\u017e Cold Steel BUSH RANGER LITE 21A<\/p>\n<p>Pre t\u00fdch, ktor\u00fdch zaujal Bush Ranger, ale h\u013eadaj\u00fa cenovo v\u00fdhodn\u00fd skladac\u00ed po\u013en\u00fd n\u00f4\u017e, vyvinul Mike Wallace Bush Ranger Lite. S takmer identickou \u010depe\u013eou Sheffield clip point, Lite verzia Bush Ranger vyu\u017e\u00edva odoln\u00fa oce\u013e 8Cr13MoV a palcov\u00fd kol\u00edk pre \u013eahk\u00e9 otv\u00e1ranie. Pohodlie pri pou\u017e\u00edvan\u00ed je k\u013e\u00fa\u010dom, rukov\u00e4\u0165 Bush Ranger Lite sa sklad\u00e1 z odborne tvarovan\u00fd nylon plnen\u00fd sklom (GFN), ktor\u00fd v\u00e1m padne do ruky ako rukavice. V\u010faka mo\u017enostiam obojstrann\u00e9ho nosenia, ktor\u00e9 pon\u00faka vymenite\u013en\u00e1 spona na vrecko, a hmotnosti iba 4,8 unca je nosenie s Bush Ranger Lite hra\u010dkou. Ako v\u017edy zost\u00e1va bezpe\u010dnos\u0165 a zabezpe\u010denie prioritou \u010d\u00edslo jedna pre Cold Steel, preto sme Bush Ranger Lite dodali s najmodernej\u0161\u00edm kol\u00edskov\u00fdm z\u00e1mkom so sekund\u00e1rnou poistkou, ktor\u00e1 je pri aktiv\u00e1cii extr\u00e9mne odoln\u00e1 proti n\u00e1razu a n\u00e1razu. Sme si ist\u00ed, \u017ee budete s\u00fahlasi\u0165, Bush Ranger Lite je vynikaj\u00faci prv\u00fd zatv\u00e1rac\u00ed n\u00f4\u017e alebo cenovo dostupn\u00fd, spo\u013eahliv\u00fd \u00fa\u017eitkov\u00fd n\u00f4\u017e na ka\u017edodenn\u00e9 nosenie (EDC).<\/p>\n<p>Popis:<\/p>\n<p>Oce\u013e: 8Cr13MoV Stainless<br \/>\nD\u013a\u017eka \u010depele: 8.9 cm<br \/>\nMateri\u00e1l rukov\u00e4te: Long GFN<br \/>\nHmotnos\u0165: 135 g<br \/>\nCelkov\u00e1 ve\u013ekos\u0165: 21.3 cm<br \/>\nHr\u00fabka \u010depele: O.38 cm<br \/>\nD\u013a\u017eka rukov\u00e4te: 12.4 cm<br \/>\nDruh poistky: chrbtov\u00e1 poistka + sekund\u00e1rny z\u00e1mok<br \/>\nFarba: Zelen\u00e1\/Strieborn\u00e1<\/p>\n","protected":false},"excerpt":{"rendered":"<p>Bush Ranger Lite od firmy COLD STEEL je stredne ve\u013ek\u00fd zatv\u00e1rac\u00ed n\u00f4\u017e s hladk\u00fdm ostr\u00edm na ka\u017edodenn\u00e9 nosenie. Lite verzia je cenovo dostupnej\u0161\u00edm variantom bushcraft no\u017ea pre pre\u017eitie Bush Ranger.<\/p>\n","protected":false},"featured_media":244729,"comment_status":"open","ping_status":"closed","template":"","meta":[],"pwb-brand":[3598],"product_brand":[],"product_cat":[3233,3186],"product_tag":[3668],"class_list":{"0":"post-244732","1":"product","2":"type-product","3":"status-publish","4":"has-post-thumbnail","6":"pwb-brand-cold-steel-sk","7":"product_cat-zatvaracie-noze","8":"product_cat-noze-sk","9":"product_tag-b2b-sk","11":"first","12":"instock","13":"taxable","14":"shipping-taxable","15":"purchasable","16":"product-type-simple"},"brands":[{"id":3598,"name":"Cold Steel","slug":"cold-steel-sk"}],"_links":{"self":[{"href":"https:\/\/www.moskito.cz\/sk\/wp-json\/wp\/v2\/product\/244732","targetHints":{"allow":["GET"]}}],"collection":[{"href":"https:\/\/www.moskito.cz\/sk\/wp-json\/wp\/v2\/product"}],"about":[{"href":"https:\/\/www.moskito.cz\/sk\/wp-json\/wp\/v2\/types\/product"}],"replies":[{"embeddable":true,"href":"https:\/\/www.moskito.cz\/sk\/wp-json\/wp\/v2\/comments?post=244732"}],"wp:featuredmedia":[{"embeddable":true,"href":"https:\/\/www.moskito.cz\/sk\/wp-json\/wp\/v2\/media\/244729"}],"wp:attachment":[{"href":"https:\/\/www.moskito.cz\/sk\/wp-json\/wp\/v2\/media?parent=244732"}],"wp:term":[{"taxonomy":"pwb-brand","embeddable":true,"href":"https:\/\/www.moskito.cz\/sk\/wp-json\/wp\/v2\/pwb-brand?post=244732"},{"taxonomy":"product_brand","embeddable":true,"href":"https:\/\/www.moskito.cz\/sk\/wp-json\/wp\/v2\/product_brand?post=244732"},{"taxonomy":"product_cat","embeddable":true,"href":"https:\/\/www.moskito.cz\/sk\/wp-json\/wp\/v2\/product_cat?post=244732"},{"taxonomy":"product_tag","embeddable":true,"href":"https:\/\/www.moskito.cz\/sk\/wp-json\/wp\/v2\/product_tag?post=244732"}],"curies":[{"name":"wp","href":"https:\/\/api.w.org\/{rel}","templated":true}]}}