{"id":244740,"date":"2023-03-24T20:28:22","date_gmt":"2023-03-24T19:28:22","guid":{"rendered":"https:\/\/www.moskito.cz\/produkt\/zatvaraci-noz-cold-steel-mini-recon-1-spear-pt-in-10a-stone-wash-27bas\/"},"modified":"2025-05-07T10:48:31","modified_gmt":"2025-05-07T09:48:31","slug":"zatvaraci-noz-cold-steel-mini-recon-1-spear-pt-in-10a-stone-wash-27bas","status":"publish","type":"product","link":"https:\/\/www.moskito.cz\/sk\/produkt\/zatvaraci-noz-cold-steel-mini-recon-1-spear-pt-in-10a-stone-wash-27bas\/","title":{"rendered":"Zatv\u00e1rac\u00ed N\u00f4\u017e Cold Steel MINI RECON 1 SPEAR PT IN 10A STONE WASH 27BAS"},"content":{"rendered":"<p>Zatv\u00e1rac\u00ed N\u00f4\u017e Cold Steel MINI RECON 1 SPEAR PT IN 10A STONE WASH 27BAS<\/p>\n<p>Recon 1 je jedn\u00fdm z najpopul\u00e1rnej\u0161\u00edch taktick\u00fdch zatv\u00e1rac\u00edch no\u017eov z produkcie Cold Steel. Preto som sa rozhodli vr\u00e1ti\u0165 do predaja men\u0161iu s\u00e9riu Mini Reconov, ktor\u00e9 s\u00fa teraz aj za ve\u013emi prijate\u013en\u00fa cenu. Jedn\u00e1 sa o klasick\u00e9 EDC, n\u00f4\u017e na ka\u017edodenn\u00e9 nosenie, ktor\u00fd v\u010faka svojej ve\u013ekosti i v\u00e1he nebude zbyto\u010dne budi\u0165 negat\u00edvnu pozornos\u0165 okolia. 3 mm hrub\u00e1 \u010depe\u013e je vyroben\u00e1 z ocele AUS 10A. T\u00e1to martenzitick\u00e1, nerezov\u00e1 oce\u013e m\u00e1 ve\u013emi dobr\u00e9 pevnostn\u00e9 vlastnosti a je veden\u00e1 predov\u0161etk\u00fdm ako materi\u00e1l na rezn\u00e9 n\u00e1stroje. Oproti AUS 8A lep\u0161ie dr\u017e\u00ed ostrie a je odolnej\u0161ia proti oteru. Oce\u013e bola n\u00e1sledne tepelne spracovan\u00e1 pre dokonal\u00fa rovnov\u00e1hu medzi dr\u017ean\u00edm ostrie a jednoduch\u00fdm op\u00e4tovn\u00fdm br\u00fasen\u00edm. Povrchov\u00e1 \u00faprava Stonewashing zabra\u0148uje \u013eahk\u00e9mu po\u0161kriabaniu a rob\u00ed n\u00f4\u017e odolnej\u0161\u00edm proti kor\u00f3zii. Rukov\u00e4\u0165 s v\u00fdrazn\u00fdm rastrovan\u00edm je vyroben\u00e1 vysokotlakov\u00fdm vstrekovan\u00edm z materi\u00e1lu Griv-Ex\u2122, ktor\u00fd je s\u00e1m o sebe dostato\u010dne pevn\u00fd. \u0160trukt\u00fara povrchu rukov\u00e4te br\u00e1ni nechcen\u00e9mu vyk\u013aznutiu no\u017ea pri pr\u00e1ci vo vlhkom prostred\u00ed. N\u00f4\u017e je osaden\u00fd obojstrann\u00fdm kol\u00ed\u010dkom pre otv\u00e1ranie a aj tento rad no\u017eov je vybaven\u00fd unik\u00e1tnym patentom Cold Steel Tri-Ad Lock. Poistka zabra\u0148uje samo\u010dinn\u00e9mu alebo nechcen\u00e9mu zatvoreniu no\u017ea aj po prirodzenom opotrebovan\u00ed v priebehu \u010dasu. V balen\u00ed dostanete aj klips na nosenie na \u013eavej strane.<\/p>\n<p>Popis:<br \/>\nMateri\u00e1l puzdra: oce\u013eov\u00fd vreckov\u00fd klip<br \/>\nDruh poistky: Tri-Ad Lock<br \/>\nD\u013a\u017eka \u010depele: 7.2 cm<br \/>\nOce\u013e: AUS 10A so Stone Washed Finish<br \/>\nMateri\u00e1l rukov\u00e4te: GRNHandle<br \/>\nD\u013a\u017eka rukov\u00e4te: 10.6 cm<br \/>\nFarba: \u010cierna<br \/>\nHr\u00fabka \u010depele: 0.3 cm<br \/>\nCelkov\u00e1 ve\u013ekos\u0165: 17.8 cm<br \/>\nHmotnos\u0165: 97 g<\/p>\n","protected":false},"excerpt":{"rendered":"<p>Zatv\u00e1rac\u00ed n\u00f4\u017e s plne hladk\u00fdm ostr\u00edm Recon 1 Spear Point je mal\u00fd a ve\u013emi \u013eahk\u00fd zatv\u00e1ra\u010d, ktor\u00fd v\u00fdborne padne do ruky.<\/p>\n","protected":false},"featured_media":244738,"comment_status":"open","ping_status":"closed","template":"","meta":[],"pwb-brand":[3598],"product_brand":[],"product_cat":[3233,3186],"product_tag":[3668],"class_list":{"0":"post-244740","1":"product","2":"type-product","3":"status-publish","4":"has-post-thumbnail","6":"pwb-brand-cold-steel-sk","7":"product_cat-zatvaracie-noze","8":"product_cat-noze-sk","9":"product_tag-b2b-sk","11":"first","12":"instock","13":"sale","14":"taxable","15":"shipping-taxable","16":"purchasable","17":"product-type-simple"},"brands":[{"id":3598,"name":"Cold Steel","slug":"cold-steel-sk"}],"_links":{"self":[{"href":"https:\/\/www.moskito.cz\/sk\/wp-json\/wp\/v2\/product\/244740","targetHints":{"allow":["GET"]}}],"collection":[{"href":"https:\/\/www.moskito.cz\/sk\/wp-json\/wp\/v2\/product"}],"about":[{"href":"https:\/\/www.moskito.cz\/sk\/wp-json\/wp\/v2\/types\/product"}],"replies":[{"embeddable":true,"href":"https:\/\/www.moskito.cz\/sk\/wp-json\/wp\/v2\/comments?post=244740"}],"wp:featuredmedia":[{"embeddable":true,"href":"https:\/\/www.moskito.cz\/sk\/wp-json\/wp\/v2\/media\/244738"}],"wp:attachment":[{"href":"https:\/\/www.moskito.cz\/sk\/wp-json\/wp\/v2\/media?parent=244740"}],"wp:term":[{"taxonomy":"pwb-brand","embeddable":true,"href":"https:\/\/www.moskito.cz\/sk\/wp-json\/wp\/v2\/pwb-brand?post=244740"},{"taxonomy":"product_brand","embeddable":true,"href":"https:\/\/www.moskito.cz\/sk\/wp-json\/wp\/v2\/product_brand?post=244740"},{"taxonomy":"product_cat","embeddable":true,"href":"https:\/\/www.moskito.cz\/sk\/wp-json\/wp\/v2\/product_cat?post=244740"},{"taxonomy":"product_tag","embeddable":true,"href":"https:\/\/www.moskito.cz\/sk\/wp-json\/wp\/v2\/product_tag?post=244740"}],"curies":[{"name":"wp","href":"https:\/\/api.w.org\/{rel}","templated":true}]}}