{"id":244754,"date":"2023-03-24T20:50:59","date_gmt":"2023-03-24T19:50:59","guid":{"rendered":"https:\/\/www.moskito.cz\/produkt\/zatvaraci-noz-cold-steel-verdict-tanto-black\/"},"modified":"2025-05-07T10:48:32","modified_gmt":"2025-05-07T09:48:32","slug":"zatvaraci-noz-cold-steel-verdict-tanto-black","status":"publish","type":"product","link":"https:\/\/www.moskito.cz\/sk\/produkt\/zatvaraci-noz-cold-steel-verdict-tanto-black\/","title":{"rendered":"Zatv\u00e1rac\u00ed N\u00f4\u017e Cold Steel VERDICT TANTO BLACK"},"content":{"rendered":"<p>Zatv\u00e1rac\u00ed N\u00f4\u017e Cold Steel VERDICT TANTO BLACK<\/p>\n<p>Verdict od Cold Steel poskytuje pou\u017e\u00edvate\u013eom rozhoduj\u00facu mo\u017enos\u0165 ka\u017edodenn\u00e9ho nosenia ako skalu. Verdict sa vyzna\u010duje osved\u010den\u00fdm a d\u00f4veryhodn\u00fdm z\u00e1mkom Tri-Ad\u00ae a je dod\u00e1van\u00fd s dvoma oce\u013eov\u00fdmi a dvoma materi\u00e1lmi rukov\u00e4te a radom tvarov \u010depel\u00ed.<\/p>\n<p>Materi\u00e1l \u010depele: AUS-10A<br \/>\nMateri\u00e1l rukov\u00e4te: G-10<br \/>\nPoistka: Tri-Ad lock<br \/>\nD\u013a\u017eka \u010depele: 7.9 cm<br \/>\nCelkov\u00e1 d\u013a\u017eka: 18.4 cm<br \/>\nD\u013a\u017eka zlo\u017een\u00e9ho no\u017ea: 10.5 cm<br \/>\nHr\u00fabka \u010depele: 2.9 mm<br \/>\nHmotnos\u0165: 77 g<br \/>\nTyp \u010depele: Tanto<br \/>\nVyu\u017eitie: Taktick\u00fd, EDC &#8211; ka\u017edodenn\u00e9 nosenie<\/p>\n","protected":false},"excerpt":{"rendered":"<p>Zatv\u00e1racie no\u017ee zo s\u00e9rie Verdict s\u00fa navrhnut\u00e9 tak, aby dop\u013a\u0148ali modely Code 4. Rovnako ako Code 4 s\u00fa dostato\u010dne tenk\u00e9 a \u013eahk\u00e9 na ka\u017edodenn\u00e9 nosenie.<\/p>\n","protected":false},"featured_media":244744,"comment_status":"open","ping_status":"closed","template":"","meta":[],"pwb-brand":[3598],"product_brand":[],"product_cat":[3186,3233],"product_tag":[3668],"class_list":{"0":"post-244754","1":"product","2":"type-product","3":"status-publish","4":"has-post-thumbnail","6":"pwb-brand-cold-steel-sk","7":"product_cat-noze-sk","8":"product_cat-zatvaracie-noze","9":"product_tag-b2b-sk","11":"first","12":"instock","13":"taxable","14":"shipping-taxable","15":"purchasable","16":"product-type-simple"},"brands":[{"id":3598,"name":"Cold Steel","slug":"cold-steel-sk"}],"_links":{"self":[{"href":"https:\/\/www.moskito.cz\/sk\/wp-json\/wp\/v2\/product\/244754","targetHints":{"allow":["GET"]}}],"collection":[{"href":"https:\/\/www.moskito.cz\/sk\/wp-json\/wp\/v2\/product"}],"about":[{"href":"https:\/\/www.moskito.cz\/sk\/wp-json\/wp\/v2\/types\/product"}],"replies":[{"embeddable":true,"href":"https:\/\/www.moskito.cz\/sk\/wp-json\/wp\/v2\/comments?post=244754"}],"wp:featuredmedia":[{"embeddable":true,"href":"https:\/\/www.moskito.cz\/sk\/wp-json\/wp\/v2\/media\/244744"}],"wp:attachment":[{"href":"https:\/\/www.moskito.cz\/sk\/wp-json\/wp\/v2\/media?parent=244754"}],"wp:term":[{"taxonomy":"pwb-brand","embeddable":true,"href":"https:\/\/www.moskito.cz\/sk\/wp-json\/wp\/v2\/pwb-brand?post=244754"},{"taxonomy":"product_brand","embeddable":true,"href":"https:\/\/www.moskito.cz\/sk\/wp-json\/wp\/v2\/product_brand?post=244754"},{"taxonomy":"product_cat","embeddable":true,"href":"https:\/\/www.moskito.cz\/sk\/wp-json\/wp\/v2\/product_cat?post=244754"},{"taxonomy":"product_tag","embeddable":true,"href":"https:\/\/www.moskito.cz\/sk\/wp-json\/wp\/v2\/product_tag?post=244754"}],"curies":[{"name":"wp","href":"https:\/\/api.w.org\/{rel}","templated":true}]}}