{"id":244772,"date":"2023-03-24T21:35:46","date_gmt":"2023-03-24T20:35:46","guid":{"rendered":"https:\/\/www.moskito.cz\/produkt\/pevny-noz-cold-steel-mini-leatherneck-clip-point\/"},"modified":"2023-11-20T17:27:06","modified_gmt":"2023-11-20T16:27:06","slug":"pevny-noz-cold-steel-mini-leatherneck-clip-point","status":"publish","type":"product","link":"https:\/\/www.moskito.cz\/sk\/produkt\/pevny-noz-cold-steel-mini-leatherneck-clip-point\/","title":{"rendered":"Pevn\u00fd N\u00f4\u017e Cold Steel MINI LEATHERNECK CLIP POINT"},"content":{"rendered":"<p>Pevn\u00fd N\u00f4\u017e Cold Steel MINI LEATHERNECK CLIP POINT<\/p>\n<p>Vyroben\u00e9 z ocele 8Cr13MoV a pon\u00fakan\u00e9 v troch \u0161t\u00fdloch \u010depele, ka\u017ed\u00fd m\u00e1 ochrann\u00fd kryt z nerezovej ocele so \u0161irok\u00fdmi kill\u00f3nmi, ktor\u00e9 chr\u00e1nia va\u0161e prsty. Rukov\u00e4\u0165 je vyroben\u00e1 z materi\u00e1lu Kray-Ex\u2122 a je navrhnut\u00e1 tak, aby pripom\u00ednala na\u0161e v\u00e4\u010d\u0161ie modely Leatherneck. Tieto no\u017ee s\u00fa dod\u00e1van\u00e9 s pevn\u00fdm a robustn\u00fdm puzdrom Secure-Ex\u2122, ktor\u00e9 pojme \u0161n\u00farku na kor\u00e1lky alebo Cold Steel\u00ae C-Klip. Najlep\u0161ie zo v\u0161etk\u00e9ho je, \u017ee s\u00fa cenovo dostupn\u00e9.<\/p>\n<p>Celkov\u00e1 ve\u013ekos\u0165: 17.2 cm<br \/>\nOce\u013e: 8Cr13MoV Steel<br \/>\nFarba: \u010cierna\/Strieborn\u00e1<br \/>\nMateri\u00e1l rukov\u00e4te: Long Kray-Ex\u2122<br \/>\nD\u013a\u017eka rukov\u00e4te: 8.3 cm<br \/>\nHr\u00fabka \u010depele: 0.3 cm<br \/>\nMateri\u00e1l puzdra: Secure-Ex\u00ae Sheath<br \/>\nD\u013a\u017eka \u010depele: 8.9 cm<br \/>\nHmotnos\u0165: 95 g<\/p>\n","protected":false},"excerpt":{"rendered":"<p>Pevn\u00fd N\u00f4\u017e Cold Steel MINI LEATHERNECK CLIP POINT Vyroben\u00e9 z ocele 8Cr13MoV a pon\u00fakan\u00e9 v troch \u0161t\u00fdloch \u010depele, ka\u017ed\u00fd m\u00e1 ochrann\u00fd kryt z nerezovej ocele so \u0161irok\u00fdmi kill\u00f3nmi, ktor\u00e9 chr\u00e1nia va\u0161e prsty. Rukov\u00e4\u0165 je vyroben\u00e1 z materi\u00e1lu Kray-Ex\u2122 a je navrhnut\u00e1 tak, aby pripom\u00ednala na\u0161e v\u00e4\u010d\u0161ie modely Leatherneck. Tieto no\u017ee s\u00fa dod\u00e1van\u00e9 s pevn\u00fdm a [&hellip;]<\/p>\n","protected":false},"featured_media":244770,"comment_status":"open","ping_status":"closed","template":"","meta":[],"pwb-brand":[3598],"product_brand":[],"product_cat":[3187,3186],"product_tag":[],"class_list":{"0":"post-244772","1":"product","2":"type-product","3":"status-publish","4":"has-post-thumbnail","6":"pwb-brand-cold-steel-sk","7":"product_cat-pevne-noze-sk","8":"product_cat-noze-sk","10":"first","11":"instock","12":"taxable","13":"shipping-taxable","14":"purchasable","15":"product-type-simple"},"brands":[{"id":3598,"name":"Cold Steel","slug":"cold-steel-sk"}],"_links":{"self":[{"href":"https:\/\/www.moskito.cz\/sk\/wp-json\/wp\/v2\/product\/244772","targetHints":{"allow":["GET"]}}],"collection":[{"href":"https:\/\/www.moskito.cz\/sk\/wp-json\/wp\/v2\/product"}],"about":[{"href":"https:\/\/www.moskito.cz\/sk\/wp-json\/wp\/v2\/types\/product"}],"replies":[{"embeddable":true,"href":"https:\/\/www.moskito.cz\/sk\/wp-json\/wp\/v2\/comments?post=244772"}],"wp:featuredmedia":[{"embeddable":true,"href":"https:\/\/www.moskito.cz\/sk\/wp-json\/wp\/v2\/media\/244770"}],"wp:attachment":[{"href":"https:\/\/www.moskito.cz\/sk\/wp-json\/wp\/v2\/media?parent=244772"}],"wp:term":[{"taxonomy":"pwb-brand","embeddable":true,"href":"https:\/\/www.moskito.cz\/sk\/wp-json\/wp\/v2\/pwb-brand?post=244772"},{"taxonomy":"product_brand","embeddable":true,"href":"https:\/\/www.moskito.cz\/sk\/wp-json\/wp\/v2\/product_brand?post=244772"},{"taxonomy":"product_cat","embeddable":true,"href":"https:\/\/www.moskito.cz\/sk\/wp-json\/wp\/v2\/product_cat?post=244772"},{"taxonomy":"product_tag","embeddable":true,"href":"https:\/\/www.moskito.cz\/sk\/wp-json\/wp\/v2\/product_tag?post=244772"}],"curies":[{"name":"wp","href":"https:\/\/api.w.org\/{rel}","templated":true}]}}