{"id":244780,"date":"2023-03-25T11:51:58","date_gmt":"2023-03-25T10:51:58","guid":{"rendered":"https:\/\/www.moskito.cz\/produkt\/zatvaraci-noz-cold-steel-spartan-aus10a\/"},"modified":"2023-11-20T17:27:07","modified_gmt":"2023-11-20T16:27:07","slug":"zatvaraci-noz-cold-steel-spartan-aus10a","status":"publish","type":"product","link":"https:\/\/www.moskito.cz\/sk\/produkt\/zatvaraci-noz-cold-steel-spartan-aus10a\/","title":{"rendered":"Zatv\u00e1rac\u00ed N\u00f4\u017e Cold Steel SPARTAN (AUS10A)"},"content":{"rendered":"<p>Zatv\u00e1rac\u00ed N\u00f4\u017e Cold Steel SPARTAN (AUS10A)<\/p>\n<p>N\u00e1\u0161 Spartan, navrhnut\u00fd sl\u00e1vnym z\u00e1kazkov\u00fdm v\u00fdrobcom no\u017eov Andrewom Demkom, je jedn\u00fdm z na\u0161ich najob\u013e\u00fabenej\u0161\u00edch zatv\u00e1rac\u00edch no\u017eov. Super ostr\u00e1 \u010depe\u013e Spartans je vyroben\u00e1 z japonskej ocele AUS10A a bola navrhnut\u00e1 tak, aby odr\u00e1\u017eala estetiku a rezn\u00fd v\u00fdkon svetozn\u00e1meho Kukri. Jeho charakteristick\u00e1 rukov\u00e4\u0165 in\u0161pirovan\u00e1 Kopisom je prec\u00edzne vstrekovan\u00e1 z materi\u00e1lu Griv-Ex s tepelne spracovan\u00fdmi oce\u013eov\u00fdmi vlo\u017ekami, \u010do spolu s na\u0161\u00edm sl\u00e1vnym z\u00e1mkom Tri-Ad vytv\u00e1ra n\u00f4\u017e, ktor\u00fd je neuverite\u013ene bezpe\u010dn\u00fd a bezpe\u010dn\u00fd. Spartan je tie\u017e vybaven\u00fd patentovanou palcovou do\u0161ti\u010dkou Demko, ktor\u00fa je mo\u017en\u00e9 n\u00f4\u017e otvori\u0165 ako be\u017en\u00fd &#8222;jednoru\u010dn\u00fd otv\u00e1ra\u010d&#8220; alebo ho mo\u017eno pri tasen\u00ed zachyti\u0165 o okraj vrecka a otvori\u0165 bleskovou r\u00fdchlos\u0165ou!<\/p>\n<p>Popis:<\/p>\n<p>Materi\u00e1l \u010depele: AUS-10A<br \/>\nMateri\u00e1l rukov\u00e4te: Griv-Ex<br \/>\nPoistka: Tri-Ad lock<br \/>\nD\u013a\u017eka \u010depele: 11.4 cm<br \/>\nCelkov\u00e1 d\u013a\u017eka: 26.7 cm<br \/>\nD\u013a\u017eka rukov\u00e4te: 15.3 cm<br \/>\nHr\u00fabka \u010depele: 4 mm<br \/>\nHmotnos\u0165: 255 g<br \/>\nTyp \u010depele: Kukri<br \/>\nJednoru\u010dn\u00e9 otv\u00e1ranie: \u00e1no<br \/>\nTyp no\u017ea: Zatv\u00e1rac\u00ed, Na ka\u017edodenn\u00e9 nosenie<br \/>\nTyp otv\u00e1rania: Manual<br \/>\nPovrchov\u00e1 \u00faprava \u010depele: Stonewash<\/p>\n","protected":false},"excerpt":{"rendered":"<p>SPARTAN, zatv\u00e1rac\u00ed n\u00f4\u017e s hladk\u00fdm ostr\u00edm. Fenom\u00e9n medzi no\u017emi, ktor\u00fd bude p\u00f4sobi\u0165 \u00faplne monument\u00e1lnym dojmom vo Va\u0161ej ruke.<\/p>\n","protected":false},"featured_media":244778,"comment_status":"open","ping_status":"closed","template":"","meta":[],"pwb-brand":[3598],"product_brand":[],"product_cat":[3233,3186],"product_tag":[3668],"class_list":{"0":"post-244780","1":"product","2":"type-product","3":"status-publish","4":"has-post-thumbnail","6":"pwb-brand-cold-steel-sk","7":"product_cat-zatvaracie-noze","8":"product_cat-noze-sk","9":"product_tag-b2b-sk","11":"first","12":"instock","13":"taxable","14":"shipping-taxable","15":"purchasable","16":"product-type-simple"},"brands":[{"id":3598,"name":"Cold Steel","slug":"cold-steel-sk"}],"_links":{"self":[{"href":"https:\/\/www.moskito.cz\/sk\/wp-json\/wp\/v2\/product\/244780","targetHints":{"allow":["GET"]}}],"collection":[{"href":"https:\/\/www.moskito.cz\/sk\/wp-json\/wp\/v2\/product"}],"about":[{"href":"https:\/\/www.moskito.cz\/sk\/wp-json\/wp\/v2\/types\/product"}],"replies":[{"embeddable":true,"href":"https:\/\/www.moskito.cz\/sk\/wp-json\/wp\/v2\/comments?post=244780"}],"wp:featuredmedia":[{"embeddable":true,"href":"https:\/\/www.moskito.cz\/sk\/wp-json\/wp\/v2\/media\/244778"}],"wp:attachment":[{"href":"https:\/\/www.moskito.cz\/sk\/wp-json\/wp\/v2\/media?parent=244780"}],"wp:term":[{"taxonomy":"pwb-brand","embeddable":true,"href":"https:\/\/www.moskito.cz\/sk\/wp-json\/wp\/v2\/pwb-brand?post=244780"},{"taxonomy":"product_brand","embeddable":true,"href":"https:\/\/www.moskito.cz\/sk\/wp-json\/wp\/v2\/product_brand?post=244780"},{"taxonomy":"product_cat","embeddable":true,"href":"https:\/\/www.moskito.cz\/sk\/wp-json\/wp\/v2\/product_cat?post=244780"},{"taxonomy":"product_tag","embeddable":true,"href":"https:\/\/www.moskito.cz\/sk\/wp-json\/wp\/v2\/product_tag?post=244780"}],"curies":[{"name":"wp","href":"https:\/\/api.w.org\/{rel}","templated":true}]}}