{"id":244856,"date":"2023-03-25T17:22:02","date_gmt":"2023-03-25T16:22:02","guid":{"rendered":"https:\/\/www.moskito.cz\/produkt\/zatvaraci-noz-cold-steel-mini-recon-1-tanto-pt-in-10a-stone-wash\/"},"modified":"2025-05-07T10:48:37","modified_gmt":"2025-05-07T09:48:37","slug":"zatvaraci-noz-cold-steel-mini-recon-1-tanto-pt-in-10a-stone-wash","status":"publish","type":"product","link":"https:\/\/www.moskito.cz\/sk\/produkt\/zatvaraci-noz-cold-steel-mini-recon-1-tanto-pt-in-10a-stone-wash\/","title":{"rendered":"Zatv\u00e1rac\u00ed N\u00f4\u017e Cold Steel MINI RECON 1 TANTO PT IN 10A STONE WASH"},"content":{"rendered":"<p>Zatv\u00e1rac\u00ed N\u00f4\u017e Cold Steel MINI RECON 1 TANTO PT IN 10A STONE WASH<\/p>\n<p>Mini Recon. K dispoz\u00edcii s 3 tvarmi \u010depele, klipom, tanom a hrotom kopije, je tu n\u00f4\u017e pre ka\u017ed\u00e9ho a tento rok s\u00fa sakra ove\u013ea dostupnej\u0161ie v\u010faka ich \u00faplne nov\u00fdm vstrekovan\u00fdm rukov\u00e4tiam, ktor\u00e9 zni\u017euj\u00fa n\u00e1klady, ale maj\u00fa ve\u013emi mal\u00fd vplyv na ich povestn\u00fa poves\u0165 sily a robustnosti.&#8220; &#8211; Lynn Thompsonov\u00e1<\/p>\n<p>Materi\u00e1l \u010depele: AUS-10A<br \/>\nMateri\u00e1l rukov\u00e4te FRN<br \/>\nPoistka: Tri-Ad lock<br \/>\nD\u013a\u017eka \u010depele: 7.3 cm<br \/>\nCelkov\u00e1 d\u013a\u017eka: 17.3 cm<br \/>\nD\u013a\u017eka rukov\u00e4te: 10 cm<br \/>\nHr\u00fabka \u010depele: 3.4 mm<br \/>\nV\u00fd\u0161ka \u010depele: 2.6 cm<br \/>\nHmotnos\u0165: 100 g<\/p>\n","protected":false},"excerpt":{"rendered":"<p>Zatv\u00e1rac\u00ed n\u00f4\u017e s hladk\u00fdm ostr\u00edm Recon 1 Tanto Plain je mal\u00fd a ve\u013emi \u013eahk\u00fd zatv\u00e1ra\u010d, ktor\u00fd v\u00fdborne padne do ruky.<\/p>\n","protected":false},"featured_media":244854,"comment_status":"open","ping_status":"closed","template":"","meta":[],"pwb-brand":[3598],"product_brand":[],"product_cat":[3233,3186],"product_tag":[3668],"class_list":{"0":"post-244856","1":"product","2":"type-product","3":"status-publish","4":"has-post-thumbnail","6":"pwb-brand-cold-steel-sk","7":"product_cat-zatvaracie-noze","8":"product_cat-noze-sk","9":"product_tag-b2b-sk","11":"first","12":"instock","13":"taxable","14":"shipping-taxable","15":"purchasable","16":"product-type-simple"},"brands":[{"id":3598,"name":"Cold Steel","slug":"cold-steel-sk"}],"_links":{"self":[{"href":"https:\/\/www.moskito.cz\/sk\/wp-json\/wp\/v2\/product\/244856","targetHints":{"allow":["GET"]}}],"collection":[{"href":"https:\/\/www.moskito.cz\/sk\/wp-json\/wp\/v2\/product"}],"about":[{"href":"https:\/\/www.moskito.cz\/sk\/wp-json\/wp\/v2\/types\/product"}],"replies":[{"embeddable":true,"href":"https:\/\/www.moskito.cz\/sk\/wp-json\/wp\/v2\/comments?post=244856"}],"wp:featuredmedia":[{"embeddable":true,"href":"https:\/\/www.moskito.cz\/sk\/wp-json\/wp\/v2\/media\/244854"}],"wp:attachment":[{"href":"https:\/\/www.moskito.cz\/sk\/wp-json\/wp\/v2\/media?parent=244856"}],"wp:term":[{"taxonomy":"pwb-brand","embeddable":true,"href":"https:\/\/www.moskito.cz\/sk\/wp-json\/wp\/v2\/pwb-brand?post=244856"},{"taxonomy":"product_brand","embeddable":true,"href":"https:\/\/www.moskito.cz\/sk\/wp-json\/wp\/v2\/product_brand?post=244856"},{"taxonomy":"product_cat","embeddable":true,"href":"https:\/\/www.moskito.cz\/sk\/wp-json\/wp\/v2\/product_cat?post=244856"},{"taxonomy":"product_tag","embeddable":true,"href":"https:\/\/www.moskito.cz\/sk\/wp-json\/wp\/v2\/product_tag?post=244856"}],"curies":[{"name":"wp","href":"https:\/\/api.w.org\/{rel}","templated":true}]}}