{"id":244868,"date":"2022-11-01T18:23:13","date_gmt":"2022-11-01T17:23:13","guid":{"rendered":"https:\/\/www.moskito.cz\/produkt\/zatvaraci-noz-cold-steel-ad-10-tanto\/"},"modified":"2025-05-07T10:48:38","modified_gmt":"2025-05-07T09:48:38","slug":"zatvaraci-noz-cold-steel-ad-10-tanto","status":"publish","type":"product","link":"https:\/\/www.moskito.cz\/sk\/produkt\/zatvaraci-noz-cold-steel-ad-10-tanto\/","title":{"rendered":"Zatv\u00e1rac\u00ed N\u00f4\u017e Cold Steel AD-10 Tanto"},"content":{"rendered":"<p>Zatv\u00e1rac\u00ed N\u00f4\u017e Cold Steel AD-10 Tanto.<\/p>\n<p>AD-10 vych\u00e1dza z modelu 4-Max, ale je men\u0161\u00ed a \u013eah\u0161\u00ed. AD-10 je v\u0161ak dospel\u00fd n\u00f4\u017e bez kompromisov. Jeho 101 mm dlh\u00e1 tanto \u010depe\u013e je extr\u00e9mne odoln\u00e1 proti ohnutiu. \u010cepe\u013e s dut\u00fdm v\u00fdbrusom je vyroben\u00e1 z ocele S35VN. T\u00e1to v\u00fdnimo\u010dn\u00e1 americk\u00e1 oce\u013e je nielen ve\u013emi tuh\u00e1 a odoln\u00e1, ale je mo\u017en\u00e9 na nej dosiahnu\u0165 vynikaj\u00facu ostros\u0165 no\u017ea a ostrie m\u00e1 potom dlh\u00fa trvanlivos\u0165. Ve\u013emi jemne zrnit\u00e1 pr\u00e1\u0161kov\u00e1 oce\u013e s jednotnou mikro\u0161trukt\u00farou pon\u00faka ve\u013emi stabiln\u00e9 vlastnosti. Je odoln\u00e1 aj pri ve\u013emi jemnej fazete ostrie, spo\u013eahliv\u00e1, vysoko nehrdzavej\u00faca. Je to dobr\u00e1 vo\u013eba pre vysoko kvalitn\u00e9 z\u00e1kazkov\u00e9 no\u017ee a n\u00e1stroje. Proces CPM (pseudopr\u00e1\u0161kov\u00e1 metalurgia) je z\u00e1rukou ve\u013emi homog\u00e9nnej, vysoko kvalitnej \u0161trukt\u00fary ocele, rozmerovou stabilitou, dobrou br\u00fasite\u013enos\u0165ou a pevnos\u0165ou v porovnan\u00ed s oce\u013eami vyroben\u00fdmi klasick\u00fdmi konven\u010dn\u00fdmi met\u00f3dami. Napriek ni\u017e\u0161iemu obsahu chr\u00f3mu vykazuje t\u00e1to oce\u013e v oblasti odolnosti proti kor\u00f3zii ve\u013emi dobr\u00e9 v\u00fdsledky. Rukov\u00e4\u0165 no\u017ea je vyroben\u00e1 z G-10. Rukov\u00e4ti dominuje mas\u00edvny opaskov\u00fd klip. Poistka Tri-Ad Lock\u2122 zabra\u0148uje samo\u010dinn\u00e9mu alebo nechcen\u00e9mu zatvoreniu no\u017ea aj po prirodzenom opotrebovan\u00ed v priebehu \u010dasu.<\/p>\n<p>PARAMETRE PRODUKTU<br \/>\nMateri\u00e1l rukov\u00e4te: G-10<br \/>\nCelkov\u00e1 ve\u013ekos\u0165: 223 mm<br \/>\nOce\u013e: CPM-S35VN<br \/>\nHr\u00fabka \u010depele: 4 mm<br \/>\nD\u013a\u017eka rukov\u00e4te: 129 mm<br \/>\nD\u013a\u017eka \u010depele: 94 mm<br \/>\nFarba: \u010cierna\/Strieborn\u00e1<br \/>\nHmotnos\u0165: 196 g<\/p>\n","protected":false},"excerpt":{"rendered":"<p>AD-10 je dizajnovo ve\u013emi prepracovan\u00fd zatv\u00e1rac\u00ed n\u00f4\u017e s hladk\u00fdm tanto ostr\u00edm z dielne Andew Demka. P\u00f4sob\u00ed robustne a u\u017e napoh\u013ead si dojedn\u00e1va re\u0161pekt.<\/p>\n","protected":false},"featured_media":229115,"comment_status":"open","ping_status":"closed","template":"","meta":[],"pwb-brand":[3598],"product_brand":[],"product_cat":[3186,3233],"product_tag":[3668],"class_list":{"0":"post-244868","1":"product","2":"type-product","3":"status-publish","4":"has-post-thumbnail","6":"pwb-brand-cold-steel-sk","7":"product_cat-noze-sk","8":"product_cat-zatvaracie-noze","9":"product_tag-b2b-sk","11":"first","12":"instock","13":"taxable","14":"shipping-taxable","15":"purchasable","16":"product-type-simple"},"brands":[{"id":3598,"name":"Cold Steel","slug":"cold-steel-sk"}],"_links":{"self":[{"href":"https:\/\/www.moskito.cz\/sk\/wp-json\/wp\/v2\/product\/244868","targetHints":{"allow":["GET"]}}],"collection":[{"href":"https:\/\/www.moskito.cz\/sk\/wp-json\/wp\/v2\/product"}],"about":[{"href":"https:\/\/www.moskito.cz\/sk\/wp-json\/wp\/v2\/types\/product"}],"replies":[{"embeddable":true,"href":"https:\/\/www.moskito.cz\/sk\/wp-json\/wp\/v2\/comments?post=244868"}],"wp:featuredmedia":[{"embeddable":true,"href":"https:\/\/www.moskito.cz\/sk\/wp-json\/wp\/v2\/media\/229115"}],"wp:attachment":[{"href":"https:\/\/www.moskito.cz\/sk\/wp-json\/wp\/v2\/media?parent=244868"}],"wp:term":[{"taxonomy":"pwb-brand","embeddable":true,"href":"https:\/\/www.moskito.cz\/sk\/wp-json\/wp\/v2\/pwb-brand?post=244868"},{"taxonomy":"product_brand","embeddable":true,"href":"https:\/\/www.moskito.cz\/sk\/wp-json\/wp\/v2\/product_brand?post=244868"},{"taxonomy":"product_cat","embeddable":true,"href":"https:\/\/www.moskito.cz\/sk\/wp-json\/wp\/v2\/product_cat?post=244868"},{"taxonomy":"product_tag","embeddable":true,"href":"https:\/\/www.moskito.cz\/sk\/wp-json\/wp\/v2\/product_tag?post=244868"}],"curies":[{"name":"wp","href":"https:\/\/api.w.org\/{rel}","templated":true}]}}