{"id":244870,"date":"2022-11-02T21:17:09","date_gmt":"2022-11-02T20:17:09","guid":{"rendered":"https:\/\/www.moskito.cz\/produkt\/zatvaraci-noz-cold-steel-ad-10-lite-drop-point\/"},"modified":"2025-05-07T10:48:38","modified_gmt":"2025-05-07T09:48:38","slug":"zatvaraci-noz-cold-steel-ad-10-lite-drop-point","status":"publish","type":"product","link":"https:\/\/www.moskito.cz\/sk\/produkt\/zatvaraci-noz-cold-steel-ad-10-lite-drop-point\/","title":{"rendered":"Zatv\u00e1rac\u00ed N\u00f4\u017e Cold Steel AD-10 LITE DROP POINT"},"content":{"rendered":"<p>Zatv\u00e1rac\u00ed N\u00f4\u017e Cold Steel AD-10 LITE DROP POINT.<\/p>\n<p>AD-10 Lite je ekonomickej\u0161ia verzia zaklada\u010dov radu AD-10. Zdie\u013ea v\u00e4\u010d\u0161inu funkci\u00ed, \u0161t\u00fdlu a potenci\u00e1lu vysok\u00e9ho v\u00fdkonu svojich drah\u0161\u00edch n\u00e1protivkov, vr\u00e1tane n\u00e1\u0161ho exkluz\u00edvneho z\u00e1mku Tri-Ad\u00ae, konfigur\u00e1ciou \u010depel\u00ed<br \/>\na hr\u00fabky ocele, ale boli vyroben\u00e9 z cenovo dostupnej\u0161\u00edch materi\u00e1lov. Napr\u00edklad namiesto drah\u00e9ho G-10 s\u00fa rukov\u00e4te AD-10 Lites vyroben\u00e9 z lacnej\u0161ieho GFN a \u010depele s\u00fa vyroben\u00e9 z nerezovej ocele AUS 10A sk\u00f4r ako S35VN, ktor\u00fd sa pou\u017e\u00edva v \u0161tandardn\u00fdch verzi\u00e1ch. S\u00fa cenovo dostupn\u00e9, ostr\u00e9 ako britva a pripraven\u00e9 na akciu.<\/p>\n<p>PARAMETRE PRODUKTU<br \/>\nOce\u013e: AUS10A<br \/>\nD\u013a\u017eka \u010depele: 94 mm<br \/>\nCelkov\u00e1 ve\u013ekos\u0165: 223 mm<br \/>\nFarba: \u010cierna\/Strieborn\u00e1<br \/>\nMateri\u00e1l rukov\u00e4te: GFN<br \/>\nHmotnos\u0165: 196 g<br \/>\nD\u013a\u017eka rukov\u00e4te: 129 mm<br \/>\nHr\u00fabka \u010depele: 4 mm<\/p>\n","protected":false},"excerpt":{"rendered":"<p>Zatv\u00e1rac\u00ed N\u00f4\u017e Cold Steel AD-10 LITE DROP POINT.<\/p>\n<p>AD-10 Lite je ekonomickej\u0161ia verzia zaklada\u010dov radu AD-10. Zdie\u013ea v\u00e4\u010d\u0161inu funkci\u00ed, \u0161t\u00fdlu a potenci\u00e1lu vysok\u00e9ho v\u00fdkonu svojich drah\u0161\u00edch n\u00e1protivkov, vr\u00e1tane n\u00e1\u0161ho exkluz\u00edvneho z\u00e1mku Tri-Ad\u00ae, konfigur\u00e1ciou \u010depel\u00ed<br \/>\na tlou\u0161\u0165ky ocele, ale boli vyroben\u00e9 z cenovo dostupnej\u0161\u00edch materi\u00e1lov. Napr\u00edklad namiesto drah\u00e9ho G-10 s\u00fa rukov\u00e4te AD-10 Lites vyroben\u00e9 z lacnej\u0161ieho GFN a \u010depele s\u00fa vyroben\u00e9 z nerezovej ocele AUS 10A sk\u00f4r ako S35VN, ktor\u00fd sa pou\u017e\u00edva v \u0161tandardn\u00fdch verzi\u00e1ch. S\u00fa cenovo dostupn\u00e9, ostr\u00e9 ako britva a pripraven\u00e9 na akciu.<\/p>\n<p>PARAMETRE PRODUKTU<br \/>\nOce\u013e: AUS10A<br \/>\nD\u013a\u017eka \u010depele: 94 mm<br \/>\nCelkov\u00e1 ve\u013ekos\u0165: 223 mm<br \/>\nFarba: \u010cierna\/Strieborn\u00e1<br \/>\nMateri\u00e1l rukov\u00e4te: GFN<br \/>\nHmotnos\u0165: 196 g<br \/>\nD\u013a\u017eka rukov\u00e4te: 129 mm<br \/>\nH\u013abka \u010depele: 4 mm<\/p>\n","protected":false},"featured_media":229271,"comment_status":"open","ping_status":"closed","template":"","meta":[],"pwb-brand":[3598],"product_brand":[],"product_cat":[3186,3233],"product_tag":[3668],"class_list":{"0":"post-244870","1":"product","2":"type-product","3":"status-publish","4":"has-post-thumbnail","6":"pwb-brand-cold-steel-sk","7":"product_cat-noze-sk","8":"product_cat-zatvaracie-noze","9":"product_tag-b2b-sk","11":"first","12":"instock","13":"taxable","14":"shipping-taxable","15":"purchasable","16":"product-type-simple"},"brands":[{"id":3598,"name":"Cold Steel","slug":"cold-steel-sk"}],"_links":{"self":[{"href":"https:\/\/www.moskito.cz\/sk\/wp-json\/wp\/v2\/product\/244870","targetHints":{"allow":["GET"]}}],"collection":[{"href":"https:\/\/www.moskito.cz\/sk\/wp-json\/wp\/v2\/product"}],"about":[{"href":"https:\/\/www.moskito.cz\/sk\/wp-json\/wp\/v2\/types\/product"}],"replies":[{"embeddable":true,"href":"https:\/\/www.moskito.cz\/sk\/wp-json\/wp\/v2\/comments?post=244870"}],"wp:featuredmedia":[{"embeddable":true,"href":"https:\/\/www.moskito.cz\/sk\/wp-json\/wp\/v2\/media\/229271"}],"wp:attachment":[{"href":"https:\/\/www.moskito.cz\/sk\/wp-json\/wp\/v2\/media?parent=244870"}],"wp:term":[{"taxonomy":"pwb-brand","embeddable":true,"href":"https:\/\/www.moskito.cz\/sk\/wp-json\/wp\/v2\/pwb-brand?post=244870"},{"taxonomy":"product_brand","embeddable":true,"href":"https:\/\/www.moskito.cz\/sk\/wp-json\/wp\/v2\/product_brand?post=244870"},{"taxonomy":"product_cat","embeddable":true,"href":"https:\/\/www.moskito.cz\/sk\/wp-json\/wp\/v2\/product_cat?post=244870"},{"taxonomy":"product_tag","embeddable":true,"href":"https:\/\/www.moskito.cz\/sk\/wp-json\/wp\/v2\/product_tag?post=244870"}],"curies":[{"name":"wp","href":"https:\/\/api.w.org\/{rel}","templated":true}]}}