{"id":244874,"date":"2022-04-21T20:50:53","date_gmt":"2022-04-21T19:50:53","guid":{"rendered":"https:\/\/www.moskito.cz\/produkt\/cold-steel-sr1-lite-folding-knife-tanto-point\/"},"modified":"2025-05-07T10:48:38","modified_gmt":"2025-05-07T09:48:38","slug":"cold-steel-sr1-lite-folding-knife-tanto-point","status":"publish","type":"product","link":"https:\/\/www.moskito.cz\/sk\/produkt\/cold-steel-sr1-lite-folding-knife-tanto-point\/","title":{"rendered":"Cold Steel SR1 LITE Folding Knife &#8211; TANTO POINT"},"content":{"rendered":"<p>Zav\u00edrac\u00ed N\u016f\u017e Cold Steel SR1 LITE &#8211; TANTO POINT.<\/p>\n<p>I kdy\u017e nen\u00ed v\u00fdrazn\u011b leh\u010d\u00ed, na\u0161e SR1 Lite je nesporn\u011b leh\u010d\u00ed na pen\u011b\u017eenku! Vyrobeno tak, aby napodobovalo sv\u00e9ho velk\u00e9ho bratra ve v\u0161ech ohledech, s v\u00fdjimkou nahrazen\u00ed rukojeti G-10 rukojet\u00ed Griv-Ex\u2122 a pou\u017eit\u00ed cenov\u011b dostupn\u011bj\u0161\u00ed oceli \u010depele 8Cr13MoV. St\u00e1le je ostr\u00fd jako b\u0159itva a p\u0159ipraven na v\u00e1\u0161 nejt\u011b\u017e\u0161\u00ed \u00fakol nebo nejv\u011bt\u0161\u00ed dobrodru\u017estv\u00ed .<\/p>\n<p>PARAMETRY PRODUKTU<br \/>\nD\u00e9lka rukojeti : 137 mm<br \/>\nBarva : \u010cern\u00e1\/St\u0159\u00edbrn\u00e1<br \/>\nD\u00e9lka \u010depele : 101 mm<br \/>\nHmotnost : 178 g<br \/>\nMateri\u00e1l rukojeti : Long Griv-Ex\u2122<br \/>\nOcel : 8Cr13MoV<br \/>\nTlou\u0161\u0165ka \u010depele : 4,8 mm<br \/>\nCelkov\u00e1 velikost : 238 mm<\/p>\n","protected":false},"excerpt":{"rendered":"<p>SR1 Lite je lacnej\u0161\u00ed variant popul\u00e1rnej SR1 \u2013 zatv\u00e1racieho no\u017ea s hladk\u00fdm ostr\u00edm. SR1 je robustn\u00fd pracovn\u00fd n\u00f4\u017e ur\u010den\u00fd na pou\u017e\u00edvanie v najn\u00e1ro\u010dnej\u0161\u00edch podmienkach.<\/p>\n","protected":false},"featured_media":215340,"comment_status":"open","ping_status":"closed","template":"","meta":[],"pwb-brand":[3598],"product_brand":[],"product_cat":[3233,3186],"product_tag":[],"class_list":{"0":"post-244874","1":"product","2":"type-product","3":"status-publish","4":"has-post-thumbnail","6":"pwb-brand-cold-steel-sk","7":"product_cat-zatvaracie-noze","8":"product_cat-noze-sk","10":"first","11":"instock","12":"taxable","13":"shipping-taxable","14":"purchasable","15":"product-type-simple"},"brands":[{"id":3598,"name":"Cold Steel","slug":"cold-steel-sk"}],"_links":{"self":[{"href":"https:\/\/www.moskito.cz\/sk\/wp-json\/wp\/v2\/product\/244874","targetHints":{"allow":["GET"]}}],"collection":[{"href":"https:\/\/www.moskito.cz\/sk\/wp-json\/wp\/v2\/product"}],"about":[{"href":"https:\/\/www.moskito.cz\/sk\/wp-json\/wp\/v2\/types\/product"}],"replies":[{"embeddable":true,"href":"https:\/\/www.moskito.cz\/sk\/wp-json\/wp\/v2\/comments?post=244874"}],"wp:featuredmedia":[{"embeddable":true,"href":"https:\/\/www.moskito.cz\/sk\/wp-json\/wp\/v2\/media\/215340"}],"wp:attachment":[{"href":"https:\/\/www.moskito.cz\/sk\/wp-json\/wp\/v2\/media?parent=244874"}],"wp:term":[{"taxonomy":"pwb-brand","embeddable":true,"href":"https:\/\/www.moskito.cz\/sk\/wp-json\/wp\/v2\/pwb-brand?post=244874"},{"taxonomy":"product_brand","embeddable":true,"href":"https:\/\/www.moskito.cz\/sk\/wp-json\/wp\/v2\/product_brand?post=244874"},{"taxonomy":"product_cat","embeddable":true,"href":"https:\/\/www.moskito.cz\/sk\/wp-json\/wp\/v2\/product_cat?post=244874"},{"taxonomy":"product_tag","embeddable":true,"href":"https:\/\/www.moskito.cz\/sk\/wp-json\/wp\/v2\/product_tag?post=244874"}],"curies":[{"name":"wp","href":"https:\/\/api.w.org\/{rel}","templated":true}]}}