{"id":244882,"date":"2023-03-26T08:36:04","date_gmt":"2023-03-26T07:36:04","guid":{"rendered":"https:\/\/www.moskito.cz\/produkt\/zatvaraci-noz-cold-steel-range-boss-od-green\/"},"modified":"2025-05-07T10:48:39","modified_gmt":"2025-05-07T09:48:39","slug":"zatvaraci-noz-cold-steel-range-boss-od-green","status":"publish","type":"product","link":"https:\/\/www.moskito.cz\/sk\/produkt\/zatvaraci-noz-cold-steel-range-boss-od-green\/","title":{"rendered":"Zatv\u00e1rac\u00ed N\u00f4\u017e Cold Steel RANGE BOSS OD GREEN"},"content":{"rendered":"<p>Zatv\u00e1rac\u00ed N\u00f4\u017e Cold Steel RANGE BOSS OD GREEN<\/p>\n<p>\u010ci u\u017e idete tax\u00edkom na Manhattane alebo na koni v Montane, sme si ist\u00ed, \u017ee n\u00e1\u0161ho Range Bossa ocen\u00edte. Navrhnut\u00e9 na celodenn\u00e9 nosenie vo vrecku alebo pri p\u00e1se, je \u013eahk\u00e9 a \u013eahko sa nos\u00ed. Nezaberie ve\u013ea miesta a d\u00e1 sa pren\u00e1\u0161a\u0165 prakticky bez pov\u0161imnutia, k\u00fdm ho neotvor\u00edte. \u010cepe\u013e Range Boss je naplocho br\u00fasen\u00e1 do tenkej hrany, ktor\u00e1 je tak\u00e1 ostr\u00e1, \u017ee v\u00e1s ohrom\u00ed. Je umyt\u00fd kame\u0148om, aby odolal hrdzi, a jeho v\u0161estrannos\u0165 z neho rob\u00ed \u010dertovsky dobr\u00fd n\u00f4\u017e na odstra\u0148ovanie ko\u017ee, nehovoriac o pr\u00edprave jedla. Nylonov\u00e1 rukov\u00e4\u0165 vystu\u017een\u00e1 sklom m\u00e1 text\u00faru s bodkovan\u00fdm vzorom pre dobr\u00fd \u00fachop a je vybaven\u00e1 presl\u00e1ven\u00fdm z\u00e1mkom Tri-Ad\u00ae pre vynikaj\u00facu pevnos\u0165.<\/p>\n<p>Popis:<\/p>\n<p>Celkov\u00e1 ve\u013ekos\u0165: 235 mm<br \/>\nD\u013a\u017eka \u010depele: 101 mm<br \/>\nHr\u00fabka \u010depele: 3,5 mm<br \/>\nD\u013a\u017eka rukov\u00e4te: 134 mm<br \/>\nMateri\u00e1l ocele:<br \/>\n4034SS Steel<br \/>\nMateri\u00e1l rukov\u00e4te: Long Zy-Ex, zelen\u00e1<br \/>\nPoistka: Tri-Ad Lock<br \/>\nHmotnos\u0165: 96 g<\/p>\n","protected":false},"excerpt":{"rendered":"<p>Range Boss je zatv\u00e1rac\u00ed n\u00f4\u017e s hladk\u00fdm ostrie a ploch\u00fdm v\u00fdbrusom. Ide o klasick\u00e9 EDC, teda n\u00f4\u017e na ka\u017edodenn\u00e9 nosenie. Relat\u00edvne ve\u013ek\u00fd, ale pr\u00edjemne \u013eahk\u00fd pracovn\u00fd n\u00e1stroj.<\/p>\n","protected":false},"featured_media":244880,"comment_status":"open","ping_status":"closed","template":"","meta":[],"pwb-brand":[3598],"product_brand":[],"product_cat":[3186,3233],"product_tag":[],"class_list":{"0":"post-244882","1":"product","2":"type-product","3":"status-publish","4":"has-post-thumbnail","6":"pwb-brand-cold-steel-sk","7":"product_cat-noze-sk","8":"product_cat-zatvaracie-noze","10":"first","11":"instock","12":"taxable","13":"shipping-taxable","14":"purchasable","15":"product-type-simple"},"brands":[{"id":3598,"name":"Cold Steel","slug":"cold-steel-sk"}],"_links":{"self":[{"href":"https:\/\/www.moskito.cz\/sk\/wp-json\/wp\/v2\/product\/244882","targetHints":{"allow":["GET"]}}],"collection":[{"href":"https:\/\/www.moskito.cz\/sk\/wp-json\/wp\/v2\/product"}],"about":[{"href":"https:\/\/www.moskito.cz\/sk\/wp-json\/wp\/v2\/types\/product"}],"replies":[{"embeddable":true,"href":"https:\/\/www.moskito.cz\/sk\/wp-json\/wp\/v2\/comments?post=244882"}],"wp:featuredmedia":[{"embeddable":true,"href":"https:\/\/www.moskito.cz\/sk\/wp-json\/wp\/v2\/media\/244880"}],"wp:attachment":[{"href":"https:\/\/www.moskito.cz\/sk\/wp-json\/wp\/v2\/media?parent=244882"}],"wp:term":[{"taxonomy":"pwb-brand","embeddable":true,"href":"https:\/\/www.moskito.cz\/sk\/wp-json\/wp\/v2\/pwb-brand?post=244882"},{"taxonomy":"product_brand","embeddable":true,"href":"https:\/\/www.moskito.cz\/sk\/wp-json\/wp\/v2\/product_brand?post=244882"},{"taxonomy":"product_cat","embeddable":true,"href":"https:\/\/www.moskito.cz\/sk\/wp-json\/wp\/v2\/product_cat?post=244882"},{"taxonomy":"product_tag","embeddable":true,"href":"https:\/\/www.moskito.cz\/sk\/wp-json\/wp\/v2\/product_tag?post=244882"}],"curies":[{"name":"wp","href":"https:\/\/api.w.org\/{rel}","templated":true}]}}