{"id":244889,"date":"2022-11-02T19:58:41","date_gmt":"2022-11-02T18:58:41","guid":{"rendered":"https:\/\/www.moskito.cz\/produkt\/zatvaraci-noz-cold-steel-black-talon-ii-s35vn\/"},"modified":"2025-05-07T10:48:39","modified_gmt":"2025-05-07T09:48:39","slug":"zatvaraci-noz-cold-steel-black-talon-ii-s35vn","status":"publish","type":"product","link":"https:\/\/www.moskito.cz\/sk\/produkt\/zatvaraci-noz-cold-steel-black-talon-ii-s35vn\/","title":{"rendered":"Zatv\u00e1rac\u00ed N\u00f4\u017e Cold Steel BLACK TALON II (S35VN)"},"content":{"rendered":"<p>Zatv\u00e1rac\u00ed N\u00f4\u017e Cold Steel BLACK TALON II (S35VN)<\/p>\n<p>Dizajnov\u00e1 spolupr\u00e1ca medzi prezidentkou Cold Steel Lynn C Thompson a z\u00e1kazkov\u00fdm v\u00fdrobcom no\u017eov Andrewom Demkom, Black Talon II je modern\u00e9 majstrovsk\u00e9 dielo! Je to k\u013eukato zakriven\u00e1 \u010depe\u013e ostr\u00e1 ako ihla, st\u00e1le sa vyzna\u010duje charakteristick\u00fdm hrotom zahnut\u00fdm dole a v\u00fdrazn\u00fdm bruchom origin\u00e1lu, ale s \u00faplne novou \u0161pi\u010dkovou americkou super oce\u013eou S35VN a prepracovan\u00fdm hrotom pre v\u00e4\u010d\u0161iu pevnos\u0165 a odolnos\u0165. Pr\u00e9miov\u00e9 texturovan\u00e9 \u0161upiny G10 pon\u00fakaj\u00fa maxim\u00e1lnu pri\u013enavos\u0165 a pri\u013enavos\u0165 aj v chladn\u00fdch alebo vlhk\u00fdch podmienkach, pri\u010dom s\u00fa st\u00e1le \u0161etrn\u00e9 k v\u00e1\u0161mu oble\u010deniu, ke\u010f ich vytiahnete z vrecka.<\/p>\n<p>Kontrast medzi tmavou \u010diernou \u0161up\u00edn a n\u00e1dhernou bohatou sat\u00e9novo le\u0161tenou \u010depe\u013eou \u010falej zd\u00f4raz\u0148uje \u0161mrnc a \u0161t\u00fdl tejto dobre vyzeraj\u00facej a elegantnej zlo\u017eky. Tento tenk\u00fd, \u013eahk\u00fd a p\u00fatav\u00fd n\u00f4\u017e, ktor\u00fd je vybaven\u00fd na\u0161\u00edm vysoko v\u00fdkonn\u00fdm uzamykac\u00edm mechanizmom Tri-Ad pre v\u00e4\u010d\u0161iu bezpe\u010dnos\u0165 a pevnos\u0165, bude ur\u010dite t\u00e9mou zbierky ka\u017ed\u00e9ho!<\/p>\n<p>PARAMETRE PRODUKTU<br \/>\nD\u013a\u017eka \u010depele: 101 mm<br \/>\nFarba: \u010cierna\/Strieborn\u00e1<br \/>\nD\u013a\u017eka rukov\u00e4te: 139 mm<br \/>\nCelkov\u00e1 ve\u013ekos\u0165: 241 mm<br \/>\nMateri\u00e1l rukov\u00e4te: Long G-10<br \/>\nOce\u013e: S35VN<br \/>\nHr\u00fabka \u010depele: 3,5 mm<br \/>\nHmotnos\u0165: 136,07 g<\/p>\n","protected":false},"excerpt":{"rendered":"<p>Black Talon II Serrated Edge od firmy Cold Steel je zatv\u00e1rac\u00ed n\u00f4\u017e s hrozivo zakriven\u00fdm ostr\u00edm.<\/p>\n","protected":false},"featured_media":229250,"comment_status":"open","ping_status":"closed","template":"","meta":[],"pwb-brand":[3598],"product_brand":[],"product_cat":[3233,3186],"product_tag":[],"class_list":{"0":"post-244889","1":"product","2":"type-product","3":"status-publish","4":"has-post-thumbnail","6":"pwb-brand-cold-steel-sk","7":"product_cat-zatvaracie-noze","8":"product_cat-noze-sk","10":"first","11":"instock","12":"taxable","13":"shipping-taxable","14":"purchasable","15":"product-type-simple"},"brands":[{"id":3598,"name":"Cold Steel","slug":"cold-steel-sk"}],"_links":{"self":[{"href":"https:\/\/www.moskito.cz\/sk\/wp-json\/wp\/v2\/product\/244889","targetHints":{"allow":["GET"]}}],"collection":[{"href":"https:\/\/www.moskito.cz\/sk\/wp-json\/wp\/v2\/product"}],"about":[{"href":"https:\/\/www.moskito.cz\/sk\/wp-json\/wp\/v2\/types\/product"}],"replies":[{"embeddable":true,"href":"https:\/\/www.moskito.cz\/sk\/wp-json\/wp\/v2\/comments?post=244889"}],"wp:featuredmedia":[{"embeddable":true,"href":"https:\/\/www.moskito.cz\/sk\/wp-json\/wp\/v2\/media\/229250"}],"wp:attachment":[{"href":"https:\/\/www.moskito.cz\/sk\/wp-json\/wp\/v2\/media?parent=244889"}],"wp:term":[{"taxonomy":"pwb-brand","embeddable":true,"href":"https:\/\/www.moskito.cz\/sk\/wp-json\/wp\/v2\/pwb-brand?post=244889"},{"taxonomy":"product_brand","embeddable":true,"href":"https:\/\/www.moskito.cz\/sk\/wp-json\/wp\/v2\/product_brand?post=244889"},{"taxonomy":"product_cat","embeddable":true,"href":"https:\/\/www.moskito.cz\/sk\/wp-json\/wp\/v2\/product_cat?post=244889"},{"taxonomy":"product_tag","embeddable":true,"href":"https:\/\/www.moskito.cz\/sk\/wp-json\/wp\/v2\/product_tag?post=244889"}],"curies":[{"name":"wp","href":"https:\/\/api.w.org\/{rel}","templated":true}]}}