{"id":244898,"date":"2022-11-03T22:05:11","date_gmt":"2022-11-03T21:05:11","guid":{"rendered":"https:\/\/www.moskito.cz\/produkt\/zatvaraci-noz-cold-steel-sr1-tanto-point\/"},"modified":"2025-05-07T10:48:46","modified_gmt":"2025-05-07T09:48:46","slug":"zatvaraci-noz-cold-steel-sr1-tanto-point","status":"publish","type":"product","link":"https:\/\/www.moskito.cz\/sk\/produkt\/zatvaraci-noz-cold-steel-sr1-tanto-point\/","title":{"rendered":"Zatv\u00e1rac\u00ed N\u00f4\u017e Cold Steel SR1 TANTO POINT"},"content":{"rendered":"<p>Zatv\u00e1rac\u00ed N\u00f4\u017e <strong>Cold Steel<\/strong> SR1 TANTO POINT.<\/p>\n<p>Cold Steel SRK (Survival Rescue Knife) je vlajkovou lo\u010fou n\u00e1\u0161ho radu u\u017e viac ako 25 rokov. N\u00f4\u017e, ktor\u00fd si mnoh\u00ed v arm\u00e1de vyberaj\u00fa, dodnes zost\u00e1va \u0161tandardnou pevnou \u010depe\u013eou jednotiek Navy SEAL pri v\u00fdcviku BUDS. Ke\u010f sme po\u017eiadali z\u00e1kazkov\u00e9ho v\u00fdrobcu no\u017eov Andrewa Demka, aby vyvinul \u0161pi\u010dkov\u00fd taktick\u00fd zatv\u00e1rac\u00ed n\u00f4\u017e na vojensk\u00e9 pou\u017eitie, in\u0161piroval sa v na\u0161om SRK! SR1 sa vyzna\u010duje Andrewov\u00fdm charakteristick\u00fdm minimalistick\u00fdm \u0161t\u00fdlom, bez ozd\u00f4b alebo ozd\u00f4b, iba \u010disto funk\u010dn\u00fdm a praktick\u00fdm dizajnom. SR1 a nov\u00e9 SR1 Tanto s\u00fa stvoren\u00e9 na pr\u00e1cu. Obaja s\u00fa vyroben\u00ed z americkej pr\u00e9miovej pr\u00e1\u0161kovej ocele CPM-S35VN a s\u00fa to vysoko v\u00fdkonn\u00e9 pracovn\u00e9 kone, navrhnut\u00e9 pre najdrsnej\u0161ie a nemilosrdn\u00e9 prostredie. Dobr\u00e1 \u010depe\u013e potrebuje dobr\u00fa rukov\u00e4\u0165, tak\u017ee rukov\u00e4\u0165 SR1 je vyroben\u00e1 z pr\u00e9miov\u00e9ho G-10 s tepelne spracovan\u00fdmi vlo\u017ekami z ocele. S povrchom s hrubou text\u00farou pre bezpe\u010dn\u00fd \u00fachop aj v chladn\u00fdch a mokr\u00fdch podmienkach a odborne tvarovan\u00fdm pre pohodln\u00e9 a bezpe\u010dn\u00e9 uchopenie aj v \u0165a\u017ek\u00fdch rukaviciach. Pre v\u00e4\u010d\u0161iu spo\u013eahlivos\u0165 a pokoj na du\u0161i sme SR1 vybavili na\u0161\u00edm uzamykac\u00edm mechanizmom Tri-Ad \u2013 \u010dasom osved\u010den\u00fdm, \u017ee pre\u010dk\u00e1 aj najhor\u0161ie zneu\u017eitie, s bezkonkuren\u010dnou odolnos\u0165ou proti otrasom a n\u00e1razom \u2013 v\u010faka \u010domu je tento n\u00f4\u017e ide\u00e1lnou vo\u013ebou pre z\u00e1chrann\u00fa \u010depe\u013e na pre\u017eitie.<\/p>\n<p>PARAMETRE PRODUKTU<br \/>\nHr\u00fabka \u010depele: 4,8 mm<br \/>\nMateri\u00e1l rukov\u00e4te: Long OD Green G11<br \/>\nCelkov\u00e1 ve\u013ekos\u0165: 238 mm<br \/>\nDruh poistky: Tri-Ad Lock<br \/>\nHmotnos\u0165: 204 g<br \/>\nFarba: Zelen\u00e1\/Strieborn\u00e1<br \/>\nOce\u013e: CPM-S35VN<br \/>\nD\u013a\u017eka \u010depele: 101 mm<br \/>\nMateri\u00e1l puzdra: Ambidextrous Pocket \/ Belt Clip<br \/>\nD\u013a\u017eka rukov\u00e4te: 137 mm<\/p>\n","protected":false},"excerpt":{"rendered":"<p><strong>SR1 Tanto od firmy COLD STEEL je zatv\u00e1rac\u00ed n\u00f4\u017e s hladk\u00fdm ostr\u00edm.<\/strong><\/p>\n","protected":false},"featured_media":229363,"comment_status":"open","ping_status":"closed","template":"","meta":[],"pwb-brand":[3598],"product_brand":[],"product_cat":[3233,3186],"product_tag":[3668],"class_list":{"0":"post-244898","1":"product","2":"type-product","3":"status-publish","4":"has-post-thumbnail","6":"pwb-brand-cold-steel-sk","7":"product_cat-zatvaracie-noze","8":"product_cat-noze-sk","9":"product_tag-b2b-sk","11":"first","12":"instock","13":"taxable","14":"shipping-taxable","15":"purchasable","16":"product-type-simple"},"brands":[{"id":3598,"name":"Cold Steel","slug":"cold-steel-sk"}],"_links":{"self":[{"href":"https:\/\/www.moskito.cz\/sk\/wp-json\/wp\/v2\/product\/244898","targetHints":{"allow":["GET"]}}],"collection":[{"href":"https:\/\/www.moskito.cz\/sk\/wp-json\/wp\/v2\/product"}],"about":[{"href":"https:\/\/www.moskito.cz\/sk\/wp-json\/wp\/v2\/types\/product"}],"replies":[{"embeddable":true,"href":"https:\/\/www.moskito.cz\/sk\/wp-json\/wp\/v2\/comments?post=244898"}],"wp:featuredmedia":[{"embeddable":true,"href":"https:\/\/www.moskito.cz\/sk\/wp-json\/wp\/v2\/media\/229363"}],"wp:attachment":[{"href":"https:\/\/www.moskito.cz\/sk\/wp-json\/wp\/v2\/media?parent=244898"}],"wp:term":[{"taxonomy":"pwb-brand","embeddable":true,"href":"https:\/\/www.moskito.cz\/sk\/wp-json\/wp\/v2\/pwb-brand?post=244898"},{"taxonomy":"product_brand","embeddable":true,"href":"https:\/\/www.moskito.cz\/sk\/wp-json\/wp\/v2\/product_brand?post=244898"},{"taxonomy":"product_cat","embeddable":true,"href":"https:\/\/www.moskito.cz\/sk\/wp-json\/wp\/v2\/product_cat?post=244898"},{"taxonomy":"product_tag","embeddable":true,"href":"https:\/\/www.moskito.cz\/sk\/wp-json\/wp\/v2\/product_tag?post=244898"}],"curies":[{"name":"wp","href":"https:\/\/api.w.org\/{rel}","templated":true}]}}