{"id":244917,"date":"2023-03-26T20:03:46","date_gmt":"2023-03-26T19:03:46","guid":{"rendered":"https:\/\/www.moskito.cz\/produkt\/zatvaraci-noz-cold-steel-verdict-spear-point-aus10a-black\/"},"modified":"2025-10-02T15:04:18","modified_gmt":"2025-10-02T14:04:18","slug":"zatvaraci-noz-cold-steel-verdict-spear-point-aus10a-black","status":"publish","type":"product","link":"https:\/\/www.moskito.cz\/sk\/produkt\/zatvaraci-noz-cold-steel-verdict-spear-point-aus10a-black\/","title":{"rendered":"Zatv\u00e1rac\u00ed N\u00f4\u017e Cold Steel VERDICT SPEAR POINT (AUS10A) BLACK"},"content":{"rendered":"<p>Zatv\u00e1rac\u00ed N\u00f4\u017e <strong>Cold Steel<\/strong> VERDICT SPEAR POINT (AUS10A) BLACK<\/p>\n<p>T\u00e1to \u010depe\u013e je vybaven\u00e1 3-palcovou japonskou nerezovou oce\u013eou AUS-10, ktor\u00e1 je pevn\u00e1, \u013eahko sa ostrie a mimoriadne dobre dr\u017e\u00ed ostrie, a tie\u017e osved\u010den\u00fd Tri-Ad\u00ae z\u00e1mok Cold Steel. \u013dahk\u00e1 rukov\u00e4\u0165 G10 je ergonomicky navrhnut\u00e1 pre maxim\u00e1lne pohodlie. S dvoma tvarmi \u010depele (hrot kopije a tanto) a dvoma farbami rukov\u00e4te je Verdict definit\u00edvne vyhl\u00e1senie EDC.  <\/p>\n<p>S\u00e9ria Verdikt: Verdict sa vyzna\u010duje osved\u010den\u00fdm a d\u00f4veryhodn\u00fdm z\u00e1mkom Tri-Ad\u00ae a je dod\u00e1van\u00fd s dvoma oce\u013eov\u00fdmi a dvoma materi\u00e1lmi rukov\u00e4te a radom tvarov \u010depel\u00ed.<\/p>\n<p>Materi\u00e1l \u010depele: AUS-10A<br \/>\n Materi\u00e1l rukov\u00e4te: G-10<br \/>\n Poistka: Tri-Ad lock<br \/>\n D\u013a\u017eka \u010depele: 7.9 cm<br \/>\n Celkov\u00e1 d\u013a\u017eka: 18.4 cm<br \/>\n D\u013a\u017eka zlo\u017een\u00e9ho no\u017ea: 10.5 cm<br \/>\n Hr\u00fabka \u010depele: 2.9 mm<br \/>\n Hmotnos\u0165: 71 g<br \/>\n Typ \u010depele: Drop Point<\/p>\n<p><iframe title=\"COLD STEEL VERDICT LINE OF KNIVES\" width=\"800\" height=\"450\" src=\"https:\/\/www.youtube.com\/embed\/6vn_iWyLzhQ?feature=oembed\" frameborder=\"0\" allow=\"accelerometer; autoplay; clipboard-write; encrypted-media; gyroscope; picture-in-picture; web-share\" referrerpolicy=\"strict-origin-when-cross-origin\" allowfullscreen><\/iframe><\/p>\n<p>&nbsp;<\/p>\n","protected":false},"excerpt":{"rendered":"<p><strong>S\u00e9ria Verdikt: Verdict sa vyzna\u010duje osved\u010den\u00fdm a d\u00f4veryhodn\u00fdm z\u00e1mkom Tri-Ad\u00ae a je dod\u00e1van\u00fd s dvoma oce\u013eov\u00fdmi a dvoma materi\u00e1lmi rukov\u00e4te a radom tvarov \u010depel\u00ed.<\/strong><\/p>\n","protected":false},"featured_media":244909,"comment_status":"open","ping_status":"closed","template":"","meta":[],"pwb-brand":[3598],"product_brand":[],"product_cat":[3233,3186],"product_tag":[3668],"class_list":{"0":"post-244917","1":"product","2":"type-product","3":"status-publish","4":"has-post-thumbnail","6":"pwb-brand-cold-steel-sk","7":"product_cat-zatvaracie-noze","8":"product_cat-noze-sk","9":"product_tag-b2b-sk","11":"first","12":"instock","13":"taxable","14":"shipping-taxable","15":"purchasable","16":"product-type-simple"},"brands":[{"id":3598,"name":"Cold Steel","slug":"cold-steel-sk"}],"_links":{"self":[{"href":"https:\/\/www.moskito.cz\/sk\/wp-json\/wp\/v2\/product\/244917","targetHints":{"allow":["GET"]}}],"collection":[{"href":"https:\/\/www.moskito.cz\/sk\/wp-json\/wp\/v2\/product"}],"about":[{"href":"https:\/\/www.moskito.cz\/sk\/wp-json\/wp\/v2\/types\/product"}],"replies":[{"embeddable":true,"href":"https:\/\/www.moskito.cz\/sk\/wp-json\/wp\/v2\/comments?post=244917"}],"wp:featuredmedia":[{"embeddable":true,"href":"https:\/\/www.moskito.cz\/sk\/wp-json\/wp\/v2\/media\/244909"}],"wp:attachment":[{"href":"https:\/\/www.moskito.cz\/sk\/wp-json\/wp\/v2\/media?parent=244917"}],"wp:term":[{"taxonomy":"pwb-brand","embeddable":true,"href":"https:\/\/www.moskito.cz\/sk\/wp-json\/wp\/v2\/pwb-brand?post=244917"},{"taxonomy":"product_brand","embeddable":true,"href":"https:\/\/www.moskito.cz\/sk\/wp-json\/wp\/v2\/product_brand?post=244917"},{"taxonomy":"product_cat","embeddable":true,"href":"https:\/\/www.moskito.cz\/sk\/wp-json\/wp\/v2\/product_cat?post=244917"},{"taxonomy":"product_tag","embeddable":true,"href":"https:\/\/www.moskito.cz\/sk\/wp-json\/wp\/v2\/product_tag?post=244917"}],"curies":[{"name":"wp","href":"https:\/\/api.w.org\/{rel}","templated":true}]}}