{"id":244953,"date":"2023-03-27T19:59:32","date_gmt":"2023-03-27T18:59:32","guid":{"rendered":"https:\/\/www.moskito.cz\/produkt\/zatvaraci-noz-cold-steel-mini-tuff-lite-plain-edge-red\/"},"modified":"2025-05-07T10:48:49","modified_gmt":"2025-05-07T09:48:49","slug":"zatvaraci-noz-cold-steel-mini-tuff-lite-plain-edge-red","status":"publish","type":"product","link":"https:\/\/www.moskito.cz\/sk\/produkt\/zatvaraci-noz-cold-steel-mini-tuff-lite-plain-edge-red\/","title":{"rendered":"Zatv\u00e1rac\u00ed N\u00f4\u017e Cold Steel MINI TUFF LITE PLAIN EDGE RED"},"content":{"rendered":"<p>Zatv\u00e1rac\u00ed N\u00f4\u017e <strong>Cold Steel<\/strong> MINI TUFF LITE PLAIN EDGE RED<\/p>\n<p>Tuff Lite od Cold Steel s\u00fa dostato\u010dne pevn\u00e9 na to, aby to zvl\u00e1dli a dostato\u010dne \u013eahk\u00e9, aby boli po ruke, ke\u010f ich potrebujete. Dokonal\u00e1 ve\u013ekos\u0165, aby sa zmestila do ka\u017ed\u00e9ho vrecka, pripla si ju k p\u00e1su alebo ju nosila na krku na \u0161n\u00farke. V\u010faka \u0161irok\u00fdm, dut\u00fdm, br\u00fasen\u00fdm \u010depeliam s\u00fa nemilosrdne ostr\u00e9 a dok\u00e1\u017eu prereza\u0165 aj tie najodolnej\u0161ie materi\u00e1ly s ne\u010dakanou \u013eahkos\u0165ou. A v\u010faka ich \u0161ikm\u00fdm hrotom pon\u00fakaj\u00fa hlbok\u00fd prienik a potenci\u00e1l presn\u00e9ho rezania bez toho, aby p\u00f4sobili dostato\u010dne agres\u00edvne, aby pri\u0165ahovali ne\u017eiaducu pozornos\u0165. Verzie \u0161tandardnej ve\u013ekosti i verzie mini s\u00fa vy\u0161\u013eachten\u00e9 pre pr\u00e1cu a pon\u00fakaj\u00fa prekvapivo dobr\u00fd \u00fachop v\u010faka svojim skvele navrhnut\u00fdm rukov\u00e4tiam Griv Ex\u2122, ktor\u00e9 pon\u00fakaj\u00fa ohromn\u00fd pomer pevnosti k hmotnosti a s\u00fa vybaven\u00e9 na\u0161\u00edm najmodernej\u0161\u00edm z\u00e1mkom Tri-Ad, ktor\u00fd poskytuje ohromuj\u00face svaly na svoju ve\u013ekos\u0165.<br \/>\nPopis:<br \/>\nV\u00c1HA 1,6 oz.<br \/>\nH\u013d\u00daBKA 2,5 mm<br \/>\nD\u0139\u017dKA \u010cEPELA 2\u201d<br \/>\nRUKOV\u00c4\u0164 3&#8243; Long Blue Griv-Ex\u2122<br \/>\nOCE\u013d \/ MATERI\u00c1L 4034SS<br \/>\nCELKOV\u00c1 D\u0139\u017dKA 5&#8243;.<br \/>\n\u010eAL\u0160IE FUNKCIE Obojstrann\u00e9 vrecko \/ spona na opasok<\/p>\n","protected":false},"excerpt":{"rendered":"<p><strong>Cold Steel Mini Tuff Lite je mal\u00fd zatv\u00e1rac\u00ed n\u00f4\u017e s hladk\u00fdm rovn\u00fdm ostr\u00edm. V\u010faka jeho tvaru ide o ve\u013emi \u00fa\u010dinn\u00fd pracovn\u00fd n\u00f4\u017e.<\/strong><\/p>\n","protected":false},"featured_media":244951,"comment_status":"open","ping_status":"closed","template":"","meta":[],"pwb-brand":[3598],"product_brand":[],"product_cat":[3186,3233],"product_tag":[3668],"class_list":{"0":"post-244953","1":"product","2":"type-product","3":"status-publish","4":"has-post-thumbnail","6":"pwb-brand-cold-steel-sk","7":"product_cat-noze-sk","8":"product_cat-zatvaracie-noze","9":"product_tag-b2b-sk","11":"first","12":"outofstock","13":"taxable","14":"shipping-taxable","15":"purchasable","16":"product-type-simple"},"brands":[{"id":3598,"name":"Cold Steel","slug":"cold-steel-sk"}],"_links":{"self":[{"href":"https:\/\/www.moskito.cz\/sk\/wp-json\/wp\/v2\/product\/244953","targetHints":{"allow":["GET"]}}],"collection":[{"href":"https:\/\/www.moskito.cz\/sk\/wp-json\/wp\/v2\/product"}],"about":[{"href":"https:\/\/www.moskito.cz\/sk\/wp-json\/wp\/v2\/types\/product"}],"replies":[{"embeddable":true,"href":"https:\/\/www.moskito.cz\/sk\/wp-json\/wp\/v2\/comments?post=244953"}],"wp:featuredmedia":[{"embeddable":true,"href":"https:\/\/www.moskito.cz\/sk\/wp-json\/wp\/v2\/media\/244951"}],"wp:attachment":[{"href":"https:\/\/www.moskito.cz\/sk\/wp-json\/wp\/v2\/media?parent=244953"}],"wp:term":[{"taxonomy":"pwb-brand","embeddable":true,"href":"https:\/\/www.moskito.cz\/sk\/wp-json\/wp\/v2\/pwb-brand?post=244953"},{"taxonomy":"product_brand","embeddable":true,"href":"https:\/\/www.moskito.cz\/sk\/wp-json\/wp\/v2\/product_brand?post=244953"},{"taxonomy":"product_cat","embeddable":true,"href":"https:\/\/www.moskito.cz\/sk\/wp-json\/wp\/v2\/product_cat?post=244953"},{"taxonomy":"product_tag","embeddable":true,"href":"https:\/\/www.moskito.cz\/sk\/wp-json\/wp\/v2\/product_tag?post=244953"}],"curies":[{"name":"wp","href":"https:\/\/api.w.org\/{rel}","templated":true}]}}