{"id":244954,"date":"2022-11-05T11:57:19","date_gmt":"2022-11-05T10:57:19","guid":{"rendered":"https:\/\/www.moskito.cz\/produkt\/zatvaraci-noz-cold-steel-spartan-serrated\/"},"modified":"2025-05-07T10:48:49","modified_gmt":"2025-05-07T09:48:49","slug":"zatvaraci-noz-cold-steel-spartan-serrated","status":"publish","type":"product","link":"https:\/\/www.moskito.cz\/sk\/produkt\/zatvaraci-noz-cold-steel-spartan-serrated\/","title":{"rendered":"Zatv\u00e1rac\u00ed N\u00f4\u017e Cold Steel SPARTAN SERRATED"},"content":{"rendered":"<p>Zatv\u00e1rac\u00ed N\u00f4\u017e <strong>Cold Steel<\/strong> SPARTAN SERRATED.<\/p>\n<p>Super ostr\u00e1 \u010depe\u013e Spartanu je vyroben\u00e1 z ve\u013emi odolnej japonskej ocele AUS 10A. T\u00e1to martenzitick\u00e1, nerezov\u00e1 oce\u013e m\u00e1 ve\u013emi dobr\u00e9 pevnostn\u00e9 vlastnosti a je veden\u00e1 predov\u0161etk\u00fdm ako materi\u00e1l na rezn\u00e9 n\u00e1stroje. Oproti AUS 8A lep\u0161ie dr\u017e\u00ed ostrie a je odolnej\u0161ia proti oteru. Oce\u013e bola n\u00e1sledne tepelne spracovan\u00e1 pre dokonal\u00fa rovnov\u00e1hu medzi dr\u017ean\u00edm ostrie a jednoduch\u00fdm op\u00e4tovn\u00fdm br\u00fasen\u00edm. Jeho v\u00fdrazn\u00e1 rukov\u00e4\u0165 in\u0161pirovan\u00e1 Kopisom je presne vytla\u010den\u00e1 do Griv-Exu s tepelne spracovan\u00fdmi oce\u013eov\u00fdmi vlo\u017ekami. Poistka proti ne\u017eiaducemu zatvoreniu no\u017ea Tri-Ad Lock patr\u00ed v s\u00fa\u010dasnej dobe medzi najpevnej\u0161ie poistky s\u00e9riovo vyr\u00e1ban\u00e9 na svete.<\/p>\n<p>PARAMETRE PRODUKTU<br \/>\nOce\u013e: Japanese AUS 10A Alloy<br \/>\nD\u013a\u017eka \u010depele: 114 mm<br \/>\nHmotnos\u0165: 255 g<br \/>\nMateri\u00e1l rukov\u00e4te: Long Griv-Ex\u2122 so Steel Fittings<br \/>\nHr\u00fabka \u010depele: 4 mm<br \/>\nCelkov\u00e1 ve\u013ekos\u0165: 266 mm<br \/>\nD\u013a\u017eka rukov\u00e4te: 152 mm<br \/>\nFarba: \u0160ed\u00e1\/Strieborn\u00e1<\/p>\n","protected":false},"excerpt":{"rendered":"<p><strong>SPARTAN, zatv\u00e1rac\u00ed n\u00f4\u017e so zubat\u00fdm ostr\u00edm. Fenom\u00e9n medzi no\u017emi, ktor\u00fd bude p\u00f4sobi\u0165 \u00faplne monument\u00e1lnym dojmom vo Va\u0161ej ruke.<\/strong><\/p>\n","protected":false},"featured_media":229490,"comment_status":"open","ping_status":"closed","template":"","meta":[],"pwb-brand":[3598],"product_brand":[],"product_cat":[3186,3233],"product_tag":[3668],"class_list":{"0":"post-244954","1":"product","2":"type-product","3":"status-publish","4":"has-post-thumbnail","6":"pwb-brand-cold-steel-sk","7":"product_cat-noze-sk","8":"product_cat-zatvaracie-noze","9":"product_tag-b2b-sk","11":"first","12":"outofstock","13":"taxable","14":"shipping-taxable","15":"purchasable","16":"product-type-simple"},"brands":[{"id":3598,"name":"Cold Steel","slug":"cold-steel-sk"}],"_links":{"self":[{"href":"https:\/\/www.moskito.cz\/sk\/wp-json\/wp\/v2\/product\/244954","targetHints":{"allow":["GET"]}}],"collection":[{"href":"https:\/\/www.moskito.cz\/sk\/wp-json\/wp\/v2\/product"}],"about":[{"href":"https:\/\/www.moskito.cz\/sk\/wp-json\/wp\/v2\/types\/product"}],"replies":[{"embeddable":true,"href":"https:\/\/www.moskito.cz\/sk\/wp-json\/wp\/v2\/comments?post=244954"}],"wp:featuredmedia":[{"embeddable":true,"href":"https:\/\/www.moskito.cz\/sk\/wp-json\/wp\/v2\/media\/229490"}],"wp:attachment":[{"href":"https:\/\/www.moskito.cz\/sk\/wp-json\/wp\/v2\/media?parent=244954"}],"wp:term":[{"taxonomy":"pwb-brand","embeddable":true,"href":"https:\/\/www.moskito.cz\/sk\/wp-json\/wp\/v2\/pwb-brand?post=244954"},{"taxonomy":"product_brand","embeddable":true,"href":"https:\/\/www.moskito.cz\/sk\/wp-json\/wp\/v2\/product_brand?post=244954"},{"taxonomy":"product_cat","embeddable":true,"href":"https:\/\/www.moskito.cz\/sk\/wp-json\/wp\/v2\/product_cat?post=244954"},{"taxonomy":"product_tag","embeddable":true,"href":"https:\/\/www.moskito.cz\/sk\/wp-json\/wp\/v2\/product_tag?post=244954"}],"curies":[{"name":"wp","href":"https:\/\/api.w.org\/{rel}","templated":true}]}}