{"id":244963,"date":"2022-04-18T22:23:47","date_gmt":"2022-04-18T21:23:47","guid":{"rendered":"https:\/\/www.moskito.cz\/produkt\/zatvaraci-noz-cold-steel-6-counter-point-xl-aus10a\/"},"modified":"2025-05-07T10:48:50","modified_gmt":"2025-05-07T09:48:50","slug":"zatvaraci-noz-cold-steel-6-counter-point-xl-aus10a","status":"publish","type":"product","link":"https:\/\/www.moskito.cz\/sk\/produkt\/zatvaraci-noz-cold-steel-6-counter-point-xl-aus10a\/","title":{"rendered":"Zatv\u00e1rac\u00ed N\u00f4\u017e Cold Steel 6&#8243; COUNTER POINT XL (AUS10A)"},"content":{"rendered":"<p>Zatv\u00e1rac\u00ed N\u00f4\u017e Cold Steel 6&#8243; COUNTER POINT XL (AUS10A)<\/p>\n<p>Str\u00e1vili sme roky sk\u00faman\u00edm \u0161pi\u010dkov\u00fdch botov\u00fdch no\u017eov a teraz sme tieto znalosti aplikovali na zatv\u00e1rac\u00ed n\u00f4\u017e Cold Steel Counter Point. \u010cepe\u013e Counter Point je k dispoz\u00edcii v troch ve\u013ekostiach \u010depele &#8211; 3&#8243;, 4&#8243; a 6&#8243;. Ich \u010depele s k\u00f3piou in\u0161pirovan\u00e9 ihlou maj\u00fa v\u00fdrazne v\u00fdrazn\u00e9 falo\u0161n\u00e9 ostrie a leskl\u00fd sat\u00e9nov\u00fd povrch, ktor\u00fdch kombin\u00e1ciou je \u010depe\u013e, ktor\u00e1 nielen skvele vyzer\u00e1, ale poskytuje vynikaj\u00faci v\u00fdkon Vyroben\u00e9 z japonskej ocele AUS10A, Counter Point je vysoko odoln\u00e9 proti kor\u00f3zii a \u0161kvrn\u00e1m a m\u00e1 ve\u013emi ostr\u00fa a odoln\u00fa hranu.Rukov\u00e4\u0165 Counter Points je vyroben\u00e1 z Griv-Ex a vystu\u017een\u00e1 tepelne upraven\u00fdmi hlin\u00edkov\u00fdmi vlo\u017ekami nielen ve\u013emi pevn\u00e9, ale pohodln\u00e9 a bezpe\u010dn\u00e9 v takmer akomko\u013evek uchopenie, ktor\u00e9 si mo\u017eno predstavi\u0165.<\/p>\n<p>PARAMETRE PRODUKTU<br \/>\nFarba : \u010cierna\/Strieborn\u00e1<br \/>\nD\u013a\u017eka \u010depele: 152,4 mm<br \/>\nD\u013a\u017eka rukov\u00e4te: 180 mm<br \/>\nMateri\u00e1l rukov\u00e4te : Long Griv-Ex\u2122<br \/>\nCelkov\u00e1 ve\u013ekos\u0165: 333,3 mm<br \/>\nOce\u013e : Japanese AUS 10A Alloy<br \/>\nHmotnos\u0165 : 224 g<br \/>\nDruh poistky: Tri-Ad Lock<br \/>\nHr\u00fabka \u010depele: 4 mm<\/p>\n","protected":false},"excerpt":{"rendered":"<p>Zatv\u00e1rac\u00ed n\u00f4\u017e Counter Point XL od firmy COLD STEEL patr\u00ed do rady EDC zatv\u00e1rac\u00edch no\u017eov. Jeho ostrie je vyroben\u00e9 z nerezovej ocele AUS 10A.<\/p>\n","protected":false},"featured_media":215035,"comment_status":"open","ping_status":"closed","template":"","meta":[],"pwb-brand":[3598],"product_brand":[],"product_cat":[3186,3233],"product_tag":[3668],"class_list":{"0":"post-244963","1":"product","2":"type-product","3":"status-publish","4":"has-post-thumbnail","6":"pwb-brand-cold-steel-sk","7":"product_cat-noze-sk","8":"product_cat-zatvaracie-noze","9":"product_tag-b2b-sk","11":"first","12":"outofstock","13":"taxable","14":"shipping-taxable","15":"purchasable","16":"product-type-simple"},"brands":[{"id":3598,"name":"Cold Steel","slug":"cold-steel-sk"}],"_links":{"self":[{"href":"https:\/\/www.moskito.cz\/sk\/wp-json\/wp\/v2\/product\/244963","targetHints":{"allow":["GET"]}}],"collection":[{"href":"https:\/\/www.moskito.cz\/sk\/wp-json\/wp\/v2\/product"}],"about":[{"href":"https:\/\/www.moskito.cz\/sk\/wp-json\/wp\/v2\/types\/product"}],"replies":[{"embeddable":true,"href":"https:\/\/www.moskito.cz\/sk\/wp-json\/wp\/v2\/comments?post=244963"}],"wp:featuredmedia":[{"embeddable":true,"href":"https:\/\/www.moskito.cz\/sk\/wp-json\/wp\/v2\/media\/215035"}],"wp:attachment":[{"href":"https:\/\/www.moskito.cz\/sk\/wp-json\/wp\/v2\/media?parent=244963"}],"wp:term":[{"taxonomy":"pwb-brand","embeddable":true,"href":"https:\/\/www.moskito.cz\/sk\/wp-json\/wp\/v2\/pwb-brand?post=244963"},{"taxonomy":"product_brand","embeddable":true,"href":"https:\/\/www.moskito.cz\/sk\/wp-json\/wp\/v2\/product_brand?post=244963"},{"taxonomy":"product_cat","embeddable":true,"href":"https:\/\/www.moskito.cz\/sk\/wp-json\/wp\/v2\/product_cat?post=244963"},{"taxonomy":"product_tag","embeddable":true,"href":"https:\/\/www.moskito.cz\/sk\/wp-json\/wp\/v2\/product_tag?post=244963"}],"curies":[{"name":"wp","href":"https:\/\/api.w.org\/{rel}","templated":true}]}}