{"id":244965,"date":"2022-04-21T20:06:46","date_gmt":"2022-04-21T19:06:46","guid":{"rendered":"https:\/\/www.moskito.cz\/produkt\/cold-steel-double-safe-hunter\/"},"modified":"2025-05-07T10:48:50","modified_gmt":"2025-05-07T09:48:50","slug":"cold-steel-double-safe-hunter","status":"publish","type":"product","link":"https:\/\/www.moskito.cz\/sk\/produkt\/cold-steel-double-safe-hunter\/","title":{"rendered":"Zatv\u00e1rac\u00ed N\u00f4\u017e Cold Steel DOUBLE SAFE HUNTER"},"content":{"rendered":"<p>Zatv\u00e1rac\u00ed N\u00f4\u017e Cold Steel DOUBLE SAFE HUNTER.<\/p>\n<p>Ak h\u013ead\u00e1te lacn\u00e9ho, \u200b\u200bale vysoko v\u00fdkonn\u00e9ho skladacieho lovca, neh\u013eadajte ni\u010d in\u00e9 ako Double Safe Hunter. Je po vzore n\u00e1\u0161ho extr\u00e9mne ob\u013e\u00faben\u00e9ho Voyageru zo starej \u0161koly. Jeho \u0161irok\u00e1 \u010depe\u013e s klipsom je dlh\u00e1 3,5 a je vyroben\u00e1 z ocele 8Cr13MoV, kalen\u00e9 na tvrdos\u0165 57-58 Rockwell. Bez oh\u013eadu na to, o ak\u00fa pr\u00e1cu ide, m\u00f4\u017eete si by\u0165 ist\u00ed, \u017ee m\u00e1te po ruke ten spr\u00e1vny n\u00f4\u017e, s \u010depe\u013eou dostato\u010dne malou na zlo\u017eit\u00e9 rezanie, ale dostato\u010dne ve\u013ek\u00fa, aby ste stiahli \u010doko\u013evek od my\u0161i po losa. Jeho maskovacia nylonov\u00e1 (GFN) rukov\u00e4\u0165 je tenk\u00e1 a ergonomicky pr\u00edjemn\u00e1 a je vybaven\u00e1 vymenite\u013enou plastovou vreckovou sponou. Plastov\u00e9 vreckov\u00e9 spony pom\u00e1haj\u00fa obmedzi\u0165 \u0161krabance a \u0161krabance na \u010dal\u00fanenie a \u010fal\u0161\u00edch povrchoch, o ktor\u00fdch je zn\u00e1me, \u017ee oce\u013eov\u00e9 spony sp\u00f4sobuj\u00fa. Ako v\u017edy, Spolo\u010dnos\u0165 Cold Steel mala pri navrhovan\u00ed Double Safe na mysli va\u0161e prsty. Jeho najmodernej\u0161\u00ed kol\u00edskov\u00fd z\u00e1mok je vybaven\u00fd sekund\u00e1rnym bezpe\u010dnostn\u00fdm mechanizmom, ktor\u00fd je pri aktiv\u00e1cii extr\u00e9mne odoln\u00fd proti n\u00e1razu a n\u00e1razu.<\/p>\n<p>PARAMETRE PRODUKTU<br \/>\nD\u013a\u017eka \u010depele. 89 mm<br \/>\nOce\u013e : 8Cr13MoV Stainless<br \/>\nHmotnos\u0165 : 116 g<br \/>\nD\u013a\u017eka rukov\u00e4te: 140 mm<br \/>\nCelkov\u00e1 ve\u013ekos\u0165: 229 mm<br \/>\nHr\u00fabka \u010depele: 3 mm<br \/>\nFarba : Hned\u00e1\/Strieborn\u00e1<br \/>\nDruh poistky: Doublu safe lock<br \/>\nMateri\u00e1l rukov\u00e4te : Long GFNHandle<\/p>\n","protected":false},"excerpt":{"rendered":"<p>Double Safe Hunter je po\u013eovn\u00fd pracovn\u00fd n\u00f4\u017e, ktor\u00fd navrhol Andrew Demko s oh\u013eadom na fakt, \u017ee pracovn\u00e9 no\u017ee s\u00fa silne nam\u00e1han\u00e9 a \u010dasto doch\u00e1dza aj k ich strate.<\/p>\n","protected":false},"featured_media":215325,"comment_status":"open","ping_status":"closed","template":"","meta":[],"pwb-brand":[3598],"product_brand":[],"product_cat":[3186,3233],"product_tag":[],"class_list":{"0":"post-244965","1":"product","2":"type-product","3":"status-publish","4":"has-post-thumbnail","6":"pwb-brand-cold-steel-sk","7":"product_cat-noze-sk","8":"product_cat-zatvaracie-noze","10":"first","11":"instock","12":"taxable","13":"shipping-taxable","14":"purchasable","15":"product-type-simple"},"brands":[{"id":3598,"name":"Cold Steel","slug":"cold-steel-sk"}],"_links":{"self":[{"href":"https:\/\/www.moskito.cz\/sk\/wp-json\/wp\/v2\/product\/244965","targetHints":{"allow":["GET"]}}],"collection":[{"href":"https:\/\/www.moskito.cz\/sk\/wp-json\/wp\/v2\/product"}],"about":[{"href":"https:\/\/www.moskito.cz\/sk\/wp-json\/wp\/v2\/types\/product"}],"replies":[{"embeddable":true,"href":"https:\/\/www.moskito.cz\/sk\/wp-json\/wp\/v2\/comments?post=244965"}],"wp:featuredmedia":[{"embeddable":true,"href":"https:\/\/www.moskito.cz\/sk\/wp-json\/wp\/v2\/media\/215325"}],"wp:attachment":[{"href":"https:\/\/www.moskito.cz\/sk\/wp-json\/wp\/v2\/media?parent=244965"}],"wp:term":[{"taxonomy":"pwb-brand","embeddable":true,"href":"https:\/\/www.moskito.cz\/sk\/wp-json\/wp\/v2\/pwb-brand?post=244965"},{"taxonomy":"product_brand","embeddable":true,"href":"https:\/\/www.moskito.cz\/sk\/wp-json\/wp\/v2\/product_brand?post=244965"},{"taxonomy":"product_cat","embeddable":true,"href":"https:\/\/www.moskito.cz\/sk\/wp-json\/wp\/v2\/product_cat?post=244965"},{"taxonomy":"product_tag","embeddable":true,"href":"https:\/\/www.moskito.cz\/sk\/wp-json\/wp\/v2\/product_tag?post=244965"}],"curies":[{"name":"wp","href":"https:\/\/api.w.org\/{rel}","templated":true}]}}