{"id":244966,"date":"2022-11-01T20:56:31","date_gmt":"2022-11-01T19:56:31","guid":{"rendered":"https:\/\/www.moskito.cz\/produkt\/pevny-noz-cold-steel-hide-out\/"},"modified":"2023-11-20T17:17:56","modified_gmt":"2023-11-20T16:17:56","slug":"pevny-noz-cold-steel-hide-out","status":"publish","type":"product","link":"https:\/\/www.moskito.cz\/sk\/produkt\/pevny-noz-cold-steel-hide-out\/","title":{"rendered":"Pevn\u00fd N\u00f4\u017e Cold Steel HIDE OUT"},"content":{"rendered":"<p>Pevn\u00fd N\u00f4\u017e Cold Steel HIDE OUT.<\/p>\n<p>Hide Out bol navrhnut\u00fd ako mal\u00fd, lacn\u00fd a superfunk\u010dn\u00fd n\u00f4\u017e na krk. V\u00fdsledn\u00e1 \u010depe\u013e je skuto\u010dne p\u00e1perov\u00e1 a v\u00e1\u017ei iba 1,9 oz! Jeho vysoko sat\u00e9novo le\u0161ten\u00e1, dvojbrit\u00e1 japonsk\u00e1 \u010depe\u013e AUS 8A je br\u00fasen\u00e1 &#8222;Scandi&#8220;, v\u010faka \u010domu je ve\u013emi ostr\u00e1 a tie\u017e ve\u013emi tuh\u00e1, \u010do umo\u017e\u0148uje aj napriek jej ostrosti siln\u00fd a odoln\u00fd hrot. Jeho pln\u00e1 stopa je zapuzdren\u00e1 v rukov\u00e4ti Kray-Ex odolnej proti poveternostn\u00fdm vplyvom, ktor\u00e1 bola navrhnut\u00e1 tak, aby bola ve\u013emi tenk\u00e1 a ploch\u00e1. Rukov\u00e4\u0165 je jemne tvarovan\u00e1 a hlboko kockovan\u00e1, aby na takom malom, tenkom no\u017ei poskytovala ruky skvel\u00fd n\u00e1kup a istotu, a pritom st\u00e1le umo\u017e\u0148ovala \u013eahk\u00fd prechod medzi \u00fachopmi. Po\u0161va Secure-Ex a \u0161n\u00farka na retiazku s kor\u00e1lkami v\u00e1m umo\u017en\u00ed nosi\u0165 tento n\u00f4\u017e diskr\u00e9tne a pohodlne po cel\u00fd de\u0148.<\/p>\n<p>PARAMETRE PRODUKTU<\/p>\n<p>D\u013a\u017eka rukov\u00e4te: 88 mm<br \/>\nFarba: \u010cierna\/Strieborn\u00e1<br \/>\nCelkov\u00e1 ve\u013ekos\u0165: 165 mm<br \/>\nHmotnos\u0165: 53,86 g<br \/>\nMateri\u00e1l rukov\u00e4te: Long Kray-Ex\u2122<br \/>\nHr\u00fabka \u010depele: 3 mm<br \/>\nMateri\u00e1l puzdra: Secure-Ex\u00ae Neck Sheath with Bead Chain Lanyard<\/p>\n","protected":false},"excerpt":{"rendered":"<p>Hide Out od firmy COLD STEEL je mal\u00e1, \u013eahk\u00e1, ale superfunk\u010dn\u00e1 d\u00fdka na krk.<\/p>\n","protected":false},"featured_media":229161,"comment_status":"open","ping_status":"closed","template":"","meta":[],"pwb-brand":[3598],"product_brand":[],"product_cat":[3187,3186],"product_tag":[3668],"class_list":{"0":"post-244966","1":"product","2":"type-product","3":"status-publish","4":"has-post-thumbnail","6":"pwb-brand-cold-steel-sk","7":"product_cat-pevne-noze-sk","8":"product_cat-noze-sk","9":"product_tag-b2b-sk","11":"first","12":"instock","13":"taxable","14":"shipping-taxable","15":"purchasable","16":"product-type-simple"},"brands":[{"id":3598,"name":"Cold Steel","slug":"cold-steel-sk"}],"_links":{"self":[{"href":"https:\/\/www.moskito.cz\/sk\/wp-json\/wp\/v2\/product\/244966","targetHints":{"allow":["GET"]}}],"collection":[{"href":"https:\/\/www.moskito.cz\/sk\/wp-json\/wp\/v2\/product"}],"about":[{"href":"https:\/\/www.moskito.cz\/sk\/wp-json\/wp\/v2\/types\/product"}],"replies":[{"embeddable":true,"href":"https:\/\/www.moskito.cz\/sk\/wp-json\/wp\/v2\/comments?post=244966"}],"wp:featuredmedia":[{"embeddable":true,"href":"https:\/\/www.moskito.cz\/sk\/wp-json\/wp\/v2\/media\/229161"}],"wp:attachment":[{"href":"https:\/\/www.moskito.cz\/sk\/wp-json\/wp\/v2\/media?parent=244966"}],"wp:term":[{"taxonomy":"pwb-brand","embeddable":true,"href":"https:\/\/www.moskito.cz\/sk\/wp-json\/wp\/v2\/pwb-brand?post=244966"},{"taxonomy":"product_brand","embeddable":true,"href":"https:\/\/www.moskito.cz\/sk\/wp-json\/wp\/v2\/product_brand?post=244966"},{"taxonomy":"product_cat","embeddable":true,"href":"https:\/\/www.moskito.cz\/sk\/wp-json\/wp\/v2\/product_cat?post=244966"},{"taxonomy":"product_tag","embeddable":true,"href":"https:\/\/www.moskito.cz\/sk\/wp-json\/wp\/v2\/product_tag?post=244966"}],"curies":[{"name":"wp","href":"https:\/\/api.w.org\/{rel}","templated":true}]}}