{"id":244973,"date":"2023-03-27T21:14:23","date_gmt":"2023-03-27T20:14:23","guid":{"rendered":"https:\/\/www.moskito.cz\/produkt\/zatvaraci-noz-cold-steel-finn-wolf-blue\/"},"modified":"2025-05-07T10:48:51","modified_gmt":"2025-05-07T09:48:51","slug":"zatvaraci-noz-cold-steel-finn-wolf-blue","status":"publish","type":"product","link":"https:\/\/www.moskito.cz\/sk\/produkt\/zatvaraci-noz-cold-steel-finn-wolf-blue\/","title":{"rendered":"Zatv\u00e1rac\u00ed N\u00f4\u017e Cold Steel FINN WOLF BLUE"},"content":{"rendered":"<p>Zatv\u00e1rac\u00ed N\u00f4\u017e Cold Steel FINN WOLF BLUE<\/p>\n<p>Cold Steel Finn Wolf, vytvoren\u00e1 v spolupr\u00e1ci medzi z\u00e1kazkov\u00fdm v\u00fdrobcom no\u017eov Andrewom Demkom a prezidentkou Cold Steel Lynn C. Thompsonovou, je zatv\u00e1rac\u00ed \u00fa\u017eitkov\u00fd a t\u00e1borov\u00fd n\u00f4\u017e, ktor\u00fd \u010derp\u00e1 in\u0161pir\u00e1ciu z klasick\u00e9ho f\u00ednskeho Pukko. Finn Wolf, vybaven\u00fd na\u0161\u00edm z\u00e1mkom Tri-Ad pre vynikaj\u00facu bezpe\u010dnos\u0165 a zabezpe\u010denie, je zlo\u017eka, na ktor\u00fa sa m\u00f4\u017eete spo\u013eahn\u00fa\u0165 aj v t\u00fdch najnekompromisnej\u0161\u00edch podmienkach. Jeho sat\u00e9nov\u00e1 le\u0161ten\u00e1 japonsk\u00e1 \u010depe\u013e AUS 8A je pripraven\u00e1 na dlh\u00e9 hodiny a tvrd\u00fa pr\u00e1cu a v\u010faka ostr\u00e9mu ostrie s nulov\u00fdm br\u00fasen\u00edm je \u013eahk\u00e9 ju na poli znovu naostri\u0165. S tak\u00fdm ve\u013ek\u00fdm v\u00fdkonom zabalen\u00fdm do tohto pohodln\u00e9ho, \u200b\u200bsiln\u00e9ho, \u200b\u200bpraktick\u00e9ho a lacn\u00e9ho balenia jednoducho neexistuje \u017eiadne ospravedlnenie, pre\u010do dnes do svojej zbierky neprida\u0165 Finn Wolf!<\/p>\n<p>Popis:<\/p>\n<p>Materi\u00e1l \u010depele: AUS-8<br \/>\nMateri\u00e1l rukov\u00e4te: Griv-Ex<br \/>\nPoistka: Tri-Ad lock<br \/>\nD\u013a\u017eka \u010depele: 8.9 cm<br \/>\nCelkov\u00e1 d\u013a\u017eka: 20 cm<br \/>\nD\u013a\u017eka rukov\u00e4te: 11.1 cm<br \/>\nHr\u00fabka \u010depele: 3 mm<br \/>\nHmotnos\u0165: 96 g<br \/>\nTyp \u010depele: Standard<\/p>\n","protected":false},"excerpt":{"rendered":"<p>Zatv\u00e1rac\u00ed n\u00f4\u017e Finn Wolf od firmy Cold Steel je no\u017eom na ka\u017edodenn\u00e9 nosenie (EDC) ur\u010den\u00fdm pre lovcov, ryb\u00e1rov a do pr\u00edrodn\u00fdch podmienok v\u0161eobecne.<\/p>\n","protected":false},"featured_media":244971,"comment_status":"open","ping_status":"closed","template":"","meta":[],"pwb-brand":[3598],"product_brand":[],"product_cat":[3233,3186],"product_tag":[3668],"class_list":{"0":"post-244973","1":"product","2":"type-product","3":"status-publish","4":"has-post-thumbnail","6":"pwb-brand-cold-steel-sk","7":"product_cat-zatvaracie-noze","8":"product_cat-noze-sk","9":"product_tag-b2b-sk","11":"first","12":"instock","13":"taxable","14":"shipping-taxable","15":"purchasable","16":"product-type-simple"},"brands":[{"id":3598,"name":"Cold Steel","slug":"cold-steel-sk"}],"_links":{"self":[{"href":"https:\/\/www.moskito.cz\/sk\/wp-json\/wp\/v2\/product\/244973","targetHints":{"allow":["GET"]}}],"collection":[{"href":"https:\/\/www.moskito.cz\/sk\/wp-json\/wp\/v2\/product"}],"about":[{"href":"https:\/\/www.moskito.cz\/sk\/wp-json\/wp\/v2\/types\/product"}],"replies":[{"embeddable":true,"href":"https:\/\/www.moskito.cz\/sk\/wp-json\/wp\/v2\/comments?post=244973"}],"wp:featuredmedia":[{"embeddable":true,"href":"https:\/\/www.moskito.cz\/sk\/wp-json\/wp\/v2\/media\/244971"}],"wp:attachment":[{"href":"https:\/\/www.moskito.cz\/sk\/wp-json\/wp\/v2\/media?parent=244973"}],"wp:term":[{"taxonomy":"pwb-brand","embeddable":true,"href":"https:\/\/www.moskito.cz\/sk\/wp-json\/wp\/v2\/pwb-brand?post=244973"},{"taxonomy":"product_brand","embeddable":true,"href":"https:\/\/www.moskito.cz\/sk\/wp-json\/wp\/v2\/product_brand?post=244973"},{"taxonomy":"product_cat","embeddable":true,"href":"https:\/\/www.moskito.cz\/sk\/wp-json\/wp\/v2\/product_cat?post=244973"},{"taxonomy":"product_tag","embeddable":true,"href":"https:\/\/www.moskito.cz\/sk\/wp-json\/wp\/v2\/product_tag?post=244973"}],"curies":[{"name":"wp","href":"https:\/\/api.w.org\/{rel}","templated":true}]}}