{"id":244996,"date":"2023-03-28T19:10:09","date_gmt":"2023-03-28T18:10:09","guid":{"rendered":"https:\/\/www.moskito.cz\/produkt\/zatvaraci-noz-cold-steel-verdict-tanto-aus10a-fde\/"},"modified":"2025-05-07T10:48:52","modified_gmt":"2025-05-07T09:48:52","slug":"zatvaraci-noz-cold-steel-verdict-tanto-aus10a-fde","status":"publish","type":"product","link":"https:\/\/www.moskito.cz\/sk\/produkt\/zatvaraci-noz-cold-steel-verdict-tanto-aus10a-fde\/","title":{"rendered":"Zatv\u00e1rac\u00ed N\u00f4\u017e Cold Steel VERDICT TANTO (AUS10A) FDE"},"content":{"rendered":"<p>Zatv\u00e1rac\u00ed N\u00f4\u017e Cold Steel VERDICT TANTO (AUS10A) FDE<\/p>\n<p>Verdikt Tanto &#8211; FDE<\/p>\n<p>Je to s\u00fa\u010det \u010dast\u00ed, v\u010faka ktor\u00fdm sa Verdikt \u013eahko pren\u00e1\u0161a. N\u00f4\u017e je vyroben\u00fd z japonskej nerezovej ocele AUS-10, ktor\u00e1 je pevn\u00e1, \u013eahko sa ostrie a mimoriadne dobre dr\u017e\u00ed ostrie, a tie\u017e osved\u010den\u00fd Tri-Ad\u00ae z\u00e1mok Cold Steel. \u013dahk\u00e1 rukov\u00e4\u0165 G10 je ergonomicky navrhnut\u00e1 pre maxim\u00e1lne pohodlie. S dvoma tvarmi \u010depele (hrot kopije a tanto) a dvoma farbami rukov\u00e4te je Verdict definit\u00edvne vyhl\u00e1senie EDC.<\/p>\n<p>S\u00e9ria Verdikt:<\/p>\n<p>Verdikt je rozhodnutie a rad zatv\u00e1rac\u00edch no\u017eov Verdict od Cold Steel poskytuje u\u017e\u00edvate\u013eom rozhoduj\u00facu mo\u017enos\u0165 ka\u017edodenn\u00e9ho nosenia ako skalu. Verdict sa vyzna\u010duje osved\u010den\u00fdm a d\u00f4veryhodn\u00fdm z\u00e1mkom Tri-Ad\u00ae a je dod\u00e1van\u00fd s dvoma oce\u013eov\u00fdmi a dvoma materi\u00e1lmi rukov\u00e4te a radom tvarov \u010depel\u00ed.<\/p>\n<p>Popis:<br \/>\nMateri\u00e1l \u010depele: AUS-10A<br \/>\nMateri\u00e1l rukov\u00e4te: G-10<br \/>\nPoistka: Tri-Ad lock<br \/>\nD\u013a\u017eka \u010depele: 7.9 cm<br \/>\nCelkov\u00e1 d\u013a\u017eka: 18.4 cm<br \/>\nD\u013a\u017eka zlo\u017een\u00e9ho no\u017ea: 10.5 cm<br \/>\nHr\u00fabka \u010depele: 2.9 mm<br \/>\nHmotnos\u0165: 77 g<br \/>\nTyp \u010depele: Tanto<\/p>\n","protected":false},"excerpt":{"rendered":"<p>Verdikt je \u201erozhodnutie\u201c! Aj Vy budete pevne rozhodnut\u00ed nosi\u0165 nov\u00fd zatv\u00e1rac\u00ed n\u00f4\u017e Verdict, a\u017e ho prv\u00fdkr\u00e1t vezmete do r\u00fak.<\/p>\n","protected":false},"featured_media":244988,"comment_status":"open","ping_status":"closed","template":"","meta":[],"pwb-brand":[3598],"product_brand":[],"product_cat":[3186,3233],"product_tag":[3668],"class_list":{"0":"post-244996","1":"product","2":"type-product","3":"status-publish","4":"has-post-thumbnail","6":"pwb-brand-cold-steel-sk","7":"product_cat-noze-sk","8":"product_cat-zatvaracie-noze","9":"product_tag-b2b-sk","11":"first","12":"instock","13":"taxable","14":"shipping-taxable","15":"purchasable","16":"product-type-simple"},"brands":[{"id":3598,"name":"Cold Steel","slug":"cold-steel-sk"}],"_links":{"self":[{"href":"https:\/\/www.moskito.cz\/sk\/wp-json\/wp\/v2\/product\/244996","targetHints":{"allow":["GET"]}}],"collection":[{"href":"https:\/\/www.moskito.cz\/sk\/wp-json\/wp\/v2\/product"}],"about":[{"href":"https:\/\/www.moskito.cz\/sk\/wp-json\/wp\/v2\/types\/product"}],"replies":[{"embeddable":true,"href":"https:\/\/www.moskito.cz\/sk\/wp-json\/wp\/v2\/comments?post=244996"}],"wp:featuredmedia":[{"embeddable":true,"href":"https:\/\/www.moskito.cz\/sk\/wp-json\/wp\/v2\/media\/244988"}],"wp:attachment":[{"href":"https:\/\/www.moskito.cz\/sk\/wp-json\/wp\/v2\/media?parent=244996"}],"wp:term":[{"taxonomy":"pwb-brand","embeddable":true,"href":"https:\/\/www.moskito.cz\/sk\/wp-json\/wp\/v2\/pwb-brand?post=244996"},{"taxonomy":"product_brand","embeddable":true,"href":"https:\/\/www.moskito.cz\/sk\/wp-json\/wp\/v2\/product_brand?post=244996"},{"taxonomy":"product_cat","embeddable":true,"href":"https:\/\/www.moskito.cz\/sk\/wp-json\/wp\/v2\/product_cat?post=244996"},{"taxonomy":"product_tag","embeddable":true,"href":"https:\/\/www.moskito.cz\/sk\/wp-json\/wp\/v2\/product_tag?post=244996"}],"curies":[{"name":"wp","href":"https:\/\/api.w.org\/{rel}","templated":true}]}}