{"id":245003,"date":"2023-03-28T20:02:17","date_gmt":"2023-03-28T19:02:17","guid":{"rendered":"https:\/\/www.moskito.cz\/produkt\/zatvaraci-noz-cold-steel-mini-recon-1-clip-pt-in-10a-stone-wash\/"},"modified":"2024-03-13T09:02:10","modified_gmt":"2024-03-13T08:02:10","slug":"zatvaraci-noz-cold-steel-mini-recon-1-clip-pt-in-10a-stone-wash","status":"publish","type":"product","link":"https:\/\/www.moskito.cz\/sk\/produkt\/zatvaraci-noz-cold-steel-mini-recon-1-clip-pt-in-10a-stone-wash\/","title":{"rendered":"Zatv\u00e1rac\u00ed N\u00f4\u017e Cold Steel MINI RECON 1 CLIP PT IN 10A STONE WASH"},"content":{"rendered":"<p>Zatv\u00e1rac\u00ed N\u00f4\u017e <strong>Cold Steel<\/strong> MINI RECON 1 CLIP PT IN 10A STONE WASH<\/p>\n<p><strong>Mini Recon<\/strong> &#8211; k dispoz\u00edcii s 3 tvarmi \u010depele, klipom, tanom a hrotom kopije, je tu n\u00f4\u017e pre ka\u017ed\u00e9ho a tento rok s\u00fa sakra ove\u013ea dostupnej\u0161ie v\u010faka ich \u00faplne nov\u00fdm vstrekovan\u00fdm rukov\u00e4tiam, ktor\u00e9 zni\u017euj\u00fa n\u00e1klady, ale maj\u00fa ve\u013emi mal\u00fd vplyv na ich povestn\u00fa poves\u0165 sily a robustnosti.&#8220; &#8211; Lynn Thompsonov\u00e1<\/p>\n<p>Recon 1 je jedn\u00fdm z najpopul\u00e1rnej\u0161\u00edch taktick\u00fdch zatv\u00e1rac\u00edch no\u017eov z produkcie Cold Steel.<\/p>\n<p>Popis:<\/p>\n<p>Materi\u00e1l \u010depele: AUS-10A<br \/>\nMateri\u00e1l rukov\u00e4te: GRN<br \/>\nPoistka: Tri-Ad lock<br \/>\nD\u013a\u017eka \u010depele: 7.6 cm<br \/>\nCelkov\u00e1 d\u013a\u017eka: 17.8 cm<br \/>\nD\u013a\u017eka zlo\u017een\u00e9ho no\u017ea: 10.2 cm<br \/>\nHr\u00fabka \u010depele: 3 mm<br \/>\nHmotnos\u0165: 100 g<br \/>\nTyp \u010depele: Clip Point<\/p>\n<p>&nbsp;<\/p>\n","protected":false},"excerpt":{"rendered":"<p><strong>Zatv\u00e1rac\u00ed n\u00f4\u017e s hladk\u00fdm ostr\u00edm Mini Recon 1 Clip Point je mal\u00fd a ve\u013emi \u013eahk\u00fd zatv\u00e1ra\u010d, ktor\u00fd v\u00fdborne padne do ruky.<\/strong><\/p>\n","protected":false},"featured_media":245000,"comment_status":"open","ping_status":"closed","template":"","meta":[],"pwb-brand":[3598],"product_brand":[],"product_cat":[3233,3186],"product_tag":[3668],"class_list":{"0":"post-245003","1":"product","2":"type-product","3":"status-publish","4":"has-post-thumbnail","6":"pwb-brand-cold-steel-sk","7":"product_cat-zatvaracie-noze","8":"product_cat-noze-sk","9":"product_tag-b2b-sk","11":"first","12":"instock","13":"taxable","14":"shipping-taxable","15":"purchasable","16":"product-type-simple"},"brands":[{"id":3598,"name":"Cold Steel","slug":"cold-steel-sk"}],"_links":{"self":[{"href":"https:\/\/www.moskito.cz\/sk\/wp-json\/wp\/v2\/product\/245003","targetHints":{"allow":["GET"]}}],"collection":[{"href":"https:\/\/www.moskito.cz\/sk\/wp-json\/wp\/v2\/product"}],"about":[{"href":"https:\/\/www.moskito.cz\/sk\/wp-json\/wp\/v2\/types\/product"}],"replies":[{"embeddable":true,"href":"https:\/\/www.moskito.cz\/sk\/wp-json\/wp\/v2\/comments?post=245003"}],"wp:featuredmedia":[{"embeddable":true,"href":"https:\/\/www.moskito.cz\/sk\/wp-json\/wp\/v2\/media\/245000"}],"wp:attachment":[{"href":"https:\/\/www.moskito.cz\/sk\/wp-json\/wp\/v2\/media?parent=245003"}],"wp:term":[{"taxonomy":"pwb-brand","embeddable":true,"href":"https:\/\/www.moskito.cz\/sk\/wp-json\/wp\/v2\/pwb-brand?post=245003"},{"taxonomy":"product_brand","embeddable":true,"href":"https:\/\/www.moskito.cz\/sk\/wp-json\/wp\/v2\/product_brand?post=245003"},{"taxonomy":"product_cat","embeddable":true,"href":"https:\/\/www.moskito.cz\/sk\/wp-json\/wp\/v2\/product_cat?post=245003"},{"taxonomy":"product_tag","embeddable":true,"href":"https:\/\/www.moskito.cz\/sk\/wp-json\/wp\/v2\/product_tag?post=245003"}],"curies":[{"name":"wp","href":"https:\/\/api.w.org\/{rel}","templated":true}]}}