{"id":245005,"date":"2021-07-22T09:05:16","date_gmt":"2021-07-22T08:05:16","guid":{"rendered":"https:\/\/www.moskito.cz\/produkt\/zatvaraci-noz-cold-steel-large-luzon\/"},"modified":"2021-07-22T09:05:16","modified_gmt":"2021-07-22T08:05:16","slug":"zatvaraci-noz-cold-steel-large-luzon","status":"publish","type":"product","link":"https:\/\/www.moskito.cz\/sk\/produkt\/zatvaraci-noz-cold-steel-large-luzon\/","title":{"rendered":"Zatv\u00e1rac\u00ed N\u00f4\u017e Cold Steel LARGE LUZON"},"content":{"rendered":"<p>Zatv\u00e1rac\u00ed N\u00f4\u017e Cold Steel LARGE LUZON.<\/p>\n<p>In\u0161pirovan\u00ed nieko\u013ek\u00fdmi balisongmi v zbierke Lynns, ale funguj\u00face ako plutva, s\u00fa Luzons politicky spr\u00e1vnou alternat\u00edvou pre t\u00fdch, ktor\u00ed nem\u00f4\u017eu leg\u00e1lne vlastni\u0165 balisongy. \u010cepele Luzons sa skladaj\u00fa z 8Cr13MoV Stainless a odborne kalen\u00e9 na 57-58 Rockwell a maj\u00fa ostr\u00e9, siln\u00e9 hroty s dostato\u010dn\u00fdm mno\u017estvom \u010deple, aby boli rovnako u\u017eito\u010dn\u00e9 pre rezanie aj kosenie. Akon\u00e1hle sa stretnete s bambusov\u00fdmi rukov\u00e4\u0165ami in\u0161pirovan\u00fdmi bambusom, budete sn\u00edva\u0165 o Filip\u00ednach, ktor\u00e9 obsahuj\u00fa konk\u00e1vne segmenty, ktor\u00e9 pon\u00fakaj\u00fa nespo\u010det pohodln\u00fdch mo\u017enost\u00ed uchopenia. Rukov\u00e4te Luzons s\u00fa vyroben\u00e9 zo sklenen\u00e9ho nylonu (GFN) a s\u00fa nepriepustn\u00e9 pre v\u0161etky prvky.<\/p>\n<p>Luzonov\u00e9, pekn\u00ed a priate\u013esk\u00ed k rozpo\u010dtu a vietor, ktor\u00fd sa otvoria, s\u00fa impozantnou vo\u013ebou pre t\u00fdch, ktor\u00ed sa sna\u017eia ubl\u00ed\u017ei\u0165. Pon\u00fakaj\u00fa neporovnate\u013en\u00fa \u00farove\u0148 bezpe\u010dnosti a s\u00fa vybaven\u00e9 robustnou poistkou s listov\u00fdmi pru\u017einami a (patentovo chr\u00e1nen\u00fdm) sekund\u00e1rnym bezpe\u010dnostn\u00fdm mechanizmom, ktor\u00fd je pri zapojen\u00ed extr\u00e9mne odoln\u00fd proti n\u00e1razom. Va\u0161e prsty bud\u00fa v bezpe\u010d\u00ed aj za najhor\u0161\u00edch podmienok. K dispoz\u00edcii v dvoch ve\u013ekostiach.<\/p>\n<p>Materi\u00e1l \u010depele: 8cr13mov<br \/>\nMateri\u00e1l rukov\u00e4te: GFN<br \/>\nD\u013a\u017eka \u010depele: 15.2 cm<br \/>\nCelkov\u00e1 d\u013a\u017eka: 34 cm<br \/>\nD\u013a\u017eka rukov\u00e4te: 18.8 cm<br \/>\nHr\u00fabka \u010depele: 3.5 mm<br \/>\nHmotnos\u0165: 263 g<br \/>\nPovrchov\u00e1 \u00faprava \u010depele: Satin<\/p>\n","protected":false},"excerpt":{"rendered":"<p>Luzon (Large) od firmy COLD STEEL je v\u00e4\u010d\u0161\u00ed zatv\u00e1rac\u00ed n\u00f4\u017e s hladk\u00fdm ostr\u00edm. Tvar \u010depele no\u017ea je in\u0161pirovan\u00fd filip\u00ednskymi balisongmi.<\/p>\n","protected":false},"featured_media":201016,"comment_status":"open","ping_status":"closed","template":"","meta":[],"pwb-brand":[3598],"product_brand":[],"product_cat":[3233,3186],"product_tag":[],"class_list":{"0":"post-245005","1":"product","2":"type-product","3":"status-publish","4":"has-post-thumbnail","6":"pwb-brand-cold-steel-sk","7":"product_cat-zatvaracie-noze","8":"product_cat-noze-sk","10":"first","11":"instock","12":"taxable","13":"shipping-taxable","14":"purchasable","15":"product-type-simple"},"brands":[{"id":3598,"name":"Cold Steel","slug":"cold-steel-sk"}],"_links":{"self":[{"href":"https:\/\/www.moskito.cz\/sk\/wp-json\/wp\/v2\/product\/245005","targetHints":{"allow":["GET"]}}],"collection":[{"href":"https:\/\/www.moskito.cz\/sk\/wp-json\/wp\/v2\/product"}],"about":[{"href":"https:\/\/www.moskito.cz\/sk\/wp-json\/wp\/v2\/types\/product"}],"replies":[{"embeddable":true,"href":"https:\/\/www.moskito.cz\/sk\/wp-json\/wp\/v2\/comments?post=245005"}],"wp:featuredmedia":[{"embeddable":true,"href":"https:\/\/www.moskito.cz\/sk\/wp-json\/wp\/v2\/media\/201016"}],"wp:attachment":[{"href":"https:\/\/www.moskito.cz\/sk\/wp-json\/wp\/v2\/media?parent=245005"}],"wp:term":[{"taxonomy":"pwb-brand","embeddable":true,"href":"https:\/\/www.moskito.cz\/sk\/wp-json\/wp\/v2\/pwb-brand?post=245005"},{"taxonomy":"product_brand","embeddable":true,"href":"https:\/\/www.moskito.cz\/sk\/wp-json\/wp\/v2\/product_brand?post=245005"},{"taxonomy":"product_cat","embeddable":true,"href":"https:\/\/www.moskito.cz\/sk\/wp-json\/wp\/v2\/product_cat?post=245005"},{"taxonomy":"product_tag","embeddable":true,"href":"https:\/\/www.moskito.cz\/sk\/wp-json\/wp\/v2\/product_tag?post=245005"}],"curies":[{"name":"wp","href":"https:\/\/api.w.org\/{rel}","templated":true}]}}