{"id":245009,"date":"2022-04-18T20:26:28","date_gmt":"2022-04-18T19:26:28","guid":{"rendered":"https:\/\/www.moskito.cz\/produkt\/zatvaraci-noz-cold-steel-recon-1-spear-bod-plain-edge-s35vn\/"},"modified":"2025-05-07T10:48:52","modified_gmt":"2025-05-07T09:48:52","slug":"zatvaraci-noz-cold-steel-recon-1-spear-bod-plain-edge-s35vn","status":"publish","type":"product","link":"https:\/\/www.moskito.cz\/sk\/produkt\/zatvaraci-noz-cold-steel-recon-1-spear-bod-plain-edge-s35vn\/","title":{"rendered":"Zatv\u00e1rac\u00ed N\u00f4\u017e Cold Steel RECON 1 SPEAR BOD PLAIN EDGE (S35VN)"},"content":{"rendered":"<p>Zatv\u00e1rac\u00ed N\u00f4\u017e Cold Steel RECON 1 SPEAR BOD PLAIN EDGE (S35VN).<\/p>\n<p>Ob\u013e\u00faben\u00fd n\u00f4\u017e medzi vojakmi a pr\u00edslu\u0161n\u00edkmi policajn\u00fdch zlo\u017eiek, hasi\u010dsk\u00fdmi a z\u00e1chran\u00e1rskymi pos\u00e1dkami aj civilistami, ktor\u00ed ocenia pracovit\u00fd a spo\u013eahliv\u00fd n\u00e1stroj pre ka\u017ed\u00fa pr\u00edle\u017eitos\u0165. Ostr\u00e1 ako skalpel a odoln\u00e1 ako tank, rad Recon je k dispoz\u00edcii s 2 a 4palcov\u00fdmi \u010depe\u013eami a ka\u017ed\u00fd aspekt ich kon\u0161trukcie bol prepracovan\u00fd tak, aby boli tak siln\u00e9, odoln\u00e9 a efekt\u00edvne, ako je len mo\u017en\u00e9. Tieto klasiky od Cold Steel s\u00fa tenk\u00e9, \u013eahk\u00e9, ostr\u00e9 ako britva a \u00fa\u017easne pevn\u00e9! Oba modely tohto rozmanit\u00e9ho radu s\u00fa vybaven\u00e9 na\u0161im svetovo presl\u00e1ven\u00fdm z\u00e1mkom Tri-Ad, v\u010faka ktor\u00e9mu s\u00fa takmer odoln\u00e9 vo\u010di n\u00e1razom a chr\u00e1nia va\u0161e vz\u00e1cne prsty pred zranen\u00edm pri pou\u017e\u00edvan\u00ed no\u017ea aj v t\u00fdch najn\u00e1ro\u010dnej\u0161\u00edch podmienkach. Od robustn\u00e9ho mal\u00e9ho pracanta, ktor\u00fdm je n\u00e1\u0161 rad Micro, a\u017e po brut\u00e1lny rezn\u00fd v\u00fdkon n\u00e1\u0161ho klasick\u00e9ho radu Recon \u2013 nech u\u017e je va\u0161e poslanie ak\u00e9ko\u013evek,<\/p>\n<p>PARAMETRE PRODUKTU<br \/>\nMateri\u00e1l rukov\u00e4te : Long G-10 Styled Griv-Ex\u2122<br \/>\nHr\u00fabka \u010depele: 3,5 mm<br \/>\nCelkov\u00e1 ve\u013ekos\u0165: 238 mm<br \/>\nFarba : \u010cierna<br \/>\nD\u013a\u017eka \u010depele: 101 mm<br \/>\nDruh poistky: Tri-Ad Lock<br \/>\nOce\u013e . CPM-S35VN s DLC Coating<br \/>\nD\u013a\u017eka rukov\u00e4te: 136 mm<br \/>\nHmotnos\u0165 : 150,25 g<br \/>\nMateri\u00e1l puzdra : Ambidextrous Pocket \/ Belt Clip<\/p>\n","protected":false},"excerpt":{"rendered":"<p>Zatv\u00e1rac\u00ed n\u00f4\u017e s plne hladk\u00fdm ostr\u00edm Recon 1 Spear Point Plain Edge je \u013eahk\u00fd zatv\u00e1rac\u00ed n\u00f4\u017e, ktor\u00fd v\u00fdborne padne do ruky.<\/p>\n","protected":false},"featured_media":214997,"comment_status":"open","ping_status":"closed","template":"","meta":[],"pwb-brand":[3598],"product_brand":[],"product_cat":[3186,3233],"product_tag":[3668],"class_list":{"0":"post-245009","1":"product","2":"type-product","3":"status-publish","4":"has-post-thumbnail","6":"pwb-brand-cold-steel-sk","7":"product_cat-noze-sk","8":"product_cat-zatvaracie-noze","9":"product_tag-b2b-sk","11":"first","12":"instock","13":"taxable","14":"shipping-taxable","15":"purchasable","16":"product-type-simple"},"brands":[{"id":3598,"name":"Cold Steel","slug":"cold-steel-sk"}],"_links":{"self":[{"href":"https:\/\/www.moskito.cz\/sk\/wp-json\/wp\/v2\/product\/245009","targetHints":{"allow":["GET"]}}],"collection":[{"href":"https:\/\/www.moskito.cz\/sk\/wp-json\/wp\/v2\/product"}],"about":[{"href":"https:\/\/www.moskito.cz\/sk\/wp-json\/wp\/v2\/types\/product"}],"replies":[{"embeddable":true,"href":"https:\/\/www.moskito.cz\/sk\/wp-json\/wp\/v2\/comments?post=245009"}],"wp:featuredmedia":[{"embeddable":true,"href":"https:\/\/www.moskito.cz\/sk\/wp-json\/wp\/v2\/media\/214997"}],"wp:attachment":[{"href":"https:\/\/www.moskito.cz\/sk\/wp-json\/wp\/v2\/media?parent=245009"}],"wp:term":[{"taxonomy":"pwb-brand","embeddable":true,"href":"https:\/\/www.moskito.cz\/sk\/wp-json\/wp\/v2\/pwb-brand?post=245009"},{"taxonomy":"product_brand","embeddable":true,"href":"https:\/\/www.moskito.cz\/sk\/wp-json\/wp\/v2\/product_brand?post=245009"},{"taxonomy":"product_cat","embeddable":true,"href":"https:\/\/www.moskito.cz\/sk\/wp-json\/wp\/v2\/product_cat?post=245009"},{"taxonomy":"product_tag","embeddable":true,"href":"https:\/\/www.moskito.cz\/sk\/wp-json\/wp\/v2\/product_tag?post=245009"}],"curies":[{"name":"wp","href":"https:\/\/api.w.org\/{rel}","templated":true}]}}