{"id":245054,"date":"2023-03-29T17:40:07","date_gmt":"2023-03-29T16:40:07","guid":{"rendered":"https:\/\/www.moskito.cz\/produkt\/zatvaraci-noz-cold-steel-grik\/"},"modified":"2025-05-07T10:48:54","modified_gmt":"2025-05-07T09:48:54","slug":"zatvaraci-noz-cold-steel-grik","status":"publish","type":"product","link":"https:\/\/www.moskito.cz\/sk\/produkt\/zatvaraci-noz-cold-steel-grik\/","title":{"rendered":"Zatv\u00e1rac\u00ed N\u00f4\u017e Cold Steel GRIK"},"content":{"rendered":"<p>Zatv\u00e1rac\u00ed N\u00f4\u017e Cold Steel GRIK<\/p>\n<p>Cold Steel Grik, vytvoren\u00fd z\u00e1kazkov\u00fdm v\u00fdrobcom no\u017eov Andrewom Demkom, je vreckov\u00fd, funk\u010dn\u00fd n\u00e1stroj, ktor\u00fd m\u00f4\u017eete nosi\u0165 ka\u017ed\u00fd de\u0148. Charakteristick\u00e1 modifikovan\u00e1 \u010depe\u013e o\u0161tepov\u00e9ho hrotu Griks je vyroben\u00e1 z odborne tepelne spracovanej a kryo-kalenej japonskej ocele AUS 8A pre dokonal\u00fa rovnov\u00e1hu medzi dr\u017ean\u00edm ostrie a \u013eahk\u00fdm preostren\u00edm. Plytk\u00fd z\u00e1rez v chrbte \u010depele poskytuje pohodln\u00fa zar\u00e1\u017eku palca pre p\u00e1ku pri \u0165a\u017ekej pr\u00e1ci alebo oporu pre v\u00e1\u0161 ukazov\u00e1k pri pou\u017eit\u00ed \u0161pi\u010dky na presn\u00e9 rezanie. Dvojfarebn\u00e1 sat\u00e9nov\u00e1 le\u0161ten\u00e1 \u010depe\u013e Griks a kontrastn\u00e1 \u010dierna polym\u00e9rov\u00e1 HTR rampa pre palec robia n\u00f4\u017e naozaj trblietav\u00fd \u2013 tak\u017ee je rovnako \u013eahk\u00fd na poh\u013ead ako na pou\u017eitie. Ale je to rukov\u00e4\u0165 Griks, ktor\u00e1 to odli\u0161uje! Vyroben\u00e9 z ergonomicky tvarovan\u00e9ho GFN s vymenite\u013enou a obojstrannou sponou, je to extr\u00e9mne tenk\u00e9 a ploch\u00e9 n\u00edzkoprofilov\u00e9 nosenie, ktor\u00e9 \u013eahko zachyt\u00edte vreck\u00e1 a je neuverite\u013ene diskr\u00e9tne. Polym\u00e9rov\u00e1 spona Griks sa navy\u0161e neuverite\u013ene pohodlne dr\u017e\u00ed v ruke a eliminuje tie hor\u00face miesta, ktor\u00e9 sa \u010dasto vyskytuj\u00fa pri dlhodobom pou\u017e\u00edvan\u00ed sklada\u010diek s oce\u013eov\u00fdmi svorkami. Navy\u0161e, na rozdiel od oce\u013eovej spony, nepo\u0161kriabe v\u00e1\u0161 lak ani neroztrhne ko\u017een\u00e9 sedadl\u00e1 vo va\u0161om aute! Grik, vybaven\u00fd na\u0161\u00edm uzamykac\u00edm mechanizmom Tri-Ad, ktor\u00fd preuk\u00e1zate\u013ene pon\u00faka neprekonate\u013en\u00fa \u00farove\u0148 bezpe\u010dnosti a pevnosti, je odoln\u00fd, praktick\u00fd a funk\u010dn\u00fd n\u00e1stroj pre ka\u017edodenn\u00fa pr\u00e1cu, o ktorom r\u00fdchlo zist\u00edte, \u017ee je \u00faplne nepostr\u00e1date\u013en\u00fd.<\/p>\n<p>Materi\u00e1l \u010depele: AUS-8<br \/>\nMateri\u00e1l rukov\u00e4te: GFN<br \/>\nPoistka: Tri-Ad lock<br \/>\nD\u013a\u017eka \u010depele: 7.6 cm<br \/>\nCelkov\u00e1 d\u013a\u017eka: 17.5 cm<br \/>\nD\u013a\u017eka rukov\u00e4te: 9.9 cm<br \/>\nHr\u00fabka \u010depele: 3.5 mm<br \/>\nHmotnos\u0165: 85 g<br \/>\nTyp \u010depele: Spear Point<\/p>\n","protected":false},"excerpt":{"rendered":"<p>Grik od firmy Cold Steel je \u013eahk\u00fd zatv\u00e1rac\u00ed n\u00f4\u017e s hladk\u00fdm ostr\u00edm, vhodn\u00fd na ka\u017edodenn\u00e9 nosenie. Ide o rizie pracovn\u00fd n\u00f4\u017e z vynikaj\u00faceho materi\u00e1lu za exkluz\u00edvnu cenu.<\/p>\n","protected":false},"featured_media":245052,"comment_status":"open","ping_status":"closed","template":"","meta":[],"pwb-brand":[3598],"product_brand":[],"product_cat":[3186,3233],"product_tag":[3668],"class_list":{"0":"post-245054","1":"product","2":"type-product","3":"status-publish","4":"has-post-thumbnail","6":"pwb-brand-cold-steel-sk","7":"product_cat-noze-sk","8":"product_cat-zatvaracie-noze","9":"product_tag-b2b-sk","11":"first","12":"instock","13":"taxable","14":"shipping-taxable","15":"purchasable","16":"product-type-simple"},"brands":[{"id":3598,"name":"Cold Steel","slug":"cold-steel-sk"}],"_links":{"self":[{"href":"https:\/\/www.moskito.cz\/sk\/wp-json\/wp\/v2\/product\/245054","targetHints":{"allow":["GET"]}}],"collection":[{"href":"https:\/\/www.moskito.cz\/sk\/wp-json\/wp\/v2\/product"}],"about":[{"href":"https:\/\/www.moskito.cz\/sk\/wp-json\/wp\/v2\/types\/product"}],"replies":[{"embeddable":true,"href":"https:\/\/www.moskito.cz\/sk\/wp-json\/wp\/v2\/comments?post=245054"}],"wp:featuredmedia":[{"embeddable":true,"href":"https:\/\/www.moskito.cz\/sk\/wp-json\/wp\/v2\/media\/245052"}],"wp:attachment":[{"href":"https:\/\/www.moskito.cz\/sk\/wp-json\/wp\/v2\/media?parent=245054"}],"wp:term":[{"taxonomy":"pwb-brand","embeddable":true,"href":"https:\/\/www.moskito.cz\/sk\/wp-json\/wp\/v2\/pwb-brand?post=245054"},{"taxonomy":"product_brand","embeddable":true,"href":"https:\/\/www.moskito.cz\/sk\/wp-json\/wp\/v2\/product_brand?post=245054"},{"taxonomy":"product_cat","embeddable":true,"href":"https:\/\/www.moskito.cz\/sk\/wp-json\/wp\/v2\/product_cat?post=245054"},{"taxonomy":"product_tag","embeddable":true,"href":"https:\/\/www.moskito.cz\/sk\/wp-json\/wp\/v2\/product_tag?post=245054"}],"curies":[{"name":"wp","href":"https:\/\/api.w.org\/{rel}","templated":true}]}}