{"id":245069,"date":"2023-03-29T19:08:01","date_gmt":"2023-03-29T18:08:01","guid":{"rendered":"https:\/\/www.moskito.cz\/produkt\/zatvaraci-noz-cold-steel-ranch-hand\/"},"modified":"2025-05-07T10:48:54","modified_gmt":"2025-05-07T09:48:54","slug":"zatvaraci-noz-cold-steel-ranch-hand","status":"publish","type":"product","link":"https:\/\/www.moskito.cz\/sk\/produkt\/zatvaraci-noz-cold-steel-ranch-hand\/","title":{"rendered":"Zatv\u00e1rac\u00ed N\u00f4\u017e Cold Steel RANCH HAND"},"content":{"rendered":"<p>Zatv\u00e1rac\u00ed N\u00f4\u017e Cold Steel RANCH HAND<\/p>\n<p>Cold Steel Ranch Hand je mal\u00fd vreckov\u00fd n\u00f4\u017e s tradi\u010dn\u00fdm designom. M\u00e1 vlo\u017ekov\u00fd z\u00e1mok s tuhou zadnou pru\u017einou, aby boli va\u0161e prsty v bezpe\u010d\u00ed pri rezan\u00ed, a jednoduch\u00fdm z\u00e1rezom v klinci v \u010depeli na otvorenie. \u010cepe\u013e z vysoko uhl\u00edkovej ocele ostr\u00e1 ako britva zvl\u00e1dne ka\u017ed\u00fa \u00falohu a \u0161upiny rukov\u00e4te z umelej rezanej kosti a pevn\u00e9 podpery z nerezovej ocele z nej robia klasick\u00fa kr\u00e1su. V\u010faka svojej robustnej kon\u0161trukcii je to perfektn\u00fd n\u00f4\u017e, ktor\u00fd m\u00e1te pripraven\u00fd, ke\u010f dokon\u010dujete v\u0161etky svoje dom\u00e1ce pr\u00e1ce, pripraven\u00fd kedyko\u013evek ho budete potrebova\u0165. Je sp\u00e1rovan\u00fd s hrub\u00fdm hned\u00fdm ko\u017een\u00fdm puzdrom na opasok, v\u010faka \u010domu je cel\u00fd bal\u00ed\u010dek neuverite\u013ene cenovo dostupn\u00fd obchod.<\/p>\n<p>Popis:<\/p>\n<p>Materi\u00e1l \u010depele: SK-5<br \/>\nMateri\u00e1l rukov\u00e4te: Nerezov\u00e1 oce\u013e, Kos\u0165<br \/>\nPoistka: Linerlock<br \/>\nD\u013a\u017eka \u010depele: 7.6 cm<br \/>\nTyp \u010depele: Clip Point<br \/>\nVyu\u017eitie: Kempingov\u00e9, EDC &#8211; ka\u017edodenn\u00e9 nosenie<\/p>\n","protected":false},"excerpt":{"rendered":"<p>Ranch Boss II je klasick\u00fdm zatv\u00e1rac\u00edm no\u017eom na ka\u017edodenn\u00e9 pou\u017eitie. N\u00f4\u017e je navrhnut\u00fd tak, aby si sa \u013eahko pou\u017e\u00edval aj v zne\u010distenom prostred\u00ed. Pred\u00e1va sa s ko\u017een\u00fdm puzdrom na opasok.<\/p>\n","protected":false},"featured_media":245064,"comment_status":"open","ping_status":"closed","template":"","meta":[],"pwb-brand":[3598],"product_brand":[],"product_cat":[3233,3186],"product_tag":[3668],"class_list":{"0":"post-245069","1":"product","2":"type-product","3":"status-publish","4":"has-post-thumbnail","6":"pwb-brand-cold-steel-sk","7":"product_cat-zatvaracie-noze","8":"product_cat-noze-sk","9":"product_tag-b2b-sk","11":"first","12":"instock","13":"sale","14":"taxable","15":"shipping-taxable","16":"purchasable","17":"product-type-simple"},"brands":[{"id":3598,"name":"Cold Steel","slug":"cold-steel-sk"}],"_links":{"self":[{"href":"https:\/\/www.moskito.cz\/sk\/wp-json\/wp\/v2\/product\/245069","targetHints":{"allow":["GET"]}}],"collection":[{"href":"https:\/\/www.moskito.cz\/sk\/wp-json\/wp\/v2\/product"}],"about":[{"href":"https:\/\/www.moskito.cz\/sk\/wp-json\/wp\/v2\/types\/product"}],"replies":[{"embeddable":true,"href":"https:\/\/www.moskito.cz\/sk\/wp-json\/wp\/v2\/comments?post=245069"}],"wp:featuredmedia":[{"embeddable":true,"href":"https:\/\/www.moskito.cz\/sk\/wp-json\/wp\/v2\/media\/245064"}],"wp:attachment":[{"href":"https:\/\/www.moskito.cz\/sk\/wp-json\/wp\/v2\/media?parent=245069"}],"wp:term":[{"taxonomy":"pwb-brand","embeddable":true,"href":"https:\/\/www.moskito.cz\/sk\/wp-json\/wp\/v2\/pwb-brand?post=245069"},{"taxonomy":"product_brand","embeddable":true,"href":"https:\/\/www.moskito.cz\/sk\/wp-json\/wp\/v2\/product_brand?post=245069"},{"taxonomy":"product_cat","embeddable":true,"href":"https:\/\/www.moskito.cz\/sk\/wp-json\/wp\/v2\/product_cat?post=245069"},{"taxonomy":"product_tag","embeddable":true,"href":"https:\/\/www.moskito.cz\/sk\/wp-json\/wp\/v2\/product_tag?post=245069"}],"curies":[{"name":"wp","href":"https:\/\/api.w.org\/{rel}","templated":true}]}}