{"id":245075,"date":"2023-03-29T19:29:54","date_gmt":"2023-03-29T18:29:54","guid":{"rendered":"https:\/\/www.moskito.cz\/produkt\/zatvaraci-noz-cold-steel-mini-trapper-yellow-bone\/"},"modified":"2025-05-07T10:48:55","modified_gmt":"2025-05-07T09:48:55","slug":"zatvaraci-noz-cold-steel-mini-trapper-yellow-bone","status":"publish","type":"product","link":"https:\/\/www.moskito.cz\/sk\/produkt\/zatvaraci-noz-cold-steel-mini-trapper-yellow-bone\/","title":{"rendered":"Zatv\u00e1rac\u00ed N\u00f4\u017e Cold Steel MINI TRAPPER YELLOW BONE"},"content":{"rendered":"<p>Zatv\u00e1rac\u00ed N\u00f4\u017e Cold Steel MINI TRAPPER YELLOW BONE<\/p>\n<p>Cold Steel Mini Trapper Folding Knife je vari\u00e1ciou Cold Steel na klasick\u00fd Trapper n\u00f4\u017e s posuvn\u00fdm k\u013abom. M\u00e1 rukov\u00e4te s autentickou kos\u0165ou a s\u00fa zv\u00fdraznen\u00e9 le\u0161ten\u00fdmi kovov\u00fdmi podperami. Robustn\u00e9 rukov\u00e4te s\u00fa podstatne dimenzovan\u00e9 pre \u0165a\u017ek\u00fa \u200b\u200bpr\u00e1cu, dokonca aj s rukami v rukaviciach. Je skon\u0161truovan\u00fd v tradi\u010dnom vzore Jack Knife s dvoma le\u0161ten\u00fdmi \u010depe\u013eami: \u010depe\u013eou s klipom na prepichnutie a rezanie a \u010depe\u013eou so \u0161picou na s\u0165ahovanie ko\u017ee a vypitvania, obe sa vykl\u00e1paj\u00fa z jedn\u00e9ho konca rukov\u00e4te no\u017ea. Popul\u00e1rny folkl\u00f3r umiestnil Trapper ako preferovan\u00fa vo\u013ebu pre drsn\u00fdch outdoorsmanov a hrani\u010dn\u00fdch lovcov, ale jeho neodmyslite\u013en\u00e1 praktickos\u0165 ich rob\u00ed u\u017eito\u010dn\u00fdmi pre v\u0161etky druhy dom\u00e1cich pr\u00e1c a dobre sa hod\u00ed takmer do ak\u00e9hoko\u013evek prostredia od mesta po vidiek. Je to skvel\u00fd vreckov\u00fd n\u00f4\u017e a je ide\u00e1lny pre dom\u00e1ce projekty, vonkaj\u0161ie pou\u017eitie alebo ako po\u013eovn\u00fd n\u00f4\u017e.<\/p>\n<p>PARAMETRE PRODUKTU:<br \/>\nCelkov\u00e1 ve\u013ekos\u0165: 155 mm<br \/>\nHmotnos\u0165: 72 g<br \/>\nD\u013a\u017eka \u010depele: 72 mm<br \/>\nD\u013a\u017eka rukov\u00e4te: 90 mm<br \/>\nOce\u013e: 8Cr13MoV<br \/>\nHr\u00fabka \u010depele: 2,8 mm<\/p>\n","protected":false},"excerpt":{"rendered":"<p>Mini Trapper je mal\u00fd zatv\u00e1rac\u00ed n\u00f4\u017e s dvoma \u010depe\u013eami a nechtov\u00fdm otv\u00e1ran\u00edm.<\/p>\n","protected":false},"featured_media":245073,"comment_status":"open","ping_status":"closed","template":"","meta":[],"pwb-brand":[3598],"product_brand":[],"product_cat":[3186,3233],"product_tag":[3668],"class_list":{"0":"post-245075","1":"product","2":"type-product","3":"status-publish","4":"has-post-thumbnail","6":"pwb-brand-cold-steel-sk","7":"product_cat-noze-sk","8":"product_cat-zatvaracie-noze","9":"product_tag-b2b-sk","11":"first","12":"instock","13":"taxable","14":"shipping-taxable","15":"purchasable","16":"product-type-simple"},"brands":[{"id":3598,"name":"Cold Steel","slug":"cold-steel-sk"}],"_links":{"self":[{"href":"https:\/\/www.moskito.cz\/sk\/wp-json\/wp\/v2\/product\/245075","targetHints":{"allow":["GET"]}}],"collection":[{"href":"https:\/\/www.moskito.cz\/sk\/wp-json\/wp\/v2\/product"}],"about":[{"href":"https:\/\/www.moskito.cz\/sk\/wp-json\/wp\/v2\/types\/product"}],"replies":[{"embeddable":true,"href":"https:\/\/www.moskito.cz\/sk\/wp-json\/wp\/v2\/comments?post=245075"}],"wp:featuredmedia":[{"embeddable":true,"href":"https:\/\/www.moskito.cz\/sk\/wp-json\/wp\/v2\/media\/245073"}],"wp:attachment":[{"href":"https:\/\/www.moskito.cz\/sk\/wp-json\/wp\/v2\/media?parent=245075"}],"wp:term":[{"taxonomy":"pwb-brand","embeddable":true,"href":"https:\/\/www.moskito.cz\/sk\/wp-json\/wp\/v2\/pwb-brand?post=245075"},{"taxonomy":"product_brand","embeddable":true,"href":"https:\/\/www.moskito.cz\/sk\/wp-json\/wp\/v2\/product_brand?post=245075"},{"taxonomy":"product_cat","embeddable":true,"href":"https:\/\/www.moskito.cz\/sk\/wp-json\/wp\/v2\/product_cat?post=245075"},{"taxonomy":"product_tag","embeddable":true,"href":"https:\/\/www.moskito.cz\/sk\/wp-json\/wp\/v2\/product_tag?post=245075"}],"curies":[{"name":"wp","href":"https:\/\/api.w.org\/{rel}","templated":true}]}}