{"id":245102,"date":"2023-03-29T21:21:25","date_gmt":"2023-03-29T20:21:25","guid":{"rendered":"https:\/\/www.moskito.cz\/produkt\/zatvaraci-noz-cold-steel-verdict-spear-point-black\/"},"modified":"2025-12-16T16:32:22","modified_gmt":"2025-12-16T15:32:22","slug":"zatvaraci-noz-cold-steel-verdict-spear-point-black","status":"publish","type":"product","link":"https:\/\/www.moskito.cz\/sk\/produkt\/zatvaraci-noz-cold-steel-verdict-spear-point-black\/","title":{"rendered":"Zatv\u00e1rac\u00ed n\u00f4\u017e Cold Steel VERDICT SPEAR POINT BLACK"},"content":{"rendered":"<p>Zatv\u00e1rac\u00ed n\u00f4\u017e <strong>Cold Steel<\/strong> VERDICT SPEAR POINT BLACK<\/p>\n<p>Verdict je \u013eahk\u00fd, \u013eahko sa otv\u00e1ra a je vybaven\u00fd bezpe\u010dn\u00fdm z\u00e1mkom Tri-Ad\u00ae od spolo\u010dnosti Cold Steel. 3-palcov\u00e1 \u010depe\u013e z br\u00fasenej nehrdzavej\u00facej ocele 4116 sa \u013eahko zap\u00e1ja a dr\u017e\u00ed ostrie. Tento obojstrann\u00fd prie\u010dinok s robustnou rukov\u00e4\u0165ou GFN, ktor\u00e1 je navrhnut\u00e1 tak, aby vydr\u017eala roky n\u00e1ro\u010dn\u00e9ho pou\u017e\u00edvania, je k dispoz\u00edcii v kombin\u00e1cii \u0161t\u00fdlov \u010depele (clip point a spear point) a farieb rukov\u00e4te.<\/p>\n<p>S\u00e9ria Verdikt:<\/p>\n<p>Verdikt je rozhodnutie a rad zatv\u00e1rac\u00edch no\u017eov Verdict od Cold Steel poskytuje u\u017e\u00edvate\u013eom rozhoduj\u00facu mo\u017enos\u0165 ka\u017edodenn\u00e9ho nosenia ako skalu. Verdict je vybaven\u00fd osved\u010den\u00fdm a d\u00f4veryhodn\u00fdm z\u00e1mkom Tri-Ad\u00ae a je dod\u00e1van\u00fd s dvoma oce\u013eov\u00fdmi a dvoma materi\u00e1lmi rukov\u00e4te a radom tvarov \u010depel\u00ed.<\/p>\n<p>Popis:<br \/>\nMateri\u00e1l \u010depele: 4116<br \/>\nMateri\u00e1l rukov\u00e4te: GFN<br \/>\nZ\u00e1mok: Tri-Ad lock<br \/>\nD\u013a\u017eka \u010depele: 7,6 cm<br \/>\nTyp \u010depele: Hrot o\u0161tepu<br \/>\nPou\u017eitie: EDC &#8211; ka\u017edodenn\u00e9 nosenie<\/p>\n<p><iframe title=\"COLD STEEL VERDICT LINE OF KNIVES\" width=\"800\" height=\"450\" src=\"https:\/\/www.youtube.com\/embed\/6vn_iWyLzhQ?feature=oembed\" frameborder=\"0\" allow=\"accelerometer; autoplay; clipboard-write; encrypted-media; gyroscope; picture-in-picture; web-share\" referrerpolicy=\"strict-origin-when-cross-origin\" allowfullscreen><\/iframe><\/p>\n<p>&nbsp;<\/p>\n<p>&nbsp;<\/p>\n","protected":false},"excerpt":{"rendered":"<p><strong>Rozsudok je &#8222;rozhodnutie&#8220;! Aj vy budete odhodlan\u00ed nosi\u0165 nov\u00fd n\u00f4\u017e Verdict, ke\u010f ho prv\u00fdkr\u00e1t vezmete do ruky.<\/strong><\/p>\n","protected":false},"featured_media":245094,"comment_status":"open","ping_status":"closed","template":"","meta":[],"pwb-brand":[3598],"product_brand":[],"product_cat":[3233,3186],"product_tag":[3668],"class_list":{"0":"post-245102","1":"product","2":"type-product","3":"status-publish","4":"has-post-thumbnail","6":"pwb-brand-cold-steel-sk","7":"product_cat-zatvaracie-noze","8":"product_cat-noze-sk","9":"product_tag-b2b-sk","11":"first","12":"instock","13":"taxable","14":"shipping-taxable","15":"purchasable","16":"product-type-simple"},"brands":[{"id":3598,"name":"Cold Steel","slug":"cold-steel-sk"}],"_links":{"self":[{"href":"https:\/\/www.moskito.cz\/sk\/wp-json\/wp\/v2\/product\/245102","targetHints":{"allow":["GET"]}}],"collection":[{"href":"https:\/\/www.moskito.cz\/sk\/wp-json\/wp\/v2\/product"}],"about":[{"href":"https:\/\/www.moskito.cz\/sk\/wp-json\/wp\/v2\/types\/product"}],"replies":[{"embeddable":true,"href":"https:\/\/www.moskito.cz\/sk\/wp-json\/wp\/v2\/comments?post=245102"}],"wp:featuredmedia":[{"embeddable":true,"href":"https:\/\/www.moskito.cz\/sk\/wp-json\/wp\/v2\/media\/245094"}],"wp:attachment":[{"href":"https:\/\/www.moskito.cz\/sk\/wp-json\/wp\/v2\/media?parent=245102"}],"wp:term":[{"taxonomy":"pwb-brand","embeddable":true,"href":"https:\/\/www.moskito.cz\/sk\/wp-json\/wp\/v2\/pwb-brand?post=245102"},{"taxonomy":"product_brand","embeddable":true,"href":"https:\/\/www.moskito.cz\/sk\/wp-json\/wp\/v2\/product_brand?post=245102"},{"taxonomy":"product_cat","embeddable":true,"href":"https:\/\/www.moskito.cz\/sk\/wp-json\/wp\/v2\/product_cat?post=245102"},{"taxonomy":"product_tag","embeddable":true,"href":"https:\/\/www.moskito.cz\/sk\/wp-json\/wp\/v2\/product_tag?post=245102"}],"curies":[{"name":"wp","href":"https:\/\/api.w.org\/{rel}","templated":true}]}}