{"id":245144,"date":"2022-11-02T22:32:59","date_gmt":"2022-11-02T21:32:59","guid":{"rendered":"https:\/\/www.moskito.cz\/produkt\/zatvaraci-noz-cold-steel-lucky\/"},"modified":"2023-11-20T17:18:13","modified_gmt":"2023-11-20T16:18:13","slug":"zatvaraci-noz-cold-steel-lucky","status":"publish","type":"product","link":"https:\/\/www.moskito.cz\/sk\/produkt\/zatvaraci-noz-cold-steel-lucky\/","title":{"rendered":"Zatv\u00e1rac\u00ed N\u00f4\u017e Cold Steel LUCKY"},"content":{"rendered":"<p>Zatv\u00e1rac\u00ed N\u00f4\u017e Cold Steel LUCKY.<\/p>\n<p>Dvojit\u00e9 \u010depele Lucky (jedna hladk\u00e1, jedna vr\u00fabkovan\u00e1) s\u00fa vyroben\u00e9 z pr\u00e9miovej ocele CPM S35VN, bezpe\u010dne zasaden\u00e9 medzi dvojfarebn\u00e9 le\u0161ten\u00e9 \u0161upiny z uhl\u00edkov\u00fdch vl\u00e1kien \u2013 as RC 60-61 m\u00e1 Lucky ostrie britvy, ktor\u00e9 vydr\u017e\u00ed! \u0160t\u00fdlov\u00fd, nen\u00e1padn\u00fd, elegantn\u00fd a leg\u00e1lny takmer v\u0161ade na svete, je to v\u0161estrann\u00fd n\u00f4\u017e, ktor\u00fd v\u00e1m bude dobre sl\u00fa\u017ei\u0165 a bude pri tom vyzera\u0165 kr\u00e1sne!<br \/>\nPARAMETRE PRODUKTU<\/p>\n<p>Druh poistky: clasp knife<br \/>\nCelkov\u00e1 ve\u013ekos\u0165: 215 mm<br \/>\nOce\u013e: CPM-S35VN<br \/>\nFarba: \u010cierna\/Strieborn\u00e1<br \/>\nHmotnos\u0165: 34,01 g<br \/>\nHr\u00fabka \u010depele: 1,5 mm<br \/>\nMateri\u00e1l rukov\u00e4te: Long Carbon Fiber<br \/>\nD\u013a\u017eka rukov\u00e4te: 82 mm<\/p>\n","protected":false},"excerpt":{"rendered":"<p>Zatv\u00e1rac\u00ed N\u00f4\u017e Cold Steel LUCKY. Dvojit\u00e9 \u010depele Lucky (jedna hladk\u00e1, jedna vr\u00fabkovan\u00e1) s\u00fa vyroben\u00e9 z pr\u00e9miovej ocele CPM S35VN, bezpe\u010dne zasaden\u00e9 medzi dvojfarebn\u00e9 le\u0161ten\u00e9 \u0161upiny z uhl\u00edkov\u00fdch vl\u00e1kien \u2013 as RC 60-61 m\u00e1 Lucky ostrie britvy, ktor\u00e9 vydr\u017e\u00ed! \u0160t\u00fdlov\u00fd, nen\u00e1padn\u00fd, elegantn\u00fd a leg\u00e1lny takmer v\u0161ade na svete, je to v\u0161estrann\u00fd n\u00f4\u017e, ktor\u00fd v\u00e1m bude dobre [&hellip;]<\/p>\n","protected":false},"featured_media":229298,"comment_status":"open","ping_status":"closed","template":"","meta":[],"pwb-brand":[3598],"product_brand":[],"product_cat":[3233,3186],"product_tag":[3668],"class_list":{"0":"post-245144","1":"product","2":"type-product","3":"status-publish","4":"has-post-thumbnail","6":"pwb-brand-cold-steel-sk","7":"product_cat-zatvaracie-noze","8":"product_cat-noze-sk","9":"product_tag-b2b-sk","11":"first","12":"instock","13":"taxable","14":"shipping-taxable","15":"purchasable","16":"product-type-simple"},"brands":[{"id":3598,"name":"Cold Steel","slug":"cold-steel-sk"}],"_links":{"self":[{"href":"https:\/\/www.moskito.cz\/sk\/wp-json\/wp\/v2\/product\/245144","targetHints":{"allow":["GET"]}}],"collection":[{"href":"https:\/\/www.moskito.cz\/sk\/wp-json\/wp\/v2\/product"}],"about":[{"href":"https:\/\/www.moskito.cz\/sk\/wp-json\/wp\/v2\/types\/product"}],"replies":[{"embeddable":true,"href":"https:\/\/www.moskito.cz\/sk\/wp-json\/wp\/v2\/comments?post=245144"}],"wp:featuredmedia":[{"embeddable":true,"href":"https:\/\/www.moskito.cz\/sk\/wp-json\/wp\/v2\/media\/229298"}],"wp:attachment":[{"href":"https:\/\/www.moskito.cz\/sk\/wp-json\/wp\/v2\/media?parent=245144"}],"wp:term":[{"taxonomy":"pwb-brand","embeddable":true,"href":"https:\/\/www.moskito.cz\/sk\/wp-json\/wp\/v2\/pwb-brand?post=245144"},{"taxonomy":"product_brand","embeddable":true,"href":"https:\/\/www.moskito.cz\/sk\/wp-json\/wp\/v2\/product_brand?post=245144"},{"taxonomy":"product_cat","embeddable":true,"href":"https:\/\/www.moskito.cz\/sk\/wp-json\/wp\/v2\/product_cat?post=245144"},{"taxonomy":"product_tag","embeddable":true,"href":"https:\/\/www.moskito.cz\/sk\/wp-json\/wp\/v2\/product_tag?post=245144"}],"curies":[{"name":"wp","href":"https:\/\/api.w.org\/{rel}","templated":true}]}}