{"id":245149,"date":"2022-11-07T21:01:36","date_gmt":"2022-11-07T20:01:36","guid":{"rendered":"https:\/\/www.moskito.cz\/produkt\/zatvaraci-noz-cold-steel-range-boss-flat-dark-earth\/"},"modified":"2025-05-07T10:48:59","modified_gmt":"2025-05-07T09:48:59","slug":"zatvaraci-noz-cold-steel-range-boss-flat-dark-earth","status":"publish","type":"product","link":"https:\/\/www.moskito.cz\/sk\/produkt\/zatvaraci-noz-cold-steel-range-boss-flat-dark-earth\/","title":{"rendered":"Zatv\u00e1rac\u00ed N\u00f4\u017e Cold Steel RANGE BOSS FLAT DARK EARTH"},"content":{"rendered":"<p>Zatv\u00e1rac\u00ed N\u00f4\u017e Cold Steel RANGE BOSS FLAT DARK EARTH.<\/p>\n<p>\u010ci u\u017e idete tax\u00edkom na Manhattane alebo na koni v Montane, sme si ist\u00ed, \u017ee n\u00e1\u0161ho Range Bossa ocen\u00edte. Navrhnut\u00e9 na celodenn\u00e9 nosenie vo vrecku alebo pri p\u00e1se, je \u013eahk\u00e9 a \u013eahko sa nos\u00ed. Nezaberie ve\u013ea miesta a d\u00e1 sa pren\u00e1\u0161a\u0165 prakticky bez pov\u0161imnutia, k\u00fdm ho neotvor\u00edte. \u010cepe\u013e Range Boss je naplocho br\u00fasen\u00e1 do tenkej hrany, ktor\u00e1 je tak\u00e1 ostr\u00e1, \u017ee v\u00e1s ohrom\u00ed. Je umyt\u00fd kame\u0148om, aby odolal hrdzi, a jeho v\u0161estrannos\u0165 z neho rob\u00ed \u010dertovsky dobr\u00fd n\u00f4\u017e na odstra\u0148ovanie ko\u017ee, nehovoriac o pr\u00edprave jedla. Nylonov\u00e1 rukov\u00e4\u0165 vystu\u017een\u00e1 sklom m\u00e1 text\u00faru s bodkovan\u00fdm vzorom pre dobr\u00fd \u00fachop a je vybaven\u00e1 zn\u00e1mym z\u00e1mkom Tri-Ad\u00ae pre vynikaj\u00facu pevnos\u0165.<\/p>\n<p>&#8222;V\u017edy budem milova\u0165 super tenk\u00fd, ultra\u013eahk\u00fd n\u00f4\u017e s dlhou \u010depe\u013eou a u\u017eito\u010dn\u00fdm hrotom. Preto bude Range Boss jedn\u00fdm z mojich ka\u017edodenn\u00fdch nosen\u00ed. Rovnako ako 3&#8220; Hold Out je dostato\u010dne \u013eahk\u00fd, aby 24 hod\u00edn denne 7 dn\u00ed v t\u00fd\u017edni vo vrecku na ko\u0161eli a na rozdiel od Hold Out m\u00e1 v\u0161estrannej\u0161iu sponu, ktor\u00fa som osobne zistil ako ve\u013emi vhodn\u00fa pre po\u013en\u00e9 obliekanie a s\u0165ahovanie z ko\u017ee aj ve\u013ek\u00fdch diviakov do 250 libier. Prirodzen\u00e9 pre farmu alebo obchod pou\u017e\u00edvajte a pom\u00e1hajte nov\u00e9mu lumpovi v mestskej d\u017eungli. Je to ve\u013emi rozumn\u00e1 cena a mysl\u00edm, \u017ee pon\u00faka obrovsk\u00fa hodnotu, najm\u00e4 ke\u010f uv\u00e1\u017eite, \u017ee prich\u00e1dza so sl\u00e1vnym z\u00e1mkom Tri-AD od Cold Steel!!!\u201c &#8211; Lynn Thompsonov\u00e1<\/p>\n<p>PARAMETRE PRODUKTU<br \/>\nHmotnos\u0165: 96 g<br \/>\nDruh poistky: Tri-Ad Lock<br \/>\nD\u013a\u017eka \u010depele: 101 mm<br \/>\nMateri\u00e1l puzdra: oce\u013eov\u00fd klip<br \/>\nD\u013a\u017eka rukov\u00e4te: 134 mm<br \/>\nCelkov\u00e1 ve\u013ekos\u0165: 235 mm<br \/>\nOce\u013e: 4034SS Steel<br \/>\nHr\u00fabka \u010depele: 3,5 mm<br \/>\nMateri\u00e1l rukov\u00e4te: Long Zy-Ex\u2122<br \/>\nFarba: Hned\u00e1<\/p>\n","protected":false},"excerpt":{"rendered":"<p>Range Boss je zatv\u00e1rac\u00ed n\u00f4\u017e s hladk\u00fdm ostrie a ploch\u00fdm v\u00fdbrusom.<\/p>\n","protected":false},"featured_media":245148,"comment_status":"open","ping_status":"closed","template":"","meta":[],"pwb-brand":[3598],"product_brand":[],"product_cat":[3186,3233],"product_tag":[],"class_list":{"0":"post-245149","1":"product","2":"type-product","3":"status-publish","4":"has-post-thumbnail","6":"pwb-brand-cold-steel-sk","7":"product_cat-noze-sk","8":"product_cat-zatvaracie-noze","10":"first","11":"outofstock","12":"taxable","13":"shipping-taxable","14":"purchasable","15":"product-type-simple"},"brands":[{"id":3598,"name":"Cold Steel","slug":"cold-steel-sk"}],"_links":{"self":[{"href":"https:\/\/www.moskito.cz\/sk\/wp-json\/wp\/v2\/product\/245149","targetHints":{"allow":["GET"]}}],"collection":[{"href":"https:\/\/www.moskito.cz\/sk\/wp-json\/wp\/v2\/product"}],"about":[{"href":"https:\/\/www.moskito.cz\/sk\/wp-json\/wp\/v2\/types\/product"}],"replies":[{"embeddable":true,"href":"https:\/\/www.moskito.cz\/sk\/wp-json\/wp\/v2\/comments?post=245149"}],"wp:featuredmedia":[{"embeddable":true,"href":"https:\/\/www.moskito.cz\/sk\/wp-json\/wp\/v2\/media\/245148"}],"wp:attachment":[{"href":"https:\/\/www.moskito.cz\/sk\/wp-json\/wp\/v2\/media?parent=245149"}],"wp:term":[{"taxonomy":"pwb-brand","embeddable":true,"href":"https:\/\/www.moskito.cz\/sk\/wp-json\/wp\/v2\/pwb-brand?post=245149"},{"taxonomy":"product_brand","embeddable":true,"href":"https:\/\/www.moskito.cz\/sk\/wp-json\/wp\/v2\/product_brand?post=245149"},{"taxonomy":"product_cat","embeddable":true,"href":"https:\/\/www.moskito.cz\/sk\/wp-json\/wp\/v2\/product_cat?post=245149"},{"taxonomy":"product_tag","embeddable":true,"href":"https:\/\/www.moskito.cz\/sk\/wp-json\/wp\/v2\/product_tag?post=245149"}],"curies":[{"name":"wp","href":"https:\/\/api.w.org\/{rel}","templated":true}]}}