{"id":245152,"date":"2021-07-22T08:20:59","date_gmt":"2021-07-22T07:20:59","guid":{"rendered":"https:\/\/www.moskito.cz\/produkt\/zatvaraci-noz-cold-steel-xl-espada-s35vn\/"},"modified":"2024-02-15T20:14:09","modified_gmt":"2024-02-15T19:14:09","slug":"zatvaraci-noz-cold-steel-xl-espada-s35vn","status":"publish","type":"product","link":"https:\/\/www.moskito.cz\/sk\/produkt\/zatvaraci-noz-cold-steel-xl-espada-s35vn\/","title":{"rendered":"Zatv\u00e1rac\u00ed N\u00f4\u017e Cold Steel XL ESPADA S35VN"},"content":{"rendered":"<p>Zatv\u00e1rac\u00ed N\u00f4\u017e <strong>Cold Steel<\/strong> XL ESPADA S35VN.<\/p>\n<p>Nikdy sme sa neb\u00e1li roz\u00eds\u0165 sa s konvenciami. Preto, ke\u010f v\u0161etci ostatn\u00ed v na\u0161om odbore vyr\u00e1bali najmen\u0161ie, najchudobnej\u0161ie a najjemnej\u0161ie mal\u00e9 no\u017ee, ak\u00e9 mohli, vydali sme rad \u010depel\u00ed, ktor\u00e9 mo\u017eno pop\u00edsa\u0165 len ako jednu vec \u2013 vreckov\u00e9 me\u010de! Studen\u00e1 oce\u013e Espada bola in\u0161pirovan\u00e1 klasickou Navajou \u0161panielske no\u017ee, ale bol \u00faplne modern\u00fd ako svojim vzh\u013eadom, tak aj materi\u00e1lmi. Tieto mega-no\u017ee za\u00fato\u010dili na trh! Na\u0161a dizajnov\u00e1 spolupr\u00e1ca medzi z\u00e1kazkov\u00fdm v\u00fdrobcom no\u017eov Andrewom Demkom a prezidentom spolo\u010dnosti Cold Steel Lynnom C. Thompsonom s\u00fa k dispoz\u00edcii v dvoch ve\u013ekostiach, aby vyhovovali odv\u00e1\u017enym aj najodv\u00e1\u017enej\u0161\u00edm jednotlivcom! Napriek svojej impozantnej ve\u013ekosti s\u00fa na\u0161e Espady odborne navrhnut\u00e9 tak, aby sa pohodlne a diskr\u00e9tne zmestili do v\u00e1\u0161ho vrecka. \u010coskoro zabudnete, \u017ee nos\u00edte tak\u00fa ve\u013ek\u00fa a p\u00f4sobiv\u00fa \u010depe\u013e. Vybaven\u00fd patentovanou do\u0161ti\u010dkou Demko Thumb Plate, je mo\u017en\u00e9 ve\u013ek\u00fa a mimoriadne ve\u013ek\u00fa Espadas zachyti\u0165 o vrecko, otv\u00e1ra\u0165 n\u00f4\u017e pri jeho kreslen\u00ed &#8211; a otv\u00e1ra\u0165 v mrknut\u00ed oka! Kr\u00e1sne \u010depele Espada s\u00fa vyroben\u00e9 z prvotriednej americkej zliatiny S35VN Alloy Steel &#8211; vybran\u00e9 pre svoju schopnos\u0165 nielen z\u00edska\u0165 ve\u013emi jemn\u00fa rezn\u00fa hranu, ale dr\u017ea\u0165 ju v\u00fdnimo\u010dne dlh\u00fa dobu. S\u00fa tie\u017e vybaven\u00e9 odborne le\u0161ten\u00fdm G-10 a zrkadlo le\u0161ten\u00e9 7075 Hlin\u00edkov\u00e9 z\u00e1\u0161tity a r\u00e1m. Ka\u017ed\u00e1 Espada je vybaven\u00e1 na\u0161\u00edm patentovan\u00fdm uzamykac\u00edm mechanizmom Tri-Ad, u ktor\u00e9ho bolo preuk\u00e1zan\u00e9, \u017ee m\u00e1 \u00fa\u017easn\u00fa odolnos\u0165 proti n\u00e1razom a silu. Pri na\u0161om vlastnom notoricky brut\u00e1lnom testovan\u00ed produktu nebola XL Espada schopn\u00e1 poja\u0165 iba 600 libier z\u00e1vesnej hmotnosti, ale dokonca sme ju pou\u017eili na podporu visiaceho bloku motora!<\/p>\n<p>D\u013a\u017eka v zatvorenom stave: 23,5 cm<br \/>\nD\u013a\u017eka \u010depele: 19 cm<br \/>\nCelkov\u00e1 d\u013a\u017eka: 42,5 cm<br \/>\nHmotnos\u0165: 453,59 g<br \/>\nHr\u00fabka \u010depele: 4 mm<br \/>\nOce\u013e: CPM S35VN nerez<br \/>\nRukov\u00e4\u0165: le\u0161ten\u00fd hlin\u00edk + \u010dierna Micarta<br \/>\nDruh poistky: Tri-Ad Lock<\/p>\n<p><strong>Cold Steel<\/strong> je spolo\u010dnos\u0165 zaoberaj\u00faca sa v\u00fdrobou najsilnej\u0161\u00edch a najostrej\u0161\u00edch no\u017eov na svete. Za posledn\u00e9 tri desa\u0165ro\u010dia bola spolo\u010dnos\u0165 Cold Steel na \u010dele mnoh\u00fdch inov\u00e1ci\u00ed, ktor\u00e9 pomohli definova\u0165 no\u017eiarsky priemysel. Postupn\u00e9 \u00faspechy, vr\u00e1tane zavedenia skontrolovan\u00fdch rukov\u00e4t\u00ed Kraton\u00ae, a \u0161t\u00fdly \u010depel\u00ed tant point, sa od zvedavo zauj\u00edmav\u00fdch funkci\u00ed dostali k priemyseln\u00fdm znakom kvality a prepracovanosti. Nov\u00fd smer bol tie\u017e zlomen\u00fd zaveden\u00edm jedine\u010dn\u00fdch nov\u00fdch oce\u013eov\u00fdch \u010depel\u00ed, ako je San Mai III a Tri-Ad \u2122 Lock &amp; zais\u0165ovac\u00ed mechanizmus pre skladacie no\u017ee. Napr\u00edklad Tri-Ad\u2122 Lock sa nikdy nevyrovnal \u017eiadnemu z konkurentov Cold Steel a nebolo preuk\u00e1zan\u00e9, \u017ee by ni\u010d z toho, \u010do doteraz vyrobili, prekonalo. Cold Steel sa samozrejme v\u017edy bude pozera\u0165 do bud\u00facnosti a bude sa neust\u00e1le sna\u017ei\u0165 vyr\u00e1ba\u0165 najsilnej\u0161ie a najostrej\u0161ie no\u017ee na svete. Tento cie\u013e, rovnako nepolapite\u013en\u00fd a \u0165a\u017eko dosiahnute\u013en\u00fd, je za posledn\u00fdch \u0161tyridsa\u0165 rokov rovnak\u00fd. Cold Steel Inc. je spolo\u010dnos\u0165 zameran\u00e1 na v\u00fdrobu najsilnej\u0161\u00edch a najostrej\u0161\u00edch no\u017eov, me\u010dov, tomahawkov, ma\u010det, pr\u00edborov a n\u00e1strojov pre ka\u017edodenn\u00e9 nosenie: EDC. Spolo\u010dnos\u0165 Cold Steel, ktor\u00e1 bola r\u00fdchlo prijat\u00e1 vojakmi, \u0161peci\u00e1lnymi jednotkami pre vym\u00e1hanie pr\u00e1va, pracovn\u00edkmi pohotovostn\u00fdch slu\u017eieb, odborn\u00edkmi na sebaobranu i \u010dlenmi komunity bojov\u00fdch umen\u00ed, sa r\u00fdchlo presl\u00e1vila kvalitou, silou, spo\u013eahlivos\u0165ou a spo\u013eahlivos\u0165ou pri ka\u017edodennom nosen\u00ed (EDC). Na\u0161a r\u00f4znorod\u00e1 a rozmanit\u00e1 zostava sa r\u00fdchlo rozr\u00e1stla a zah\u0155\u0148ala nielen mas\u00edvny v\u00fdber skladac\u00edch no\u017eov (od men\u0161\u00edch \u010depel\u00ed \u201eEDC\u201c a\u017e po na\u0161e ikonick\u00e9 obrie \u201emega-zlo\u017eky\u201c), ale aj pevn\u00e9 \u010depele, me\u010de, \u0161able, pali\u010dky a halapartne, rovnako ako loveck\u00e9 potreby, kopije, pu\u0161ky, sekery, ma\u010dety, tomahawky a n\u00e1stroje! V priebehu desa\u0165ro\u010d\u00ed spolo\u010dnos\u0165 Cold Steel predstavila priekopn\u00edcke nov\u00e9 materi\u00e1ly a designy, ktor\u00e9 pomohli utv\u00e1ra\u0165 svet modern\u00fdch no\u017eov, ostr\u00fdch zbran\u00ed a n\u00e1strojov. Od zavedenia kockovan\u00fdch rukov\u00e4t\u00ed Kraton\u00ae a \u201eamerikanizovanej\u201c \u010depele Tanto a\u017e po zaradenie nov\u00fdch inovat\u00edvnych ocel\u00ed \u010depele ako San Mai III\u00ae a uzamykac\u00edch mechanizmov meniacich hru (ako je n\u00e1\u0161 Tri-Ad\u2122 Lock). Ke\u010f sa pozer\u00e1me do bud\u00facnosti, spolo\u010dnos\u0165 Cold Steel na\u010falej prin\u00e1\u0161a na trh nov\u00e9 \u00farovne sily, bezpe\u010dnosti a v\u00fdkonu a poskytuje osved\u010den\u00e9 produkty, na ktor\u00e9 sa m\u00f4\u017eete spo\u013eahn\u00fa\u0165 \u2013 kedyko\u013evek a kdeko\u013evek!<\/p>\n<p><iframe title=\"ESPADA XL\" width=\"800\" height=\"450\" src=\"https:\/\/www.youtube.com\/embed\/leU99gzQbEg?feature=oembed\" frameborder=\"0\" allow=\"accelerometer; autoplay; clipboard-write; encrypted-media; gyroscope; picture-in-picture; web-share\" allowfullscreen><\/iframe><\/p>\n<p>&nbsp;<\/p>\n","protected":false},"excerpt":{"rendered":"<p><strong>Espada XL od firmy Cold Steel je najv\u00e4\u010d\u0161\u00ed zatv\u00e1rac\u00ed n\u00f4\u017e na svete. V\u010faka svojej le\u0161tenej \u010depeli a le\u0161tenej rukov\u00e4te z hlin\u00edka a \u010diernej Micarty, p\u00f4sob\u00ed Espada ve\u013emi luxusn\u00fdm dojmom.<\/strong><\/p>\n<p><strong>Doprava zadarmo.<\/strong><\/p>\n<p>&nbsp;<\/p>\n","protected":false},"featured_media":200999,"comment_status":"open","ping_status":"closed","template":"","meta":[],"pwb-brand":[3598],"product_brand":[],"product_cat":[3233,3186],"product_tag":[3668],"class_list":{"0":"post-245152","1":"product","2":"type-product","3":"status-publish","4":"has-post-thumbnail","6":"pwb-brand-cold-steel-sk","7":"product_cat-zatvaracie-noze","8":"product_cat-noze-sk","9":"product_tag-b2b-sk","11":"first","12":"outofstock","13":"taxable","14":"shipping-taxable","15":"purchasable","16":"product-type-simple"},"brands":[{"id":3598,"name":"Cold Steel","slug":"cold-steel-sk"}],"_links":{"self":[{"href":"https:\/\/www.moskito.cz\/sk\/wp-json\/wp\/v2\/product\/245152","targetHints":{"allow":["GET"]}}],"collection":[{"href":"https:\/\/www.moskito.cz\/sk\/wp-json\/wp\/v2\/product"}],"about":[{"href":"https:\/\/www.moskito.cz\/sk\/wp-json\/wp\/v2\/types\/product"}],"replies":[{"embeddable":true,"href":"https:\/\/www.moskito.cz\/sk\/wp-json\/wp\/v2\/comments?post=245152"}],"wp:featuredmedia":[{"embeddable":true,"href":"https:\/\/www.moskito.cz\/sk\/wp-json\/wp\/v2\/media\/200999"}],"wp:attachment":[{"href":"https:\/\/www.moskito.cz\/sk\/wp-json\/wp\/v2\/media?parent=245152"}],"wp:term":[{"taxonomy":"pwb-brand","embeddable":true,"href":"https:\/\/www.moskito.cz\/sk\/wp-json\/wp\/v2\/pwb-brand?post=245152"},{"taxonomy":"product_brand","embeddable":true,"href":"https:\/\/www.moskito.cz\/sk\/wp-json\/wp\/v2\/product_brand?post=245152"},{"taxonomy":"product_cat","embeddable":true,"href":"https:\/\/www.moskito.cz\/sk\/wp-json\/wp\/v2\/product_cat?post=245152"},{"taxonomy":"product_tag","embeddable":true,"href":"https:\/\/www.moskito.cz\/sk\/wp-json\/wp\/v2\/product_tag?post=245152"}],"curies":[{"name":"wp","href":"https:\/\/api.w.org\/{rel}","templated":true}]}}