{"id":245163,"date":"2023-03-30T20:58:26","date_gmt":"2023-03-30T19:58:26","guid":{"rendered":"https:\/\/www.moskito.cz\/produkt\/pevny-noz-cold-steel-mini-leatherneck-tanto-point\/"},"modified":"2025-05-07T10:48:59","modified_gmt":"2025-05-07T09:48:59","slug":"pevny-noz-cold-steel-mini-leatherneck-tanto-point","status":"publish","type":"product","link":"https:\/\/www.moskito.cz\/sk\/produkt\/pevny-noz-cold-steel-mini-leatherneck-tanto-point\/","title":{"rendered":"Pevn\u00fd N\u00f4\u017e Cold Steel MINI LEATHERNECK TANTO POINT"},"content":{"rendered":"<p>Pevn\u00fd N\u00f4\u017e <strong>Cold Steel<\/strong> MINI LEATHERNECK TANTO POINT<\/p>\n<p>Nez\u00e1le\u017e\u00ed to\u013eko na ve\u013ekosti psa v boji, ako na ve\u013ekosti boja u psa! Rad Mini Leatherneck toto pr\u00edslovie \u00faplne steles\u0148uje. Vyroben\u00e9 z ocele 8Cr13MoV a pon\u00fakan\u00e9 v troch \u0161t\u00fdloch \u010depele, ka\u017ed\u00fd m\u00e1 ochrann\u00fd kryt z nerezovej ocele so \u0161irok\u00fdmi kill\u00f3nmi, ktor\u00e9 chr\u00e1nia va\u0161e prsty. Rukov\u00e4\u0165 je vyroben\u00e1 z materi\u00e1lu Kray-Ex\u2122 a je navrhnut\u00e1 tak, aby pripom\u00ednala na\u0161e v\u00e4\u010d\u0161ie modely Leatherneck. Tieto no\u017ee s\u00fa dod\u00e1van\u00e9 s pevn\u00fdm a robustn\u00fdm puzdrom Secure-Ex\u2122, ktor\u00e9 pojme \u0161n\u00farku na kor\u00e1lky alebo Cold Steel\u00ae C-Klip. Najlep\u0161ie zo v\u0161etk\u00e9ho je, \u017ee s\u00fa cenovo dostupn\u00e9.<\/p>\n<p>Materi\u00e1l \u010depele: 8cr13mov<br \/>\nMateri\u00e1l rukov\u00e4te: Krat\u00f3n<br \/>\nMateri\u00e1l puzdra: Secure-Ex<br \/>\nD\u013a\u017eka \u010depele: 8.9 cm<br \/>\nCelkov\u00e1 d\u013a\u017eka: 17.1 cm<br \/>\nD\u013a\u017eka rukov\u00e4te: 8.3 cm<br \/>\nHr\u00fabka \u010depele: 3 mm<br \/>\nHmotnos\u0165: 94 g<br \/>\nTyp \u010depele: Tanto<\/p>\n","protected":false},"excerpt":{"rendered":"<p><strong>Mal\u00fd Leatherneck vych\u00e1dza tvarovo zo svojej ve\u013ekej predlohy. V\u010faka svojej men\u0161ej ve\u013ekosti aj v\u00e1he sa st\u00e1va n\u00e1strojom na ka\u017edodenn\u00e9 nosenie a nebude zbyto\u010dne budi\u0165 negat\u00edvnu pozornos\u0165 okolia.<\/strong><\/p>\n","protected":false},"featured_media":245161,"comment_status":"open","ping_status":"closed","template":"","meta":[],"pwb-brand":[3598],"product_brand":[],"product_cat":[3187,3186],"product_tag":[3668],"class_list":{"0":"post-245163","1":"product","2":"type-product","3":"status-publish","4":"has-post-thumbnail","6":"pwb-brand-cold-steel-sk","7":"product_cat-pevne-noze-sk","8":"product_cat-noze-sk","9":"product_tag-b2b-sk","11":"first","12":"outofstock","13":"taxable","14":"shipping-taxable","15":"purchasable","16":"product-type-simple"},"brands":[{"id":3598,"name":"Cold Steel","slug":"cold-steel-sk"}],"_links":{"self":[{"href":"https:\/\/www.moskito.cz\/sk\/wp-json\/wp\/v2\/product\/245163","targetHints":{"allow":["GET"]}}],"collection":[{"href":"https:\/\/www.moskito.cz\/sk\/wp-json\/wp\/v2\/product"}],"about":[{"href":"https:\/\/www.moskito.cz\/sk\/wp-json\/wp\/v2\/types\/product"}],"replies":[{"embeddable":true,"href":"https:\/\/www.moskito.cz\/sk\/wp-json\/wp\/v2\/comments?post=245163"}],"wp:featuredmedia":[{"embeddable":true,"href":"https:\/\/www.moskito.cz\/sk\/wp-json\/wp\/v2\/media\/245161"}],"wp:attachment":[{"href":"https:\/\/www.moskito.cz\/sk\/wp-json\/wp\/v2\/media?parent=245163"}],"wp:term":[{"taxonomy":"pwb-brand","embeddable":true,"href":"https:\/\/www.moskito.cz\/sk\/wp-json\/wp\/v2\/pwb-brand?post=245163"},{"taxonomy":"product_brand","embeddable":true,"href":"https:\/\/www.moskito.cz\/sk\/wp-json\/wp\/v2\/product_brand?post=245163"},{"taxonomy":"product_cat","embeddable":true,"href":"https:\/\/www.moskito.cz\/sk\/wp-json\/wp\/v2\/product_cat?post=245163"},{"taxonomy":"product_tag","embeddable":true,"href":"https:\/\/www.moskito.cz\/sk\/wp-json\/wp\/v2\/product_tag?post=245163"}],"curies":[{"name":"wp","href":"https:\/\/api.w.org\/{rel}","templated":true}]}}