{"id":245223,"date":"2023-03-31T14:48:12","date_gmt":"2023-03-31T13:48:12","guid":{"rendered":"https:\/\/www.moskito.cz\/produkt\/pevny-noz-cold-steel-trail-master-cpm-3v\/"},"modified":"2025-05-07T10:49:03","modified_gmt":"2025-05-07T09:49:03","slug":"pevny-noz-cold-steel-trail-master-cpm-3v","status":"publish","type":"product","link":"https:\/\/www.moskito.cz\/sk\/produkt\/pevny-noz-cold-steel-trail-master-cpm-3v\/","title":{"rendered":"Pevn\u00fd N\u00f4\u017e COLD STEEL TRAIL MASTER (CPM 3V)"},"content":{"rendered":"<p>Pevn\u00fd N\u00f4\u017e COLD STEEL TRAIL MASTER (CPM 3V)<\/p>\n<p>&#8222;Nedok\u00e1\u017eem si predstavi\u0165 lep\u0161\u00ed n\u00f4\u017e na dobrodru\u017estvo pod hol\u00fdm nebom, ne\u017e je Trail Master. Teraz je k dispoz\u00edcii v 3V oceli a je nezni\u010dite\u013enej\u0161\u00ed ako kedyko\u013evek predt\u00fdm. V\u010faka dlhej \u010depeli s klipsou s netypicky silnou robustnou \u0161pi\u010dkou. A \u010do viac, budete ohromen\u00ed rezn\u00fdm v\u00fdkonom a zachovan\u00edm hr\u00e1n, ktor\u00e9 z\u00edskate s 3V oce\u013eou. K\u00fapte si to, k\u00fdm m\u00f4\u017eete, 3V \u010depele s\u00fa \u0165a\u017ek\u00e9 a \u010dasovo n\u00e1ro\u010dn\u00e9, nehovoriac o drahej v\u00fdrobe!&#8220; &#8211; Lynn Thompsonov\u00e1<\/p>\n<p>Trail Master je ve\u013ek\u00fd po\u013eovn\u00fd n\u00f4\u017e s Clip Point \u010depe\u013eou a hladk\u00fdm ostr\u00edm. Cold Steel vyr\u00e1ba n\u00f4\u017e Trail Master u\u017e mnoho rokov a za t\u00fa dobu si n\u00f4\u017e na\u0161iel priaznivcov preva\u017ene medzi lovcami a \u0161pecialistami na pre\u017eitie. T\u00ed na no\u017ei oce\u0148uj\u00fa jeho h\u00fa\u017eevnatos\u0165 a pevnos\u0165, v\u010faka \u010depeli o hr\u00fabke materi\u00e1lu 8mm a Full tang kon\u0161trukcii.<\/p>\n<p>Materi\u00e1l \u010depele: CPM 3-V<br \/>\nMateri\u00e1l rukov\u00e4te: Kray-Ex<br \/>\nMateri\u00e1l puzdra: Nylon, Secure-Ex<br \/>\nD\u013a\u017eka \u010depele: 24.1 cm<br \/>\nCelkov\u00e1 d\u013a\u017eka: 36.8 cm<br \/>\nD\u013a\u017eka rukov\u00e4te: 12.7 cm<br \/>\nHr\u00fabka \u010depele: 8 mm<br \/>\nHmotnos\u0165: 497 g<br \/>\nTyp \u010depele: Clip Point<\/p>\n","protected":false},"excerpt":{"rendered":"<p>Trail Master od firmy COLD STEEL patr\u00ed medzi najv\u00e4\u010d\u0161ie loveck\u00e9 no\u017ee. Je ve\u013emi popul\u00e1rny medzi lovcami a odborn\u00edkmi na pre\u017eitie.<\/p>\n","protected":false},"featured_media":245192,"comment_status":"open","ping_status":"closed","template":"","meta":[],"pwb-brand":[3598],"product_brand":[],"product_cat":[3186,3187],"product_tag":[3668],"class_list":{"0":"post-245223","1":"product","2":"type-product","3":"status-publish","4":"has-post-thumbnail","6":"pwb-brand-cold-steel-sk","7":"product_cat-noze-sk","8":"product_cat-pevne-noze-sk","9":"product_tag-b2b-sk","11":"first","12":"instock","13":"taxable","14":"shipping-taxable","15":"purchasable","16":"product-type-simple"},"brands":[{"id":3598,"name":"Cold Steel","slug":"cold-steel-sk"}],"_links":{"self":[{"href":"https:\/\/www.moskito.cz\/sk\/wp-json\/wp\/v2\/product\/245223","targetHints":{"allow":["GET"]}}],"collection":[{"href":"https:\/\/www.moskito.cz\/sk\/wp-json\/wp\/v2\/product"}],"about":[{"href":"https:\/\/www.moskito.cz\/sk\/wp-json\/wp\/v2\/types\/product"}],"replies":[{"embeddable":true,"href":"https:\/\/www.moskito.cz\/sk\/wp-json\/wp\/v2\/comments?post=245223"}],"wp:featuredmedia":[{"embeddable":true,"href":"https:\/\/www.moskito.cz\/sk\/wp-json\/wp\/v2\/media\/245192"}],"wp:attachment":[{"href":"https:\/\/www.moskito.cz\/sk\/wp-json\/wp\/v2\/media?parent=245223"}],"wp:term":[{"taxonomy":"pwb-brand","embeddable":true,"href":"https:\/\/www.moskito.cz\/sk\/wp-json\/wp\/v2\/pwb-brand?post=245223"},{"taxonomy":"product_brand","embeddable":true,"href":"https:\/\/www.moskito.cz\/sk\/wp-json\/wp\/v2\/product_brand?post=245223"},{"taxonomy":"product_cat","embeddable":true,"href":"https:\/\/www.moskito.cz\/sk\/wp-json\/wp\/v2\/product_cat?post=245223"},{"taxonomy":"product_tag","embeddable":true,"href":"https:\/\/www.moskito.cz\/sk\/wp-json\/wp\/v2\/product_tag?post=245223"}],"curies":[{"name":"wp","href":"https:\/\/api.w.org\/{rel}","templated":true}]}}