{"id":245225,"date":"2023-03-31T10:12:20","date_gmt":"2023-03-31T09:12:20","guid":{"rendered":"https:\/\/www.moskito.cz\/produkt\/pevny-noz-cold-steel-laredo-bowie-cpm-3v\/"},"modified":"2025-05-07T10:49:03","modified_gmt":"2025-05-07T09:49:03","slug":"pevny-noz-cold-steel-laredo-bowie-cpm-3v","status":"publish","type":"product","link":"https:\/\/www.moskito.cz\/sk\/produkt\/pevny-noz-cold-steel-laredo-bowie-cpm-3v\/","title":{"rendered":"Pevn\u00fd N\u00f4\u017e COLD STEEL LAREDO BOWIE (CPM 3V)"},"content":{"rendered":"<p>Pevn\u00fd N\u00f4\u017e COLD STEEL LAREDO BOWIE (CPM 3V)<\/p>\n<p>Awesome je jedin\u00e9 pr\u00eddavn\u00e9 meno, ktor\u00e9 v\u00f4bec za\u010d\u00edna popisova\u0165 Cold Steel Laredo Bowie. V skuto\u010dnosti to mus\u00ed by\u0165 vidie\u0165, aby to bolo ocenen\u00e9, preto\u017ee samotn\u00e9 slov\u00e1 to jednoducho nespravia. Vyzna\u010duje sa dlhou a \u0165a\u017ekou \u010depe\u013eou vyrobenou z kon\u0161trukcie \u010depele z n\u00e1strojovej ocele CPM-3V, ktor\u00e1 je ploch\u00e1 a poskytuje neuverite\u013en\u00fd rezn\u00fd v\u00fdkon a dokonal\u00e9 vyv\u00e1\u017eenie. A ako bonus navy\u0161e dost\u00e1va \u00faplne z\u00fariv\u00e9 ostrie, ktor\u00e9 kon\u010d\u00ed hrotom ostr\u00fdm ako d\u00fdka.<\/p>\n<p>Na \u010fal\u0161ie zv\u00fd\u0161enie jeho v\u0161estrannosti a \u00fa\u010dinnosti ako zbrane m\u00e1 \u0161tyri a pol palca dlh\u00fd naostren\u00fd klips, ktor\u00fd pom\u00e1ha u\u013eah\u010di\u0165 smrtiaci zadn\u00fd rez, rovnako ako \u0161irok\u00fa \u0161k\u00e1lu konven\u010dnej\u0161\u00edch sekov a bodn\u00fdch \u00fatokov.<\/p>\n<p>\u010cierna rukov\u00e4\u0165 G10 je rovnako pevn\u00e1 ako kr\u00e1sna. Je \u0161peci\u00e1lne tvarovan\u00e1, aby padla do ruky ako rukavice a poskytovala pozit\u00edvny \u00fachop pri rezan\u00ed, kosen\u00ed alebo tla\u010den\u00ed.<\/p>\n<p>Ka\u017ed\u00fd Laredo Bowie je dod\u00e1van\u00fd s puzdrom Secure-Ex, ktor\u00e9 chr\u00e1ni \u010depe\u013e a umo\u017e\u0148uje v\u00e1m ju nosi\u0165 bezpe\u010dne a bezpe\u010dne na va\u0161ej strane, v\u017edy pripraven\u00ed br\u00e1ni\u0165 v\u00e1s a va\u0161ich bl\u00edzkych.<\/p>\n<p>Popis:<\/p>\n<p>Materi\u00e1l \u010depele: CPM 3-V<br \/>\nMateri\u00e1l rukov\u00e4te: Micarta, Nerezov\u00e1 oce\u013e<br \/>\nMateri\u00e1l puzdra: Secure-Ex<br \/>\nD\u013a\u017eka \u010depele: 26.7 cm<br \/>\nCelkov\u00e1 d\u013a\u017eka: 40 cm<br \/>\nD\u013a\u017eka rukov\u00e4te: 13.3 cm<br \/>\nHr\u00fabka \u010depele: 8 mm<br \/>\nHmotnos\u0165: 462 g<br \/>\nTyp \u010depele: Bowie<\/p>\n","protected":false},"excerpt":{"rendered":"<p>Awesome je jedin\u00e9 pr\u00eddavn\u00e9 meno, ktor\u00e9 v\u00f4bec za\u010d\u00edna popisova\u0165 Cold Steel Laredo Bowie.<\/p>\n","protected":false},"featured_media":245172,"comment_status":"open","ping_status":"closed","template":"","meta":[],"pwb-brand":[3598],"product_brand":[],"product_cat":[3186,3187],"product_tag":[3668],"class_list":{"0":"post-245225","1":"product","2":"type-product","3":"status-publish","4":"has-post-thumbnail","6":"pwb-brand-cold-steel-sk","7":"product_cat-noze-sk","8":"product_cat-pevne-noze-sk","9":"product_tag-b2b-sk","11":"first","12":"instock","13":"taxable","14":"shipping-taxable","15":"purchasable","16":"product-type-simple"},"brands":[{"id":3598,"name":"Cold Steel","slug":"cold-steel-sk"}],"_links":{"self":[{"href":"https:\/\/www.moskito.cz\/sk\/wp-json\/wp\/v2\/product\/245225","targetHints":{"allow":["GET"]}}],"collection":[{"href":"https:\/\/www.moskito.cz\/sk\/wp-json\/wp\/v2\/product"}],"about":[{"href":"https:\/\/www.moskito.cz\/sk\/wp-json\/wp\/v2\/types\/product"}],"replies":[{"embeddable":true,"href":"https:\/\/www.moskito.cz\/sk\/wp-json\/wp\/v2\/comments?post=245225"}],"wp:featuredmedia":[{"embeddable":true,"href":"https:\/\/www.moskito.cz\/sk\/wp-json\/wp\/v2\/media\/245172"}],"wp:attachment":[{"href":"https:\/\/www.moskito.cz\/sk\/wp-json\/wp\/v2\/media?parent=245225"}],"wp:term":[{"taxonomy":"pwb-brand","embeddable":true,"href":"https:\/\/www.moskito.cz\/sk\/wp-json\/wp\/v2\/pwb-brand?post=245225"},{"taxonomy":"product_brand","embeddable":true,"href":"https:\/\/www.moskito.cz\/sk\/wp-json\/wp\/v2\/product_brand?post=245225"},{"taxonomy":"product_cat","embeddable":true,"href":"https:\/\/www.moskito.cz\/sk\/wp-json\/wp\/v2\/product_cat?post=245225"},{"taxonomy":"product_tag","embeddable":true,"href":"https:\/\/www.moskito.cz\/sk\/wp-json\/wp\/v2\/product_tag?post=245225"}],"curies":[{"name":"wp","href":"https:\/\/api.w.org\/{rel}","templated":true}]}}