{"id":245228,"date":"2022-11-05T21:07:41","date_gmt":"2022-11-05T20:07:41","guid":{"rendered":"https:\/\/www.moskito.cz\/produkt\/pevny-noz-cold-steel-razor-tek-blade-5mm-thick\/"},"modified":"2024-04-23T12:20:21","modified_gmt":"2024-04-23T11:20:21","slug":"pevny-noz-cold-steel-razor-tek-blade-5mm-thick","status":"publish","type":"product","link":"https:\/\/www.moskito.cz\/sk\/produkt\/pevny-noz-cold-steel-razor-tek-blade-5mm-thick\/","title":{"rendered":"Pevn\u00fd N\u00f4\u017e Cold Steel RAZOR TEK BLADE 5MM THICK"},"content":{"rendered":"<p>Pevn\u00fd N\u00f4\u017e <strong>Cold Steel<\/strong> RAZOR TEK BLADE 5MM THICK.<\/p>\n<p>Najv\u00e4\u010d\u0161\u00ed zo s\u00e9rie Razor Tek sa m\u00f4\u017ee pochv\u00e1li\u0165 6,5\u201d 5mm hrubou zakrivenou \u010depe\u013eou. Tento n\u00f4\u017e vynikne vo v\u00e4\u010d\u0161\u00edch podnikoch. Zakriven\u00e1 \u010depe\u013e a brucho smerom dopredu tvoria skvel\u00fd vrtu\u013en\u00edk. S ergonomickou a text\u00farovanou rukov\u00e4\u0165ou m\u00e1te \u010depe\u013e, ktor\u00e1 sa hod\u00ed pre v\u00e1\u0161 bud\u00faci v\u00fdlet do divo\u010diny. T\u00e1to \u010depe\u013e v\u00e1s dostane tam a sp\u00e4\u0165. Zah\u0155\u0148a puzdro Secure-Ex<\/p>\n<p>PARAMETRE PRODUKTU<br \/>\nFarba: \u010cierna\/Strieborn\u00e1<br \/>\nCelkov\u00e1 ve\u013ekos\u0165: 295 mm<br \/>\nHmotnos\u0165: 331 g<br \/>\nMateri\u00e1l rukov\u00e4te: GFN<br \/>\nD\u013a\u017eka rukov\u00e4te: 130 mm<br \/>\nOce\u013e: 4116SS<br \/>\nHr\u00fabka \u010depele: 4,6 mm<br \/>\nD\u013a\u017eka \u010depele: 165 mm<\/p>\n","protected":false},"excerpt":{"rendered":"<p><strong>Ve\u013ek\u00fd n\u00f4\u017e s hladk\u00fdm ostr\u00edm a d\u013a\u017ekou \u010depele 165 mm. N\u00f4\u017e sa dod\u00e1va s puzdrom Secure-Ex.<\/strong><\/p>\n","protected":false},"featured_media":229523,"comment_status":"open","ping_status":"closed","template":"","meta":[],"pwb-brand":[3598],"product_brand":[],"product_cat":[3187,3186],"product_tag":[3668],"class_list":{"0":"post-245228","1":"product","2":"type-product","3":"status-publish","4":"has-post-thumbnail","6":"pwb-brand-cold-steel-sk","7":"product_cat-pevne-noze-sk","8":"product_cat-noze-sk","9":"product_tag-b2b-sk","11":"first","12":"instock","13":"taxable","14":"shipping-taxable","15":"purchasable","16":"product-type-simple"},"brands":[{"id":3598,"name":"Cold Steel","slug":"cold-steel-sk"}],"_links":{"self":[{"href":"https:\/\/www.moskito.cz\/sk\/wp-json\/wp\/v2\/product\/245228","targetHints":{"allow":["GET"]}}],"collection":[{"href":"https:\/\/www.moskito.cz\/sk\/wp-json\/wp\/v2\/product"}],"about":[{"href":"https:\/\/www.moskito.cz\/sk\/wp-json\/wp\/v2\/types\/product"}],"replies":[{"embeddable":true,"href":"https:\/\/www.moskito.cz\/sk\/wp-json\/wp\/v2\/comments?post=245228"}],"wp:featuredmedia":[{"embeddable":true,"href":"https:\/\/www.moskito.cz\/sk\/wp-json\/wp\/v2\/media\/229523"}],"wp:attachment":[{"href":"https:\/\/www.moskito.cz\/sk\/wp-json\/wp\/v2\/media?parent=245228"}],"wp:term":[{"taxonomy":"pwb-brand","embeddable":true,"href":"https:\/\/www.moskito.cz\/sk\/wp-json\/wp\/v2\/pwb-brand?post=245228"},{"taxonomy":"product_brand","embeddable":true,"href":"https:\/\/www.moskito.cz\/sk\/wp-json\/wp\/v2\/product_brand?post=245228"},{"taxonomy":"product_cat","embeddable":true,"href":"https:\/\/www.moskito.cz\/sk\/wp-json\/wp\/v2\/product_cat?post=245228"},{"taxonomy":"product_tag","embeddable":true,"href":"https:\/\/www.moskito.cz\/sk\/wp-json\/wp\/v2\/product_tag?post=245228"}],"curies":[{"name":"wp","href":"https:\/\/api.w.org\/{rel}","templated":true}]}}