{"id":245234,"date":"2023-03-31T19:54:19","date_gmt":"2023-03-31T18:54:19","guid":{"rendered":"https:\/\/www.moskito.cz\/produkt\/pevny-noz-cold-steel-recon-tanto-sk-5\/"},"modified":"2023-11-20T17:27:54","modified_gmt":"2023-11-20T16:27:54","slug":"pevny-noz-cold-steel-recon-tanto-sk-5","status":"publish","type":"product","link":"https:\/\/www.moskito.cz\/sk\/produkt\/pevny-noz-cold-steel-recon-tanto-sk-5\/","title":{"rendered":"Pevn\u00fd N\u00f4\u017e Cold Steel RECON TANTO (SK-5)"},"content":{"rendered":"<p>Pevn\u00fd N\u016f\u017e Cold Steel RECON TANTO (SK-5)<\/p>\n<p>Za posledn\u00edch 34 let se Cold Steelu poda\u0159ilo prosadit Tanto jako vynikaj\u00edc\u00ed \u010depel pro bojovou aplikaci. N\u00e1\u0161 pr\u016fkopnick\u00fd v\u00fdzkum, v\u00fdvoj a zdokonalen\u00ed tohoto tvaru \u010depele prok\u00e1zaly hodnotu vyztu\u017een\u00e9ho hrotu ve stylu &#8222;American Tanto&#8220; bez pochyb. Na\u0161e Recon Tanto pokra\u010duje v p\u0159edefinov\u00e1n\u00ed standardu pro bojov\u00e9 no\u017ee po cel\u00e9m sv\u011bt\u011b. Vzhledem k aktivn\u00ed aplikaci v \u010detn\u00fdch konfliktech za posledn\u00edch 20 let je na dobr\u00e9 cest\u011b st\u00e1t se preferovanou vojenskou pevnou \u010depel\u00ed pro speci\u00e1ln\u00ed vojensk\u00e9 jednotky a dokonce i t\u00fdmy SWAT na na\u0161\u00ed vlastn\u00ed p\u016fd\u011b. Za\u017eijte mimo\u0159\u00e1dnou kvalitu \u2013 otestujte si na vlastn\u00ed k\u016f\u017ei v\u00fdraznou b\u0159itvu a uvid\u00edte, pro\u010d je Recon Tanto n\u016f\u017e, bez kter\u00e9ho si nem\u016f\u017eete dovolit b\u00fdt!<\/p>\n<p>Materi\u00e1l \u010depele: SK-5<br \/>\nMateri\u00e1l rukojeti: Kray-Ex<br \/>\nMateri\u00e1l pouzdra: Secure-Ex<br \/>\nD\u00e9lka \u010depele: 17,7 cm<br \/>\nCelkov\u00e1 d\u00e9lka: 29,8 cm<br \/>\nD\u00e9lka rukojeti: 12,1 cm<br \/>\nTlou\u0161\u0165ka \u010depele: 5 mm<br \/>\nHmotnost: 255g<br \/>\nTyp \u010depele: Tanto<\/p>\n","protected":false},"excerpt":{"rendered":"<p>Recon Tanto in SK-5 je najtypickej\u0161\u00edm pevn\u00fdm no\u017eom od COLD STEEL. Ide o taktick\u00fd n\u00f4\u017e ve\u013emi ob\u013e\u00faben\u00fd medzi ozbrojen\u00fdmi zlo\u017ekami, predov\u0161etk\u00fdm vojensk\u00fdmi \u0161pecialistami.<\/p>\n","protected":false},"featured_media":245232,"comment_status":"open","ping_status":"closed","template":"","meta":[],"pwb-brand":[3598],"product_brand":[],"product_cat":[3187,3186],"product_tag":[3668],"class_list":{"0":"post-245234","1":"product","2":"type-product","3":"status-publish","4":"has-post-thumbnail","6":"pwb-brand-cold-steel-sk","7":"product_cat-pevne-noze-sk","8":"product_cat-noze-sk","9":"product_tag-b2b-sk","11":"first","12":"instock","13":"taxable","14":"shipping-taxable","15":"purchasable","16":"product-type-simple"},"brands":[{"id":3598,"name":"Cold Steel","slug":"cold-steel-sk"}],"_links":{"self":[{"href":"https:\/\/www.moskito.cz\/sk\/wp-json\/wp\/v2\/product\/245234","targetHints":{"allow":["GET"]}}],"collection":[{"href":"https:\/\/www.moskito.cz\/sk\/wp-json\/wp\/v2\/product"}],"about":[{"href":"https:\/\/www.moskito.cz\/sk\/wp-json\/wp\/v2\/types\/product"}],"replies":[{"embeddable":true,"href":"https:\/\/www.moskito.cz\/sk\/wp-json\/wp\/v2\/comments?post=245234"}],"wp:featuredmedia":[{"embeddable":true,"href":"https:\/\/www.moskito.cz\/sk\/wp-json\/wp\/v2\/media\/245232"}],"wp:attachment":[{"href":"https:\/\/www.moskito.cz\/sk\/wp-json\/wp\/v2\/media?parent=245234"}],"wp:term":[{"taxonomy":"pwb-brand","embeddable":true,"href":"https:\/\/www.moskito.cz\/sk\/wp-json\/wp\/v2\/pwb-brand?post=245234"},{"taxonomy":"product_brand","embeddable":true,"href":"https:\/\/www.moskito.cz\/sk\/wp-json\/wp\/v2\/product_brand?post=245234"},{"taxonomy":"product_cat","embeddable":true,"href":"https:\/\/www.moskito.cz\/sk\/wp-json\/wp\/v2\/product_cat?post=245234"},{"taxonomy":"product_tag","embeddable":true,"href":"https:\/\/www.moskito.cz\/sk\/wp-json\/wp\/v2\/product_tag?post=245234"}],"curies":[{"name":"wp","href":"https:\/\/api.w.org\/{rel}","templated":true}]}}