{"id":245241,"date":"2023-03-31T20:13:13","date_gmt":"2023-03-31T19:13:13","guid":{"rendered":"https:\/\/www.moskito.cz\/produkt\/pevny-noz-cold-steel-3v-srk-cpm-3v\/"},"modified":"2025-05-07T10:49:04","modified_gmt":"2025-05-07T09:49:04","slug":"pevny-noz-cold-steel-3v-srk-cpm-3v","status":"publish","type":"product","link":"https:\/\/www.moskito.cz\/sk\/produkt\/pevny-noz-cold-steel-3v-srk-cpm-3v\/","title":{"rendered":"Pevn\u00fd N\u00f4\u017e Cold Steel 3V SRK (CPM 3V)"},"content":{"rendered":"<p>Pevn\u00fd N\u00f4\u017e Cold Steel 3V SRK (CPM 3V)<\/p>\n<p>Oper\u00e1cie pre\u017eitia a z\u00e1chrany vy\u017eaduj\u00fa v\u0161estrann\u00fd n\u00f4\u017e schopn\u00fd odola\u0165 najextr\u00e9mnej\u0161\u00edm podmienkam. Jednoducho povedan\u00e9, Cold Steel SRK (Survival Rescue Knife) bol navrhnut\u00fd \u0161peci\u00e1lne s oh\u013eadom na toto. SRK, ob\u013e\u00faben\u00fd n\u00f4\u017e medzi pr\u00edslu\u0161n\u00edkmi vojensk\u00e9ho a taktick\u00e9ho vym\u00e1hania pr\u00e1va, je \u0161tandardn\u00fdm no\u017eom Navy SEALS pre ich BUDS \u2013 \u010di\u017ee z\u00e1kladn\u00fd v\u00fdcvik v demol\u00e1cii pod vodou \u2013 SRK sa znova a znova osved\u010dil v najn\u00e1ro\u010dnej\u0161\u00edch prostrediach. Nech u\u017e je misia ak\u00e1ko\u013evek, sme si ist\u00ed, \u017ee SRK je n\u00f4\u017e pre v\u00e1s!<\/p>\n<p>Popis:<\/p>\n<p>Materi\u00e1l rukov\u00e4te: Long Kray-Ex<br \/>\nOce\u013e: U.S. CPM 3V High Carbon<br \/>\nHmotnos\u0165: 249,47 g<br \/>\nD\u013a\u017eka rukov\u00e4te: 12 cm<br \/>\nD\u013a\u017eka \u010depele: 15.2 cm<br \/>\nHr\u00fabka \u010depele: 0.5 cm<br \/>\nCelkov\u00e1 ve\u013ekos\u0165: 27.3 cm<br \/>\nMateri\u00e1l puzdra: Secure-Ex\u00ae Sheath<br \/>\nFarba: \u010cierna\/Strieborn\u00e1<\/p>\n","protected":false},"excerpt":{"rendered":"<p>3V SRK od firmy COLD STEEL je pevn\u00fd n\u00f4\u017e s hladk\u00fdm ostr\u00edm. Bol vyvinut\u00fd na pre\u017eitie a z\u00e1chrann\u00e9 oper\u00e1cie vy\u017eaduj\u00face v\u0161estrann\u00fd n\u00f4\u017e, ktor\u00fd dok\u00e1\u017ee odola\u0165 extr\u00e9mnym podmienkam<\/p>\n","protected":false},"featured_media":245238,"comment_status":"open","ping_status":"closed","template":"","meta":[],"pwb-brand":[3598],"product_brand":[],"product_cat":[3187,3186],"product_tag":[],"class_list":{"0":"post-245241","1":"product","2":"type-product","3":"status-publish","4":"has-post-thumbnail","6":"pwb-brand-cold-steel-sk","7":"product_cat-pevne-noze-sk","8":"product_cat-noze-sk","10":"first","11":"instock","12":"taxable","13":"shipping-taxable","14":"purchasable","15":"product-type-simple"},"brands":[{"id":3598,"name":"Cold Steel","slug":"cold-steel-sk"}],"_links":{"self":[{"href":"https:\/\/www.moskito.cz\/sk\/wp-json\/wp\/v2\/product\/245241","targetHints":{"allow":["GET"]}}],"collection":[{"href":"https:\/\/www.moskito.cz\/sk\/wp-json\/wp\/v2\/product"}],"about":[{"href":"https:\/\/www.moskito.cz\/sk\/wp-json\/wp\/v2\/types\/product"}],"replies":[{"embeddable":true,"href":"https:\/\/www.moskito.cz\/sk\/wp-json\/wp\/v2\/comments?post=245241"}],"wp:featuredmedia":[{"embeddable":true,"href":"https:\/\/www.moskito.cz\/sk\/wp-json\/wp\/v2\/media\/245238"}],"wp:attachment":[{"href":"https:\/\/www.moskito.cz\/sk\/wp-json\/wp\/v2\/media?parent=245241"}],"wp:term":[{"taxonomy":"pwb-brand","embeddable":true,"href":"https:\/\/www.moskito.cz\/sk\/wp-json\/wp\/v2\/pwb-brand?post=245241"},{"taxonomy":"product_brand","embeddable":true,"href":"https:\/\/www.moskito.cz\/sk\/wp-json\/wp\/v2\/product_brand?post=245241"},{"taxonomy":"product_cat","embeddable":true,"href":"https:\/\/www.moskito.cz\/sk\/wp-json\/wp\/v2\/product_cat?post=245241"},{"taxonomy":"product_tag","embeddable":true,"href":"https:\/\/www.moskito.cz\/sk\/wp-json\/wp\/v2\/product_tag?post=245241"}],"curies":[{"name":"wp","href":"https:\/\/api.w.org\/{rel}","templated":true}]}}