{"id":245252,"date":"2023-04-01T12:18:39","date_gmt":"2023-04-01T11:18:39","guid":{"rendered":"https:\/\/www.moskito.cz\/produkt\/pevny-noz-cold-steel-3v-master-hunter\/"},"modified":"2025-05-07T10:49:08","modified_gmt":"2025-05-07T09:49:08","slug":"pevny-noz-cold-steel-3v-master-hunter","status":"publish","type":"product","link":"https:\/\/www.moskito.cz\/sk\/produkt\/pevny-noz-cold-steel-3v-master-hunter\/","title":{"rendered":"Pevn\u00fd N\u00f4\u017e Cold Steel 3V MASTER HUNTER"},"content":{"rendered":"<p>Pevn\u00fd N\u00f4\u017e Cold Steel 3V MASTER HUNTER<\/p>\n<p>Zachov\u00e1va si svoje klasick\u00e9 l\u00ednie a funk\u010dn\u00fd design, ale s integr\u00e1ciou niektor\u00fdch z najlep\u0161\u00edch materi\u00e1lov v dne\u0161nom priemysle. S extra \u0161irokou americkou \u010depe\u013eou CPM3-V z vysoko uhl\u00edkovej ocele a ru\u010dne br\u00fasenou do britvy, ktor\u00fa treba c\u00edti\u0165, aby ste uverili. Zakriven\u00e1 rezn\u00e1 hrana Master Hunters bez n\u00e1mahy prere\u017ee aj t\u00fa najodolnej\u0161iu ko\u017eu, zatia\u013e \u010do jej robustn\u00fd, ale ostr\u00fd bod sp\u00e1du rob\u00ed obliekanie a s\u0165ahovanie ko\u017ee hra\u010dkou. Chrb\u00e1t \u010depele m\u00e1 hr\u00fabku cel\u00fdch 3\/16&#8243;, \u010do umo\u017e\u0148uje potrebn\u00fa pevnos\u0165 a tuhos\u0165 pri obliekan\u00ed a ko\u017ei aj t\u00fdch najv\u00e4\u010d\u0161\u00edch zvierat. Rukov\u00e4\u0165 je \u0161peci\u00e1lne navrhnut\u00e1 tak, aby podporovala dlh\u00e9 pou\u017e\u00edvanie bez \u00fanavy. Vyroben\u00e9 z tlmi\u010da Kray-Ex\u2122 as na\u0161\u00edm hlboko , ne\u0161m\u00fdka sa bez oh\u013eadu na to, ako studen\u00e9, mokr\u00e9 alebo krvav\u00e9 va\u0161e ruky bud\u00fa, a poskytne v\u00e1m pozit\u00edvny a bezpe\u010dn\u00fd n\u00e1kup na \u010depeli, aj ke\u010f m\u00e1te na sebe siln\u00e9 rukavice. \u017ee nikdy nebude hni\u0165, zmr\u0161\u0165ova\u0165 sa, praska\u0165, trie\u0161ti\u0165 alebo plesni\u0165 a je \u00faplne odoln\u00fd aj vo\u010di najdrsnej\u0161iemu po\u010dasiu.Pre bezpe\u010dnos\u0165 je Master Hunter dod\u00e1van\u00fd v adaptabilnom a v\u0161estrannom Secure-Po\u0161va Ex\u2122, ktor\u00e1 pojme takmer ak\u00fdko\u013evek opasok, batoh alebo n\u00e1v\u00e4zec. pre oddan\u00e9ho lovca, ktor\u00fd si zasl\u00fa\u017ei to najlep\u0161ie \u2013 The Master Hunter od Cold Steel.<\/p>\n<p>Popis:<br \/>\nMateri\u00e1l \u010depele: CPM 3-V<br \/>\nMateri\u00e1l rukov\u00e4te: Kray-Ex<br \/>\nMateri\u00e1l puzdra: Secure-Ex<br \/>\nD\u013a\u017eka \u010depele: 11.4 cm<br \/>\nCelkov\u00e1 d\u013a\u017eka: 23.5 cm<br \/>\nD\u013a\u017eka rukov\u00e4te: 12.1 cm<br \/>\nHmotnos\u0165: 181 g<br \/>\nTyp \u010depele: Drop Point<\/p>\n","protected":false},"excerpt":{"rendered":"<pre id=\"tw-target-text\" class=\"tw-data-text tw-text-large tw-ta\" dir=\"ltr\" data-placeholder=\"P\u0159eklad\">Pevn\u00fd n\u00f4\u017e 3V Master Hunter od firmy COLD STEEL je legendou medzi po\u013eovn\u00edckymi no\u017emi.<\/pre>\n","protected":false},"featured_media":245250,"comment_status":"open","ping_status":"closed","template":"","meta":[],"pwb-brand":[3598],"product_brand":[],"product_cat":[3187,3186],"product_tag":[3668],"class_list":{"0":"post-245252","1":"product","2":"type-product","3":"status-publish","4":"has-post-thumbnail","6":"pwb-brand-cold-steel-sk","7":"product_cat-pevne-noze-sk","8":"product_cat-noze-sk","9":"product_tag-b2b-sk","11":"first","12":"instock","13":"taxable","14":"shipping-taxable","15":"purchasable","16":"product-type-simple"},"brands":[{"id":3598,"name":"Cold Steel","slug":"cold-steel-sk"}],"_links":{"self":[{"href":"https:\/\/www.moskito.cz\/sk\/wp-json\/wp\/v2\/product\/245252","targetHints":{"allow":["GET"]}}],"collection":[{"href":"https:\/\/www.moskito.cz\/sk\/wp-json\/wp\/v2\/product"}],"about":[{"href":"https:\/\/www.moskito.cz\/sk\/wp-json\/wp\/v2\/types\/product"}],"replies":[{"embeddable":true,"href":"https:\/\/www.moskito.cz\/sk\/wp-json\/wp\/v2\/comments?post=245252"}],"wp:featuredmedia":[{"embeddable":true,"href":"https:\/\/www.moskito.cz\/sk\/wp-json\/wp\/v2\/media\/245250"}],"wp:attachment":[{"href":"https:\/\/www.moskito.cz\/sk\/wp-json\/wp\/v2\/media?parent=245252"}],"wp:term":[{"taxonomy":"pwb-brand","embeddable":true,"href":"https:\/\/www.moskito.cz\/sk\/wp-json\/wp\/v2\/pwb-brand?post=245252"},{"taxonomy":"product_brand","embeddable":true,"href":"https:\/\/www.moskito.cz\/sk\/wp-json\/wp\/v2\/product_brand?post=245252"},{"taxonomy":"product_cat","embeddable":true,"href":"https:\/\/www.moskito.cz\/sk\/wp-json\/wp\/v2\/product_cat?post=245252"},{"taxonomy":"product_tag","embeddable":true,"href":"https:\/\/www.moskito.cz\/sk\/wp-json\/wp\/v2\/product_tag?post=245252"}],"curies":[{"name":"wp","href":"https:\/\/api.w.org\/{rel}","templated":true}]}}