{"id":245254,"date":"2022-11-05T21:23:38","date_gmt":"2022-11-05T20:23:38","guid":{"rendered":"https:\/\/www.moskito.cz\/produkt\/pevny-noz-cold-steel-peace-maker-ii\/"},"modified":"2025-05-07T10:49:08","modified_gmt":"2025-05-07T09:49:08","slug":"pevny-noz-cold-steel-peace-maker-ii","status":"publish","type":"product","link":"https:\/\/www.moskito.cz\/sk\/produkt\/pevny-noz-cold-steel-peace-maker-ii\/","title":{"rendered":"Pevn\u00fd N\u00f4\u017e Cold Steel PEACE MAKER II"},"content":{"rendered":"<p>Pevn\u00fd N\u00f4\u017e Cold Steel PEACE MAKER II.<\/p>\n<p>Ak ste v arm\u00e1de alebo vo vym\u00e1han\u00ed pr\u00e1va; ak jazd\u00edte na koni alebo na motorke; alebo \u017ei\u0165 na ran\u010di alebo farme &#8211; potom je Cold Steel Peace Maker pre v\u00e1s! Tieto v\u0161estrann\u00e9 pevn\u00e9 \u010depele s\u00fa pripnut\u00e9 k hornej \u010dasti top\u00e1nky a zakryt\u00e9 nohavicou, tak\u017ee s\u00fa prakticky nevidite\u013en\u00e9; navy\u0161e je v\u00e1\u0161 n\u00f4\u017e v\u017edy \u013eahko dostupn\u00fd, ke\u010f ho potrebujete. Peace Makers s\u00fa \u00fa\u017easne \u013eahk\u00e9 a podstatne ten\u0161ie ako mnoho \u201etaktick\u00fdch\u201c no\u017eov dostupn\u00fdch na dne\u0161nom trhu. Zmes Peace Makers &#8211; br\u00fasen\u00e9 \u00fakosy \u010depele umo\u017e\u0148uje ve\u013emi jednoduch\u00e9 preostrenie a ich tuh\u00e9, dist\u00e1lne z\u00fa\u017een\u00e9 hroty s\u00fa schopn\u00e9 prerazi\u0165 aj siln\u00fd materi\u00e1l. Preto\u017ee tieto lacn\u00e9 \u010depele na top\u00e1nky pon\u00fakaj\u00fa \u0161irok\u00e9 spektrum pou\u017eitia \u2013 \u00fa\u017eitkov\u00e9, loveck\u00e9, ryb\u00e1rske.<\/p>\n<p>PARAMETRE PRODUKTU<br \/>\nCelkov\u00e1 ve\u013ekos\u0165: 260 mm<br \/>\nFarba: \u010cierna\/Strieborn\u00e1<br \/>\nHmotnos\u0165: 153,08 g<br \/>\nD\u013a\u017eka \u010depele: 139 mm<br \/>\nHr\u00fabka \u010depele: 3 mm<br \/>\nD\u013a\u017eka rukov\u00e4te: 120 mm<br \/>\nOce\u013e: 4116 Stainless Cryo Quenched<br \/>\nMateri\u00e1l puzdra: Secure-Ex\u00ae Sheath<\/p>\n","protected":false},"excerpt":{"rendered":"<p>Peace Maker II od firmy Cold Steel je pevn\u00fd n\u00f4\u017e na diskr\u00e9tne nosenie.<\/p>\n","protected":false},"featured_media":229528,"comment_status":"open","ping_status":"closed","template":"","meta":[],"pwb-brand":[3598],"product_brand":[],"product_cat":[3187,3186],"product_tag":[],"class_list":{"0":"post-245254","1":"product","2":"type-product","3":"status-publish","4":"has-post-thumbnail","6":"pwb-brand-cold-steel-sk","7":"product_cat-pevne-noze-sk","8":"product_cat-noze-sk","10":"first","11":"instock","12":"taxable","13":"shipping-taxable","14":"purchasable","15":"product-type-simple"},"brands":[{"id":3598,"name":"Cold Steel","slug":"cold-steel-sk"}],"_links":{"self":[{"href":"https:\/\/www.moskito.cz\/sk\/wp-json\/wp\/v2\/product\/245254","targetHints":{"allow":["GET"]}}],"collection":[{"href":"https:\/\/www.moskito.cz\/sk\/wp-json\/wp\/v2\/product"}],"about":[{"href":"https:\/\/www.moskito.cz\/sk\/wp-json\/wp\/v2\/types\/product"}],"replies":[{"embeddable":true,"href":"https:\/\/www.moskito.cz\/sk\/wp-json\/wp\/v2\/comments?post=245254"}],"wp:featuredmedia":[{"embeddable":true,"href":"https:\/\/www.moskito.cz\/sk\/wp-json\/wp\/v2\/media\/229528"}],"wp:attachment":[{"href":"https:\/\/www.moskito.cz\/sk\/wp-json\/wp\/v2\/media?parent=245254"}],"wp:term":[{"taxonomy":"pwb-brand","embeddable":true,"href":"https:\/\/www.moskito.cz\/sk\/wp-json\/wp\/v2\/pwb-brand?post=245254"},{"taxonomy":"product_brand","embeddable":true,"href":"https:\/\/www.moskito.cz\/sk\/wp-json\/wp\/v2\/product_brand?post=245254"},{"taxonomy":"product_cat","embeddable":true,"href":"https:\/\/www.moskito.cz\/sk\/wp-json\/wp\/v2\/product_cat?post=245254"},{"taxonomy":"product_tag","embeddable":true,"href":"https:\/\/www.moskito.cz\/sk\/wp-json\/wp\/v2\/product_tag?post=245254"}],"curies":[{"name":"wp","href":"https:\/\/api.w.org\/{rel}","templated":true}]}}