{"id":245256,"date":"2022-11-05T14:35:33","date_gmt":"2022-11-05T13:35:33","guid":{"rendered":"https:\/\/www.moskito.cz\/produkt\/pevny-noz-cold-steel-razor-tek\/"},"modified":"2025-05-07T10:49:08","modified_gmt":"2025-05-07T09:49:08","slug":"pevny-noz-cold-steel-razor-tek","status":"publish","type":"product","link":"https:\/\/www.moskito.cz\/sk\/produkt\/pevny-noz-cold-steel-razor-tek\/","title":{"rendered":"Pevn\u00fd N\u00f4\u017e Cold Steel RAZOR TEK"},"content":{"rendered":"<p>Pevn\u00fd N\u00f4\u017e Cold Steel RAZOR TEK.<\/p>\n<p>\u010eal\u0161\u00edm krokom v rade Razor Tek je zni\u010duj\u00faca zakriven\u00e1 \u010depe\u013e. Zakriven\u00e1 \u010depe\u013e poskytuje v\u00fdhody dlh\u0161ieho ostrie a brucha vpredu. Tento tvar \u010depele pon\u00faka v\u00fdhody rezania pri na\u0165ahovan\u00ed alebo na\u0165ahovan\u00ed \u010depele. Skvel\u00e1 pevn\u00e1 \u010depe\u013e strednej ve\u013ekosti na spracovanie hier, bushcraft, pr\u00edpravu jedla, sekanie a kosenie. Kombin\u00e1ciou tvaru \u010depele s vysoko ergonomickou text\u00farovanou rukov\u00e4\u0165ou je tento n\u00f4\u017e pripraven\u00fd na va\u0161e \u010fal\u0161ie vonkaj\u0161ie dobrodru\u017estvo.<\/p>\n<p>PARAMETRE PRODUKTU<br \/>\nD\u013a\u017eka \u010depele: 127 mm<br \/>\nHr\u00fabka \u010depele: 3,2 mm<br \/>\nOce\u013e: 4116SS<br \/>\nD\u013a\u017eka rukov\u00e4te: 117 mm<br \/>\nFarba: \u010cierna\/Strieborn\u00e1<br \/>\nHmotnos\u0165: 204 g<br \/>\nCelkov\u00e1 ve\u013ekos\u0165: 244 mm<br \/>\nMateri\u00e1l rukov\u00e4te: GFN<\/p>\n","protected":false},"excerpt":{"rendered":"<p>Stredne ve\u013ek\u00fd n\u00f4\u017e s hladk\u00fdm ostr\u00edm a d\u013a\u017ekou \u010depele 127 mm. N\u00f4\u017e sa dod\u00e1va s puzdrom Secure-Ex.<\/p>\n","protected":false},"featured_media":229508,"comment_status":"open","ping_status":"closed","template":"","meta":[],"pwb-brand":[3598],"product_brand":[],"product_cat":[3186,3187],"product_tag":[],"class_list":{"0":"post-245256","1":"product","2":"type-product","3":"status-publish","4":"has-post-thumbnail","6":"pwb-brand-cold-steel-sk","7":"product_cat-noze-sk","8":"product_cat-pevne-noze-sk","10":"first","11":"instock","12":"taxable","13":"shipping-taxable","14":"purchasable","15":"product-type-simple"},"brands":[{"id":3598,"name":"Cold Steel","slug":"cold-steel-sk"}],"_links":{"self":[{"href":"https:\/\/www.moskito.cz\/sk\/wp-json\/wp\/v2\/product\/245256","targetHints":{"allow":["GET"]}}],"collection":[{"href":"https:\/\/www.moskito.cz\/sk\/wp-json\/wp\/v2\/product"}],"about":[{"href":"https:\/\/www.moskito.cz\/sk\/wp-json\/wp\/v2\/types\/product"}],"replies":[{"embeddable":true,"href":"https:\/\/www.moskito.cz\/sk\/wp-json\/wp\/v2\/comments?post=245256"}],"wp:featuredmedia":[{"embeddable":true,"href":"https:\/\/www.moskito.cz\/sk\/wp-json\/wp\/v2\/media\/229508"}],"wp:attachment":[{"href":"https:\/\/www.moskito.cz\/sk\/wp-json\/wp\/v2\/media?parent=245256"}],"wp:term":[{"taxonomy":"pwb-brand","embeddable":true,"href":"https:\/\/www.moskito.cz\/sk\/wp-json\/wp\/v2\/pwb-brand?post=245256"},{"taxonomy":"product_brand","embeddable":true,"href":"https:\/\/www.moskito.cz\/sk\/wp-json\/wp\/v2\/product_brand?post=245256"},{"taxonomy":"product_cat","embeddable":true,"href":"https:\/\/www.moskito.cz\/sk\/wp-json\/wp\/v2\/product_cat?post=245256"},{"taxonomy":"product_tag","embeddable":true,"href":"https:\/\/www.moskito.cz\/sk\/wp-json\/wp\/v2\/product_tag?post=245256"}],"curies":[{"name":"wp","href":"https:\/\/api.w.org\/{rel}","templated":true}]}}