{"id":245275,"date":"2023-04-02T17:17:51","date_gmt":"2023-04-02T16:17:51","guid":{"rendered":"https:\/\/www.moskito.cz\/produkt\/zatvaraci-noz-sog-key-knife-black-tech-specs\/"},"modified":"2025-05-07T10:49:09","modified_gmt":"2025-05-07T09:49:09","slug":"zatvaraci-noz-sog-key-knife-black-tech-specs","status":"publish","type":"product","link":"https:\/\/www.moskito.cz\/sk\/produkt\/zatvaraci-noz-sog-key-knife-black-tech-specs\/","title":{"rendered":"Zatv\u00e1rac\u00ed N\u00f4\u017e SOG KEY KNIFE BLACK TECH SPECS"},"content":{"rendered":"<p>Zatv\u00e1rac\u00ed N\u00f4\u017e <strong>SOG<\/strong> KEY KNIFE BLACK TECH SPECS<\/p>\n<p>Hovor\u00ed sa, \u017ee najlep\u0161\u00ed vreckov\u00fd n\u00f4\u017e je ten, ktor\u00fd m\u00e1te so sebou! S nov\u00fdm no\u017eom Key bu\u010fte v\u017edy pripraven\u00ed. Ide o prv\u00fd lockback svojho druhu. Otvorte svoje vedomie. Milujeme skuto\u010dnos\u0165, \u017ee si niekedy prajeme ma\u0165 vreckov\u00fd n\u00f4\u017e na \u010distenie prstov, prerezanie povrazu, otvorenie krabice, prerezanie nite. Teraz to rob\u00edme, v\u017edy. N\u00e1\u0161 nov\u00fd k\u013e\u00fa\u010dov\u00fd n\u00f4\u017e m\u00f4\u017ee zachr\u00e1ni\u0165 situ\u00e1ciu, pokia\u013e ho samozrejme nezamknete v kufri.<\/p>\n<p>Popis:<\/p>\n<p>Materi\u00e1l \u010depele: 5Cr13MoV<br \/>\nMateri\u00e1l rukov\u00e4te: Nerezov\u00e1 oce\u013e<br \/>\nPoistka: Backlock<br \/>\nD\u013a\u017eka \u010depele: 3.8 cm<br \/>\nCelkov\u00e1 d\u013a\u017eka: 10.2 cm<br \/>\nHr\u00fabka \u010depele: 2.5 mm<br \/>\nHmotnos\u0165: 19.8 g<\/p>\n","protected":false},"excerpt":{"rendered":"<p><strong>Zatv\u00e1rac\u00ed n\u00f4\u017e na k\u013e\u00fa\u010de s rukov\u00e4\u0165ou v tvare a ve\u013ekosti be\u017en\u00e9ho k\u013e\u00fa\u010da od domu.  <\/strong><\/p>\n","protected":false},"featured_media":245264,"comment_status":"open","ping_status":"closed","template":"","meta":[],"pwb-brand":[3231],"product_brand":[],"product_cat":[3186,3233],"product_tag":[3668],"class_list":{"0":"post-245275","1":"product","2":"type-product","3":"status-publish","4":"has-post-thumbnail","6":"pwb-brand-pevny-noz-sog-snarl","7":"product_cat-noze-sk","8":"product_cat-zatvaracie-noze","9":"product_tag-b2b-sk","11":"first","12":"outofstock","13":"taxable","14":"shipping-taxable","15":"purchasable","16":"product-type-simple"},"brands":[{"id":3231,"name":"Pevn\u00fd N\u00f4\u017e SOG SNARL","slug":"pevny-noz-sog-snarl"}],"_links":{"self":[{"href":"https:\/\/www.moskito.cz\/sk\/wp-json\/wp\/v2\/product\/245275","targetHints":{"allow":["GET"]}}],"collection":[{"href":"https:\/\/www.moskito.cz\/sk\/wp-json\/wp\/v2\/product"}],"about":[{"href":"https:\/\/www.moskito.cz\/sk\/wp-json\/wp\/v2\/types\/product"}],"replies":[{"embeddable":true,"href":"https:\/\/www.moskito.cz\/sk\/wp-json\/wp\/v2\/comments?post=245275"}],"wp:featuredmedia":[{"embeddable":true,"href":"https:\/\/www.moskito.cz\/sk\/wp-json\/wp\/v2\/media\/245264"}],"wp:attachment":[{"href":"https:\/\/www.moskito.cz\/sk\/wp-json\/wp\/v2\/media?parent=245275"}],"wp:term":[{"taxonomy":"pwb-brand","embeddable":true,"href":"https:\/\/www.moskito.cz\/sk\/wp-json\/wp\/v2\/pwb-brand?post=245275"},{"taxonomy":"product_brand","embeddable":true,"href":"https:\/\/www.moskito.cz\/sk\/wp-json\/wp\/v2\/product_brand?post=245275"},{"taxonomy":"product_cat","embeddable":true,"href":"https:\/\/www.moskito.cz\/sk\/wp-json\/wp\/v2\/product_cat?post=245275"},{"taxonomy":"product_tag","embeddable":true,"href":"https:\/\/www.moskito.cz\/sk\/wp-json\/wp\/v2\/product_tag?post=245275"}],"curies":[{"name":"wp","href":"https:\/\/api.w.org\/{rel}","templated":true}]}}