{"id":245321,"date":"2023-04-02T20:28:43","date_gmt":"2023-04-02T19:28:43","guid":{"rendered":"https:\/\/www.moskito.cz\/produkt\/zatvaraci-noz-chaves-knives-chaves-ultramar-redencion-street-satin-tanto-stonewashed\/"},"modified":"2025-05-07T10:49:09","modified_gmt":"2025-05-07T09:49:09","slug":"zatvaraci-noz-chaves-knives-chaves-ultramar-redencion-street-satin-tanto-stonewashed","status":"publish","type":"product","link":"https:\/\/www.moskito.cz\/sk\/produkt\/zatvaraci-noz-chaves-knives-chaves-ultramar-redencion-street-satin-tanto-stonewashed\/","title":{"rendered":"Zatv\u00e1rac\u00ed N\u00f4\u017e Chaves Knives Chaves Ultramar Redencion Street Satin Tanto Stonewashed"},"content":{"rendered":"<p>Zatv\u00e1rac\u00ed N\u00f4\u017e <strong>Chaves Knives<\/strong> Chaves Ultramar Redencion Street Satin Tanto Stonewashed<\/p>\n<p>No\u017ee Chaves Ultramar od Ramona Chaveza s\u00fa vyr\u00e1ban\u00e9 v \u010c\u00edne spolo\u010dnos\u0165ou Reate Knives a ich cie\u013eom je prinies\u0165 jeho \u00fa\u017easn\u00e9 no\u017ee \u0161ir\u0161ej z\u00e1kladni publika. Existuje cel\u00fd rad r\u00f4znych modelov vr\u00e1tane produk\u010dnej Street verzie jeho sl\u00e1vneho no\u017ea Redencion, ktor\u00fd je vo svete no\u017eov ikonick\u00fd. Ka\u017ed\u00fd z nich m\u00e1 svoje charakteristick\u00e9 tit\u00e1nov\u00e9 vrecko na lebku, vykladan\u00fa tit\u00e1nov\u00fa prezenta\u010dn\u00fa stupnicu, vymenite\u013en\u00fa vlo\u017eku z\u00e1mku a sat\u00e9nov\u00fa \u010depe\u013e Bohler M390 na opasku. S\u00fa perfektn\u00e9 na ka\u017edodenn\u00e9 nosenie a Reate dok\u00e1zal dokonale vytvori\u0165 Ramonovu neuverite\u013en\u00fa akciu, tak\u017ee sa ot\u00e1\u010daj\u00fa ako skuto\u010dn\u00e9 veci!<\/p>\n<p>Tento Redencion Street je na rovnakej \u00farovni ako Chaves American Made 228, pokia\u013e ide o strih a povrchov\u00fa \u00fapravu&#8230; v\u0161etko v\u0161etko okrem ve\u013ekosti. Toto je zmen\u0161en\u00fd model Redencion, ktor\u00fd je navrhnut\u00fd na ka\u017edodenn\u00e9 nosenie a m\u00f4\u017ee to by\u0165 jednoducho perfektn\u00fd n\u00f4\u017e. Ve\u013ekos\u0165 je \u00faplne na mieste a prekl\u00e1panie pomocou dvoch palcov\u00fdch kol\u00edkov a palca alebo prostredn\u00edka je raketovo r\u00fdchle. Zlo\u017een\u00e1 tanto \u010depe\u013e m\u00e1 sat\u00e9nov\u00fa povrchov\u00fa \u00fapravu a je sp\u00e1rovan\u00e1 s hranatou tit\u00e1novou rukov\u00e4\u0165ou. R\u00e1mov\u00fd z\u00e1mok je vybaven\u00fd vymenite\u013enou vlo\u017ekou lockbaru a n\u00f4\u017e je doplnen\u00fd \u010diasto\u010dn\u00fdm tit\u00e1nov\u00fdm backspacerom. Ak je Ramon Chavez na va\u0161om zozname prian\u00ed nejak\u00fa dobu, ale zost\u00e1va mimo va\u0161ej ceny, potom sa pozrite na Chaves Ultramar. Za tie peniaze neexistuje lep\u0161\u00ed produk\u010dn\u00fd n\u00f4\u017e stredn\u00e9ho typu, ktor\u00fd si dok\u00e1\u017eeme predstavi\u0165.<\/p>\n<p>\u0160pecifik\u00e1cia<br \/>\nD\u013a\u017eka \u010depele: 8.12 cm<br \/>\nCelkov\u00e1 d\u013a\u017eka: 18.75 cm<br \/>\nMateri\u00e1l \u010depele: Nerezov\u00e1 oce\u013e Bohler M390<br \/>\n\u0160t\u00fdl \u010depele: Tanto<br \/>\nPovrchov\u00e1 \u00faprava \u010depele: Belt Satin<br \/>\nMateri\u00e1l rukov\u00e4te: Stonewashed Titan<br \/>\nUzamykac\u00ed mechanizmus: R\u00e1m<br \/>\nZostava \u010dapu: Lo\u017eisk\u00e1<br \/>\nVreckov\u00e1 spona: Stonewashed Titan (Tip-Up, Right Carry)<br \/>\nHmotnos\u0165: 5,22 oz.<br \/>\nDizajn\u00e9r: Ramon Chavez<br \/>\nTit\u00e1nov\u00fd Backspacer<br \/>\nVymenite\u013en\u00e1 vlo\u017eka z\u00e1mku\/poistka prejdenia<br \/>\nDodato\u010dn\u00e1 vreckov\u00e1 spona<\/p>\n","protected":false},"excerpt":{"rendered":"<p><strong>No\u017ee Chaves s\u00fa vyroben\u00e9 na n\u00e1ro\u010dn\u00e9 pou\u017eitie a s\u00fa vyroben\u00e9 z t\u00fdch najlep\u0161\u00edch materi\u00e1lov pre odolnos\u0165 a zachovanie ostria. Viac ako len funk\u010dn\u00fd n\u00f4\u017e, seri\u00f3zny rezn\u00fd n\u00e1stroj, ktor\u00fd vydr\u017e\u00ed po cel\u00fd \u017eivot.<\/strong><\/p>\n<p><strong>Ramon a Lorrie Chavezovci.<\/strong><\/p>\n","protected":false},"featured_media":245307,"comment_status":"open","ping_status":"closed","template":"","meta":[],"pwb-brand":[3251],"product_brand":[],"product_cat":[3186,3233],"product_tag":[3668],"class_list":{"0":"post-245321","1":"product","2":"type-product","3":"status-publish","4":"has-post-thumbnail","6":"pwb-brand-propiska-chaves-knives-ultramar-bolt-action-pen-stonewashed-dots-titanium-ink-pen","7":"product_cat-noze-sk","8":"product_cat-zatvaracie-noze","9":"product_tag-b2b-sk","11":"first","12":"outofstock","13":"taxable","14":"shipping-taxable","15":"purchasable","16":"product-type-simple"},"brands":[{"id":3251,"name":"Propiska Chaves Knives Ultramar Bolt Action Pen Stonewashed Dots Titanium Ink Pen","slug":"propiska-chaves-knives-ultramar-bolt-action-pen-stonewashed-dots-titanium-ink-pen"}],"_links":{"self":[{"href":"https:\/\/www.moskito.cz\/sk\/wp-json\/wp\/v2\/product\/245321","targetHints":{"allow":["GET"]}}],"collection":[{"href":"https:\/\/www.moskito.cz\/sk\/wp-json\/wp\/v2\/product"}],"about":[{"href":"https:\/\/www.moskito.cz\/sk\/wp-json\/wp\/v2\/types\/product"}],"replies":[{"embeddable":true,"href":"https:\/\/www.moskito.cz\/sk\/wp-json\/wp\/v2\/comments?post=245321"}],"wp:featuredmedia":[{"embeddable":true,"href":"https:\/\/www.moskito.cz\/sk\/wp-json\/wp\/v2\/media\/245307"}],"wp:attachment":[{"href":"https:\/\/www.moskito.cz\/sk\/wp-json\/wp\/v2\/media?parent=245321"}],"wp:term":[{"taxonomy":"pwb-brand","embeddable":true,"href":"https:\/\/www.moskito.cz\/sk\/wp-json\/wp\/v2\/pwb-brand?post=245321"},{"taxonomy":"product_brand","embeddable":true,"href":"https:\/\/www.moskito.cz\/sk\/wp-json\/wp\/v2\/product_brand?post=245321"},{"taxonomy":"product_cat","embeddable":true,"href":"https:\/\/www.moskito.cz\/sk\/wp-json\/wp\/v2\/product_cat?post=245321"},{"taxonomy":"product_tag","embeddable":true,"href":"https:\/\/www.moskito.cz\/sk\/wp-json\/wp\/v2\/product_tag?post=245321"}],"curies":[{"name":"wp","href":"https:\/\/api.w.org\/{rel}","templated":true}]}}