{"id":245392,"date":"2023-04-03T19:18:19","date_gmt":"2023-04-03T18:18:19","guid":{"rendered":"https:\/\/www.moskito.cz\/produkt\/pevny-noz-cold-steel-bird-game\/"},"modified":"2025-05-07T10:49:12","modified_gmt":"2025-05-07T09:49:12","slug":"pevny-noz-cold-steel-bird-game","status":"publish","type":"product","link":"https:\/\/www.moskito.cz\/sk\/produkt\/pevny-noz-cold-steel-bird-game\/","title":{"rendered":"Pevn\u00fd N\u00f4\u017e Cold Steel BIRD &#038; GAME"},"content":{"rendered":"<p>Pevn\u00fd N\u00f4\u017e Cold Steel BIRD &amp; GAME<\/p>\n<p>Cold Steel Bird &amp; Game je \u013eahk\u00fd n\u00f4\u017e, ktor\u00fd mus\u00edte ma\u0165, ktor\u00fd je perfektnou vo\u013ebou, ke\u010f je v\u00e1ha skuto\u010dne d\u00f4le\u017eit\u00fdm faktorom. Je to jednoduch\u00e1, pln\u00e1 kon\u0161trukcia popiera mno\u017estvo dizajnov\u00fdch nu\u00e1ns, ktor\u00e9 \u010doskoro pochopia ka\u017ed\u00fd lovec, survivalista alebo outdoorsman. Jednoducho povedan\u00e9, akon\u00e1hle budete ma\u0165 tento n\u00f4\u017e v ruke, zamilujete si ho! Bird &amp; Game, in\u0161pirovan\u00fd na\u0161\u00edm ve\u013emi ob\u013e\u00faben\u00fdm no\u017eom na vt\u00e1ky a pstruhy a preberaj\u00face dizajnov\u00e9 podnety z na\u0161ej s\u00e9rie Spike, je navrhnut\u00fd na pou\u017eitie v mal\u00fdch hr\u00e1ch, ale je viac ako schopn\u00fd spracova\u0165 ve\u013ek\u00fa zver v malom po\u010dte. Integrovan\u00fd prstenec na prst (spojen\u00fd so stupnicou na rukov\u00e4ti s text\u00farou) umo\u017e\u0148uje u\u017e\u00edvate\u013eovi bezpe\u010dne dr\u017ea\u0165 \u010depe\u013e a dokonca ju necha\u0165 visie\u0165 z prsta pri pr\u00e1ci na obzvl\u00e1\u0161\u0165 zlo\u017eit\u00fdch alebo jemn\u00fdch \u00faloh\u00e1ch. Japonsk\u00e1 \u010depe\u013e AUS8A ostr\u00e1 ako britva Bird &amp; Game bola odborne tepelne spracovan\u00e1 pre dlh\u00fa \u017eivotnos\u0165, pri\u010dom jej op\u00e4tovn\u00e9 naostrenie v ter\u00e9ne je st\u00e1le hra\u010dkou. Bird &amp; Game, v\u00e1\u017eiaci iba 1,4 oz., je lacn\u00fd, super \u013eahk\u00fd po\u013eovn\u00fd n\u00e1stroj, ktor\u00fd mo\u017eno ulo\u017ei\u0165 do ta\u0161ky alebo batohu alebo dokonca zavesi\u0165 na retiazku na krk.<br \/>\nPopis:<\/p>\n<p>D\u013a\u017eka rukov\u00e4te: 9.52 cm<br \/>\nFarba: Oce\u013eovo \u0161ed\u00e1<br \/>\nMateri\u00e1l puzdra: Secure-Ex\u00ae Neck Sheath &amp; Bead Chain Lanyard<br \/>\nHr\u00fabka \u010depele: 0.25 cm<br \/>\nCelkov\u00e1 ve\u013ekos\u0165: 18.4 cm<br \/>\nMateri\u00e1l rukov\u00e4te: Long Polymer Grip<br \/>\nHmotnos\u0165: 39,6 g<br \/>\nD\u013a\u017eka \u010depele: 8.89 cm<br \/>\nOce\u013e: Japanese AUS 8A Stainless<\/p>\n","protected":false},"excerpt":{"rendered":"<p>V\u00e1\u017ei iba 40g., Bird &amp; Game je lacn\u00fd, super \u013eahk\u00fd po\u013eovn\u00fd n\u00e1stroj, ktor\u00fd m\u00f4\u017ee by\u0165 ulo\u017een\u00fd v ta\u0161ke, alebo dokonca zavesen\u00fd na retiazke okolo krku.<\/p>\n","protected":false},"featured_media":245390,"comment_status":"open","ping_status":"closed","template":"","meta":[],"pwb-brand":[3598],"product_brand":[],"product_cat":[3187,3186],"product_tag":[3668],"class_list":{"0":"post-245392","1":"product","2":"type-product","3":"status-publish","4":"has-post-thumbnail","6":"pwb-brand-cold-steel-sk","7":"product_cat-pevne-noze-sk","8":"product_cat-noze-sk","9":"product_tag-b2b-sk","11":"first","12":"instock","13":"taxable","14":"shipping-taxable","15":"purchasable","16":"product-type-simple"},"brands":[{"id":3598,"name":"Cold Steel","slug":"cold-steel-sk"}],"_links":{"self":[{"href":"https:\/\/www.moskito.cz\/sk\/wp-json\/wp\/v2\/product\/245392","targetHints":{"allow":["GET"]}}],"collection":[{"href":"https:\/\/www.moskito.cz\/sk\/wp-json\/wp\/v2\/product"}],"about":[{"href":"https:\/\/www.moskito.cz\/sk\/wp-json\/wp\/v2\/types\/product"}],"replies":[{"embeddable":true,"href":"https:\/\/www.moskito.cz\/sk\/wp-json\/wp\/v2\/comments?post=245392"}],"wp:featuredmedia":[{"embeddable":true,"href":"https:\/\/www.moskito.cz\/sk\/wp-json\/wp\/v2\/media\/245390"}],"wp:attachment":[{"href":"https:\/\/www.moskito.cz\/sk\/wp-json\/wp\/v2\/media?parent=245392"}],"wp:term":[{"taxonomy":"pwb-brand","embeddable":true,"href":"https:\/\/www.moskito.cz\/sk\/wp-json\/wp\/v2\/pwb-brand?post=245392"},{"taxonomy":"product_brand","embeddable":true,"href":"https:\/\/www.moskito.cz\/sk\/wp-json\/wp\/v2\/product_brand?post=245392"},{"taxonomy":"product_cat","embeddable":true,"href":"https:\/\/www.moskito.cz\/sk\/wp-json\/wp\/v2\/product_cat?post=245392"},{"taxonomy":"product_tag","embeddable":true,"href":"https:\/\/www.moskito.cz\/sk\/wp-json\/wp\/v2\/product_tag?post=245392"}],"curies":[{"name":"wp","href":"https:\/\/api.w.org\/{rel}","templated":true}]}}