{"id":245398,"date":"2023-04-03T19:35:30","date_gmt":"2023-04-03T18:35:30","guid":{"rendered":"https:\/\/www.moskito.cz\/produkt\/pevny-noz-cold-steel-srk-compact-sk-5\/"},"modified":"2023-04-03T19:35:30","modified_gmt":"2023-04-03T18:35:30","slug":"pevny-noz-cold-steel-srk-compact-sk-5","status":"publish","type":"product","link":"https:\/\/www.moskito.cz\/sk\/produkt\/pevny-noz-cold-steel-srk-compact-sk-5\/","title":{"rendered":"Pevn\u00fd N\u00f4\u017e Cold Steel SRK Compact (SK-5)"},"content":{"rendered":"<p>Pevn\u00fd N\u00f4\u017e Cold Steel SRK Compact (SK-5)<\/p>\n<p>Teraz m\u00f4\u017eete z\u00edska\u0165 takmer v\u0161etok v\u00fdkon SRK v podstatne krat\u0161om, \u013eah\u0161om a ten\u0161om balen\u00ed. Navrhnut\u00e9 v\u00fdslovne pre t\u00fdch, ktor\u00ed chc\u00fa alebo potrebuj\u00fa n\u00edzkoprofilov\u00fa pevn\u00fa \u010depe\u013e. Kompakt SRK je takmer zrkadlov\u00fdm obrazom svojho ve\u013ek\u00e9ho brata so v\u0161etk\u00fdmi funkciami, ktor\u00e9 m\u00f4\u017eete o\u010dak\u00e1va\u0165. Dod\u00e1va sa so super pevn\u00fdm puzdrom Secure-Ex a je to \u013eahk\u00fd z\u00e1zrak, ktor\u00fd si budete ceni\u0165 po mnoho rokov.<\/p>\n<p>Popis:<br \/>\nMateri\u00e1l \u010depele: SK-5<br \/>\nMateri\u00e1l rukov\u00e4te: Kray-Ex<br \/>\nMateri\u00e1l puzdra: Nylon, Secure-Ex<br \/>\nD\u013a\u017eka \u010depele: 12.7 cm<br \/>\nCelkov\u00e1 d\u013a\u017eka: 24.1 cm<br \/>\nD\u013a\u017eka rukov\u00e4te: 11.4 cm<br \/>\nHr\u00fabka \u010depele: 4 mm<br \/>\nHmotnos\u0165: 145 g<\/p>\n","protected":false},"excerpt":{"rendered":"<p>SRK Compact je skr\u00e1ten\u00e1 verzia popul\u00e1rneho SRK, pevn\u00e9ho no\u017ea s hladk\u00fdm ostr\u00edm. Bol vyvinut\u00fd na pre\u017eitie a z\u00e1chrann\u00e9 oper\u00e1cie vy\u017eaduj\u00face v\u0161estrann\u00fd n\u00f4\u017e, ktor\u00fd dok\u00e1\u017ee odola\u0165 extr\u00e9mnym podmienkam.<\/p>\n","protected":false},"featured_media":245396,"comment_status":"open","ping_status":"closed","template":"","meta":[],"pwb-brand":[3598],"product_brand":[],"product_cat":[3187,3186],"product_tag":[],"class_list":{"0":"post-245398","1":"product","2":"type-product","3":"status-publish","4":"has-post-thumbnail","6":"pwb-brand-cold-steel-sk","7":"product_cat-pevne-noze-sk","8":"product_cat-noze-sk","10":"first","11":"outofstock","12":"taxable","13":"shipping-taxable","14":"purchasable","15":"product-type-simple"},"brands":[{"id":3598,"name":"Cold Steel","slug":"cold-steel-sk"}],"_links":{"self":[{"href":"https:\/\/www.moskito.cz\/sk\/wp-json\/wp\/v2\/product\/245398","targetHints":{"allow":["GET"]}}],"collection":[{"href":"https:\/\/www.moskito.cz\/sk\/wp-json\/wp\/v2\/product"}],"about":[{"href":"https:\/\/www.moskito.cz\/sk\/wp-json\/wp\/v2\/types\/product"}],"replies":[{"embeddable":true,"href":"https:\/\/www.moskito.cz\/sk\/wp-json\/wp\/v2\/comments?post=245398"}],"wp:featuredmedia":[{"embeddable":true,"href":"https:\/\/www.moskito.cz\/sk\/wp-json\/wp\/v2\/media\/245396"}],"wp:attachment":[{"href":"https:\/\/www.moskito.cz\/sk\/wp-json\/wp\/v2\/media?parent=245398"}],"wp:term":[{"taxonomy":"pwb-brand","embeddable":true,"href":"https:\/\/www.moskito.cz\/sk\/wp-json\/wp\/v2\/pwb-brand?post=245398"},{"taxonomy":"product_brand","embeddable":true,"href":"https:\/\/www.moskito.cz\/sk\/wp-json\/wp\/v2\/product_brand?post=245398"},{"taxonomy":"product_cat","embeddable":true,"href":"https:\/\/www.moskito.cz\/sk\/wp-json\/wp\/v2\/product_cat?post=245398"},{"taxonomy":"product_tag","embeddable":true,"href":"https:\/\/www.moskito.cz\/sk\/wp-json\/wp\/v2\/product_tag?post=245398"}],"curies":[{"name":"wp","href":"https:\/\/api.w.org\/{rel}","templated":true}]}}